{"id":11324,"date":"2021-04-30T18:37:14","date_gmt":"2021-04-30T18:37:14","guid":{"rendered":"https:\/\/cardouro.pt\/?page_id=11324"},"modified":"2021-05-12T22:37:41","modified_gmt":"2021-05-12T22:37:41","slug":"motas","status":"publish","type":"page","link":"https:\/\/cardouro.pt\/en\/motas\/","title":{"rendered":"Motorcycles"},"content":{"rendered":"<div data-elementor-type=\"wp-page\" data-elementor-id=\"11324\" class=\"elementor elementor-11324\" data-elementor-settings=\"[]\">\n\t\t\t\t\t\t\t<div class=\"elementor-section-wrap\">\n\t\t\t\t\t\t\t<section class=\"elementor-section elementor-top-section elementor-element elementor-element-73f989d elementor-section-full_width elementor-section-height-min-height elementor-section-items-stretch elementor-section-content-middle elementor-section-height-default\" data-id=\"73f989d\" data-element_type=\"section\" data-settings=\"{&quot;background_background&quot;:&quot;classic&quot;}\">\n\t\t\t\t\t\t\t<div class=\"elementor-background-overlay\"><\/div>\n\t\t\t\t\t\t\t<div class=\"elementor-container elementor-column-gap-default\">\n\t\t\t\t\t<div class=\"elementor-column elementor-col-100 elementor-top-column elementor-element elementor-element-872c8bd\" data-id=\"872c8bd\" data-element_type=\"column\" data-settings=\"{&quot;background_background&quot;:&quot;gradient&quot;}\">\n\t\t\t<div class=\"elementor-widget-wrap elementor-element-populated\">\n\t\t\t\t\t\t\t\t<div class=\"elementor-element elementor-element-2bdfebb elementor-widget elementor-widget-heading\" data-id=\"2bdfebb\" data-element_type=\"widget\" data-widget_type=\"heading.default\">\n\t\t\t\t<div class=\"elementor-widget-container\">\n\t\t\t<h2 class=\"elementor-heading-title elementor-size-default\">Motorcycles<\/h2>\t\t<\/div>\n\t\t\t\t<\/div>\n\t\t\t\t\t<\/div>\n\t\t<\/div>\n\t\t\t\t\t\t\t<\/div>\n\t\t<\/section>\n\t\t\t\t<section class=\"elementor-section elementor-top-section elementor-element elementor-element-ae14c93 elementor-section-boxed elementor-section-height-default elementor-section-height-default\" data-id=\"ae14c93\" data-element_type=\"section\" data-settings=\"{&quot;background_background&quot;:&quot;classic&quot;}\">\n\t\t\t\t\t\t<div class=\"elementor-container elementor-column-gap-default\">\n\t\t\t\t\t<div class=\"elementor-column elementor-col-100 elementor-top-column elementor-element elementor-element-1e95de9\" data-id=\"1e95de9\" data-element_type=\"column\" data-settings=\"{&quot;background_background&quot;:&quot;classic&quot;}\">\n\t\t\t<div class=\"elementor-widget-wrap elementor-element-populated\">\n\t\t\t\t\t\t\t\t<div class=\"elementor-element elementor-element-484b5ad elementor-grid-2 elementor-posts--thumbnail-top elementor-grid-tablet-2 elementor-grid-mobile-1 elementor-widget elementor-widget-posts\" data-id=\"484b5ad\" data-element_type=\"widget\" data-settings=\"{&quot;custom_row_gap&quot;:{&quot;unit&quot;:&quot;px&quot;,&quot;size&quot;:25,&quot;sizes&quot;:[]},&quot;custom_columns&quot;:&quot;2&quot;,&quot;custom_columns_tablet&quot;:&quot;2&quot;,&quot;custom_columns_mobile&quot;:&quot;1&quot;}\" data-widget_type=\"posts.custom\">\n\t\t\t\t<div class=\"elementor-widget-container\">\n\t\t\t      <div class=\"ecs-posts elementor-posts-container elementor-posts   elementor-grid elementor-posts--skin-custom\" data-settings=\"{&quot;current_page&quot;:1,&quot;max_num_pages&quot;:1,&quot;load_method&quot;:&quot;&quot;,&quot;widget_id&quot;:&quot;484b5ad&quot;,&quot;post_id&quot;:11324,&quot;theme_id&quot;:11324,&quot;change_url&quot;:false,&quot;reinit_js&quot;:false}\">\n      \t\t<article id=\"post-25897\" class=\"elementor-post elementor-grid-item ecs-post-loop post-25897 listings type-listings status-publish has-post-thumbnail hentry condition-usado make-yamaha serie-tmax versao-xp560d fuel-gasolina retoma-sim financiamento-sim segmento-motociclo exterior-color-azul transmission-automatica garantia-18-meses origem-portugal livro-de-revisoes-completo-sim fumador-sim 2-chave-sim estofos-pele cor-interior-preto destaque-destaques veiculos-motociclo stm_additional_features-abs stm_additional_features-apoio-lombar-pendura stm_additional_features-arranque-eletrico stm_additional_features-bluetooth stm_additional_features-computador-de-bordo stm_additional_features-controlo-tracao stm_additional_features-cruise-control stm_additional_features-descanso-central stm_additional_features-farois-led stm_additional_features-punhos-aquecidos stm_additional_features-suporte-malas stm_additional_features-top-case stm_additional_features-travao-de-disco\">\n\t\t\t\t<div data-elementor-type=\"loop\" data-elementor-id=\"11398\" class=\"elementor elementor-11398 post-25897 listings type-listings status-publish has-post-thumbnail hentry condition-usado make-yamaha serie-tmax versao-xp560d fuel-gasolina retoma-sim financiamento-sim segmento-motociclo exterior-color-azul transmission-automatica garantia-18-meses origem-portugal livro-de-revisoes-completo-sim fumador-sim 2-chave-sim estofos-pele cor-interior-preto destaque-destaques veiculos-motociclo stm_additional_features-abs stm_additional_features-apoio-lombar-pendura stm_additional_features-arranque-eletrico stm_additional_features-bluetooth stm_additional_features-computador-de-bordo stm_additional_features-controlo-tracao stm_additional_features-cruise-control stm_additional_features-descanso-central stm_additional_features-farois-led stm_additional_features-punhos-aquecidos stm_additional_features-suporte-malas stm_additional_features-top-case stm_additional_features-travao-de-disco\" data-elementor-settings=\"[]\">\n\t\t<div class=\"elementor-section-wrap\">\n\t\t\t<style>#post-25897 .elementor-11398 .elementor-element.elementor-element-2577683:not(.elementor-motion-effects-element-type-background), #post-25897 .elementor-11398 .elementor-element.elementor-element-2577683 > .elementor-motion-effects-container > .elementor-motion-effects-layer{background-image: url(\"https:\/\/cardouro.pt\/wp-content\/uploads\/2024\/10\/IMG_1455-scaled.jpg\");}<\/style>\t\t<section class=\"elementor-section elementor-top-section elementor-element elementor-element-2577683 elementor-hidden-phone elementor-section-boxed elementor-section-height-default elementor-section-height-default\" data-id=\"2577683\" data-element_type=\"section\" data-settings=\"{&quot;background_background&quot;:&quot;classic&quot;}\">\n\t\t\t\t\t\t\t<div class=\"elementor-background-overlay\"><\/div>\n\t\t\t\t\t\t\t<div class=\"elementor-container elementor-column-gap-default\">\n\t\t\t\t\t<div class=\"elementor-column elementor-col-50 elementor-top-column elementor-element elementor-element-57c4807\" data-id=\"57c4807\" data-element_type=\"column\">\n\t\t\t<div class=\"elementor-widget-wrap elementor-element-populated\">\n\t\t\t\t\t\t\t\t<div class=\"elementor-element elementor-element-767ecd0 elementor-widget elementor-widget-heading\" data-id=\"767ecd0\" data-element_type=\"widget\" data-widget_type=\"heading.default\">\n\t\t\t\t<div class=\"elementor-widget-container\">\n\t\t\t<h3 class=\"elementor-heading-title elementor-size-default\"><a href=\"https:\/\/cardouro.pt\/en\/veiculos\/yamaha-tmax-xp560d\/\">YAMAHA TMAX XP560D<\/a><\/h3>\t\t<\/div>\n\t\t\t\t<\/div>\n\t\t\t\t<div class=\"elementor-element elementor-element-1ae45e4 elementor-widget elementor-widget-image\" data-id=\"1ae45e4\" data-element_type=\"widget\" data-widget_type=\"image.default\">\n\t\t\t\t<div class=\"elementor-widget-container\">\n\t\t\t\t\t\t\t\t\t\t\t\t\t\t\t\t<a href=\"https:\/\/cardouro.pt\/en\/veiculos\/yamaha-tmax-xp560d\/\">\n\t\t\t\t\t\t\t<img width=\"300\" height=\"225\" src=\"https:\/\/cardouro.pt\/wp-content\/uploads\/2024\/10\/IMG_1455-300x225.jpg\" class=\"attachment-medium size-medium\" alt=\"\" srcset=\"https:\/\/cardouro.pt\/wp-content\/uploads\/2024\/10\/IMG_1455-300x225.jpg 300w, https:\/\/cardouro.pt\/wp-content\/uploads\/2024\/10\/IMG_1455-1024x768.jpg 1024w, https:\/\/cardouro.pt\/wp-content\/uploads\/2024\/10\/IMG_1455-768x576.jpg 768w, https:\/\/cardouro.pt\/wp-content\/uploads\/2024\/10\/IMG_1455-1536x1152.jpg 1536w, https:\/\/cardouro.pt\/wp-content\/uploads\/2024\/10\/IMG_1455-scaled.jpg 2048w, https:\/\/cardouro.pt\/wp-content\/uploads\/2024\/10\/IMG_1455-16x12.jpg 16w, https:\/\/cardouro.pt\/wp-content\/uploads\/2024\/10\/IMG_1455-275x205.jpg 275w, https:\/\/cardouro.pt\/wp-content\/uploads\/2024\/10\/IMG_1455-550x410.jpg 550w, https:\/\/cardouro.pt\/wp-content\/uploads\/2024\/10\/IMG_1455-scaled-266x200.jpg 266w, https:\/\/cardouro.pt\/wp-content\/uploads\/2024\/10\/IMG_1455-scaled-600x450.jpg 600w\" sizes=\"(max-width: 300px) 100vw, 300px\" \/>\t\t\t\t\t\t\t\t<\/a>\n\t\t\t\t\t\t\t\t\t\t\t\t\t\t\t<\/div>\n\t\t\t\t<\/div>\n\t\t\t\t\t<\/div>\n\t\t<\/div>\n\t\t\t\t<div class=\"elementor-column elementor-col-50 elementor-top-column elementor-element elementor-element-6cb7329\" data-id=\"6cb7329\" data-element_type=\"column\" data-settings=\"{&quot;background_background&quot;:&quot;classic&quot;}\">\n\t\t\t<div class=\"elementor-widget-wrap elementor-element-populated\">\n\t\t\t\t\t\t<!-- hidden widget -->\t\t<div class=\"elementor-element elementor-element-626b389 dc-has-condition dc-condition-equal elementor-widget elementor-widget-heading\" data-id=\"626b389\" data-element_type=\"widget\" data-widget_type=\"heading.default\">\n\t\t\t\t<div class=\"elementor-widget-container\">\n\t\t\t<div class=\"elementor-heading-title elementor-size-default\"><a href=\"https:\/\/cardouro.pt\/en\/veiculos\/yamaha-tmax-xp560d\/\">SOLD<\/a><\/div>\t\t<\/div>\n\t\t\t\t<\/div>\n\t\t\t\t<div class=\"elementor-element elementor-element-e3e5d65 elementor-icon-list--layout-traditional elementor-list-item-link-full_width elementor-widget elementor-widget-icon-list\" data-id=\"e3e5d65\" data-element_type=\"widget\" data-widget_type=\"icon-list.default\">\n\t\t\t\t<div class=\"elementor-widget-container\">\n\t\t\t\t\t<ul class=\"elementor-icon-list-items\">\n\t\t\t\t\t\t\t<li class=\"elementor-icon-list-item\">\n\t\t\t\t\t<a href=\"https:\/\/cardouro.pt\/en\/veiculos\/yamaha-tmax-xp560d\/\">\t\t\t\t\t\t<span class=\"elementor-icon-list-icon\">\n\t\t\t\t\t\t\t<i aria-hidden=\"true\" class=\"fas fa-car\"><\/i>\t\t\t\t\t\t<\/span>\n\t\t\t\t\t\t\t\t\t\t<span class=\"elementor-icon-list-text\">azul<\/span>\n\t\t\t\t\t\t\t\t\t\t\t<\/a>\n\t\t\t\t\t\t\t\t\t<\/li>\n\t\t\t\t\t\t\t\t<li class=\"elementor-icon-list-item\">\n\t\t\t\t\t<a href=\"https:\/\/cardouro.pt\/en\/veiculos\/yamaha-tmax-xp560d\/\">\t\t\t\t\t\t<span class=\"elementor-icon-list-icon\">\n\t\t\t\t\t\t\t<i aria-hidden=\"true\" class=\"fas fa-gas-pump\"><\/i>\t\t\t\t\t\t<\/span>\n\t\t\t\t\t\t\t\t\t\t<span class=\"elementor-icon-list-text\">Gasoline<\/span>\n\t\t\t\t\t\t\t\t\t\t\t<\/a>\n\t\t\t\t\t\t\t\t\t<\/li>\n\t\t\t\t\t\t\t\t<li class=\"elementor-icon-list-item\">\n\t\t\t\t\t<a href=\"https:\/\/cardouro.pt\/en\/veiculos\/yamaha-tmax-xp560d\/\">\t\t\t\t\t\t<span class=\"elementor-icon-list-icon\">\n\t\t\t\t\t\t\t<i aria-hidden=\"true\" class=\"fas fa-road\"><\/i>\t\t\t\t\t\t<\/span>\n\t\t\t\t\t\t\t\t\t\t<span class=\"elementor-icon-list-text\">1800 km<\/span>\n\t\t\t\t\t\t\t\t\t\t\t<\/a>\n\t\t\t\t\t\t\t\t\t<\/li>\n\t\t\t\t\t\t\t\t<li class=\"elementor-icon-list-item\">\n\t\t\t\t\t<a href=\"https:\/\/cardouro.pt\/en\/veiculos\/yamaha-tmax-xp560d\/\">\t\t\t\t\t\t<span class=\"elementor-icon-list-icon\">\n\t\t\t\t\t\t\t<svg xmlns=\"http:\/\/www.w3.org\/2000\/svg\" viewbox=\"0 0 512 512\"><g id=\"Camada_2\" data-name=\"Camada 2\"><g id=\"Layer_1\" data-name=\"Layer 1\"><path d=\"M278,381.05V276H405a60.07,60.07,0,0,0,60-60V131a67,67,0,1,0-40,0V216a20,20,0,0,1-20,20H278V131a67,67,0,1,0-40,0V236H107a20,20,0,0,1-20-20V131a67,67,0,1,0-40,0V216a59.77,59.77,0,0,0,15.33,40A59.75,59.75,0,0,0,47,296v85.05a67,67,0,1,0,40,0V296a20,20,0,0,1,20-20H238V381.05a67,67,0,1,0,40,0ZM445,40a27,27,0,1,1-27,27A27,27,0,0,1,445,40ZM258,40a27,27,0,1,1-27,27A27,27,0,0,1,258,40ZM67,40A27,27,0,1,1,40,67,27,27,0,0,1,67,40Zm0,432a27,27,0,1,1,27-27A27,27,0,0,1,67,472Zm191,0a27,27,0,1,1,27-27A27,27,0,0,1,258,472Zm254-76.5A55.57,55.57,0,0,0,456.5,340H390V512h40V451h5.32l31.07,61h44.89L478,446.66A55.58,55.58,0,0,0,512,395.5ZM430,380h26.5a15.5,15.5,0,0,1,0,31H430Z\"><\/path><\/g><\/g><\/svg>\t\t\t\t\t\t<\/span>\n\t\t\t\t\t\t\t\t\t\t<span class=\"elementor-icon-list-text\">Auto<\/span>\n\t\t\t\t\t\t\t\t\t\t\t<\/a>\n\t\t\t\t\t\t\t\t\t<\/li>\n\t\t\t\t\t\t\t\t<li class=\"elementor-icon-list-item\">\n\t\t\t\t\t<a href=\"https:\/\/cardouro.pt\/en\/veiculos\/yamaha-tmax-xp560d\/\">\t\t\t\t\t\t<span class=\"elementor-icon-list-icon\">\n\t\t\t\t\t\t\t<i aria-hidden=\"true\" class=\"fas fa-user-friends\"><\/i>\t\t\t\t\t\t<\/span>\n\t\t\t\t\t\t\t\t\t\t<span class=\"elementor-icon-list-text\"><\/span>\n\t\t\t\t\t\t\t\t\t\t\t<\/a>\n\t\t\t\t\t\t\t\t\t<\/li>\n\t\t\t\t\t\t<\/ul>\n\t\t\t\t<\/div>\n\t\t\t\t<\/div>\n\t\t\t\t\t<\/div>\n\t\t<\/div>\n\t\t\t\t\t\t\t<\/div>\n\t\t<\/section>\n\t\t\t\t<section class=\"elementor-section elementor-top-section elementor-element elementor-element-ffee5cf elementor-hidden-desktop elementor-hidden-tablet elementor-section-boxed elementor-section-height-default elementor-section-height-default\" data-id=\"ffee5cf\" data-element_type=\"section\">\n\t\t\t\t\t\t<div class=\"elementor-container elementor-column-gap-default\">\n\t\t\t<style>#post-25897 .elementor-11398 .elementor-element.elementor-element-aed3ec7:not(.elementor-motion-effects-element-type-background) > .elementor-widget-wrap, #post-25897 .elementor-11398 .elementor-element.elementor-element-aed3ec7 > .elementor-widget-wrap > .elementor-motion-effects-container > .elementor-motion-effects-layer{background-image: url(\"https:\/\/cardouro.pt\/wp-content\/uploads\/2024\/10\/IMG_1455-scaled.jpg\");}<\/style>\t\t<div class=\"elementor-column elementor-col-50 elementor-top-column elementor-element elementor-element-aed3ec7\" data-id=\"aed3ec7\" data-element_type=\"column\">\n\t\t\t<div class=\"elementor-widget-wrap elementor-element-populated\">\n\t\t\t\t\t\t\t\t<div class=\"elementor-element elementor-element-4d3c1af elementor-widget elementor-widget-image\" data-id=\"4d3c1af\" data-element_type=\"widget\" data-widget_type=\"image.default\">\n\t\t\t\t<div class=\"elementor-widget-container\">\n\t\t\t\t\t\t\t\t\t\t\t\t\t\t\t\t<a href=\"https:\/\/cardouro.pt\/en\/veiculos\/yamaha-tmax-xp560d\/\">\n\t\t\t\t\t\t\t<img src=\"https:\/\/cardouro.pt\/wp-content\/uploads\/elementor\/thumbs\/IMG_1455-scaled-qvl9totqfm6wxh3rkvtbr7ybwp1l27j8bqud7nuzsc.jpg\" title=\"IMG_1455\" alt=\"IMG_1455\" \/>\t\t\t\t\t\t\t\t<\/a>\n\t\t\t\t\t\t\t\t\t\t\t\t\t\t\t<\/div>\n\t\t\t\t<\/div>\n\t\t\t\t\t<\/div>\n\t\t<\/div>\n\t\t\t\t<div class=\"elementor-column elementor-col-50 elementor-top-column elementor-element elementor-element-e9a4c61\" data-id=\"e9a4c61\" data-element_type=\"column\" data-settings=\"{&quot;background_background&quot;:&quot;gradient&quot;}\">\n\t\t\t<div class=\"elementor-widget-wrap elementor-element-populated\">\n\t\t\t\t\t\t\t\t<div class=\"elementor-element elementor-element-fc48917 elementor-widget elementor-widget-heading\" data-id=\"fc48917\" data-element_type=\"widget\" data-widget_type=\"heading.default\">\n\t\t\t\t<div class=\"elementor-widget-container\">\n\t\t\t<h3 class=\"elementor-heading-title elementor-size-default\"><a href=\"https:\/\/cardouro.pt\/en\/veiculos\/yamaha-tmax-xp560d\/\">YAMAHA TMAX XP560D<\/a><\/h3>\t\t<\/div>\n\t\t\t\t<\/div>\n\t\t<!-- hidden widget -->\t\t<div class=\"elementor-element elementor-element-2e72dcc elementor-widget-mobile__width-auto dc-has-condition dc-condition-equal elementor-widget elementor-widget-heading\" data-id=\"2e72dcc\" data-element_type=\"widget\" data-widget_type=\"heading.default\">\n\t\t\t\t<div class=\"elementor-widget-container\">\n\t\t\t<div class=\"elementor-heading-title elementor-size-default\"><a href=\"https:\/\/cardouro.pt\/en\/veiculos\/yamaha-tmax-xp560d\/\">SOLD<\/a><\/div>\t\t<\/div>\n\t\t\t\t<\/div>\n\t\t\t\t<div class=\"elementor-element elementor-element-28208b2 elementor-icon-list--layout-inline elementor-mobile-align-center elementor-list-item-link-full_width elementor-widget elementor-widget-icon-list\" data-id=\"28208b2\" data-element_type=\"widget\" data-widget_type=\"icon-list.default\">\n\t\t\t\t<div class=\"elementor-widget-container\">\n\t\t\t\t\t<ul class=\"elementor-icon-list-items elementor-inline-items\">\n\t\t\t\t\t\t\t<li class=\"elementor-icon-list-item elementor-inline-item\">\n\t\t\t\t\t<a href=\"https:\/\/cardouro.pt\/en\/veiculos\/yamaha-tmax-xp560d\/\">\t\t\t\t\t\t<span class=\"elementor-icon-list-icon\">\n\t\t\t\t\t\t\t<i aria-hidden=\"true\" class=\"fas fa-car\"><\/i>\t\t\t\t\t\t<\/span>\n\t\t\t\t\t\t\t\t\t\t<span class=\"elementor-icon-list-text\">azul<\/span>\n\t\t\t\t\t\t\t\t\t\t\t<\/a>\n\t\t\t\t\t\t\t\t\t<\/li>\n\t\t\t\t\t\t\t\t<li class=\"elementor-icon-list-item elementor-inline-item\">\n\t\t\t\t\t<a href=\"https:\/\/cardouro.pt\/en\/veiculos\/yamaha-tmax-xp560d\/\">\t\t\t\t\t\t<span class=\"elementor-icon-list-icon\">\n\t\t\t\t\t\t\t<i aria-hidden=\"true\" class=\"fas fa-gas-pump\"><\/i>\t\t\t\t\t\t<\/span>\n\t\t\t\t\t\t\t\t\t\t<span class=\"elementor-icon-list-text\">Gasoline<\/span>\n\t\t\t\t\t\t\t\t\t\t\t<\/a>\n\t\t\t\t\t\t\t\t\t<\/li>\n\t\t\t\t\t\t\t\t<li class=\"elementor-icon-list-item elementor-inline-item\">\n\t\t\t\t\t<a href=\"https:\/\/cardouro.pt\/en\/veiculos\/yamaha-tmax-xp560d\/\">\t\t\t\t\t\t<span class=\"elementor-icon-list-icon\">\n\t\t\t\t\t\t\t<i aria-hidden=\"true\" class=\"fas fa-road\"><\/i>\t\t\t\t\t\t<\/span>\n\t\t\t\t\t\t\t\t\t\t<span class=\"elementor-icon-list-text\">1800 km<\/span>\n\t\t\t\t\t\t\t\t\t\t\t<\/a>\n\t\t\t\t\t\t\t\t\t<\/li>\n\t\t\t\t\t\t\t\t<li class=\"elementor-icon-list-item elementor-inline-item\">\n\t\t\t\t\t<a href=\"https:\/\/cardouro.pt\/en\/veiculos\/yamaha-tmax-xp560d\/\">\t\t\t\t\t\t<span class=\"elementor-icon-list-icon\">\n\t\t\t\t\t\t\t<svg xmlns=\"http:\/\/www.w3.org\/2000\/svg\" viewbox=\"0 0 512 512\"><g id=\"Camada_2\" data-name=\"Camada 2\"><g id=\"Layer_1\" data-name=\"Layer 1\"><path d=\"M278,381.05V276H405a60.07,60.07,0,0,0,60-60V131a67,67,0,1,0-40,0V216a20,20,0,0,1-20,20H278V131a67,67,0,1,0-40,0V236H107a20,20,0,0,1-20-20V131a67,67,0,1,0-40,0V216a59.77,59.77,0,0,0,15.33,40A59.75,59.75,0,0,0,47,296v85.05a67,67,0,1,0,40,0V296a20,20,0,0,1,20-20H238V381.05a67,67,0,1,0,40,0ZM445,40a27,27,0,1,1-27,27A27,27,0,0,1,445,40ZM258,40a27,27,0,1,1-27,27A27,27,0,0,1,258,40ZM67,40A27,27,0,1,1,40,67,27,27,0,0,1,67,40Zm0,432a27,27,0,1,1,27-27A27,27,0,0,1,67,472Zm191,0a27,27,0,1,1,27-27A27,27,0,0,1,258,472Zm254-76.5A55.57,55.57,0,0,0,456.5,340H390V512h40V451h5.32l31.07,61h44.89L478,446.66A55.58,55.58,0,0,0,512,395.5ZM430,380h26.5a15.5,15.5,0,0,1,0,31H430Z\"><\/path><\/g><\/g><\/svg>\t\t\t\t\t\t<\/span>\n\t\t\t\t\t\t\t\t\t\t<span class=\"elementor-icon-list-text\">Auto<\/span>\n\t\t\t\t\t\t\t\t\t\t\t<\/a>\n\t\t\t\t\t\t\t\t\t<\/li>\n\t\t\t\t\t\t\t\t<li class=\"elementor-icon-list-item elementor-inline-item\">\n\t\t\t\t\t<a href=\"https:\/\/cardouro.pt\/en\/veiculos\/yamaha-tmax-xp560d\/\">\t\t\t\t\t\t<span class=\"elementor-icon-list-icon\">\n\t\t\t\t\t\t\t<i aria-hidden=\"true\" class=\"fas fa-user-friends\"><\/i>\t\t\t\t\t\t<\/span>\n\t\t\t\t\t\t\t\t\t\t<span class=\"elementor-icon-list-text\"><\/span>\n\t\t\t\t\t\t\t\t\t\t\t<\/a>\n\t\t\t\t\t\t\t\t\t<\/li>\n\t\t\t\t\t\t<\/ul>\n\t\t\t\t<\/div>\n\t\t\t\t<\/div>\n\t\t\t\t\t<\/div>\n\t\t<\/div>\n\t\t\t\t\t\t\t<\/div>\n\t\t<\/section>\n\t\t\t\t<\/div>\n\t\t<\/div>\n\t\t\t\t<\/article>\n\t\t\t\t<\/div>\n\t\t\t\t<\/div>\n\t\t\t\t<\/div>\n\t\t\t\t\t<\/div>\n\t\t<\/div>\n\t\t\t\t\t\t\t<\/div>\n\t\t<\/section>\n\t\t\t\t\t\t<\/div>\n\t\t\t\t\t<\/div>","protected":false},"excerpt":{"rendered":"<p>Motorcycles<\/p>","protected":false},"author":1,"featured_media":0,"parent":0,"menu_order":0,"comment_status":"closed","ping_status":"closed","template":"elementor_header_footer","meta":{"_links_to":"","_links_to_target":""},"yoast_head":"<!-- This site is optimized with the Yoast SEO plugin v17.1 - https:\/\/yoast.com\/wordpress\/plugins\/seo\/ -->\n<title>Motas - Cardouro<\/title>\n<meta name=\"description\" content=\"O nosso ADN passa por uma sele\u00e7\u00e3o criteriosa dos nossos motas. Comercializamos viaturas nacionais. Conhe\u00e7a os nossos ve\u00edculos de mais alta performance\" \/>\n<meta name=\"robots\" content=\"index, follow, max-snippet:-1, max-image-preview:large, max-video-preview:-1\" \/>\n<link rel=\"canonical\" href=\"https:\/\/cardouro.pt\/en\/motas\/\" \/>\n<meta property=\"og:locale\" content=\"en_GB\" \/>\n<meta property=\"og:type\" content=\"article\" \/>\n<meta property=\"og:title\" content=\"Motas - Cardouro\" \/>\n<meta property=\"og:description\" content=\"O nosso ADN passa por uma sele\u00e7\u00e3o criteriosa dos nossos motas. Comercializamos viaturas nacionais. Conhe\u00e7a os nossos ve\u00edculos de mais alta performance\" \/>\n<meta property=\"og:url\" content=\"https:\/\/cardouro.pt\/en\/motas\/\" \/>\n<meta property=\"og:site_name\" content=\"Cardouro\" \/>\n<meta property=\"article:publisher\" content=\"https:\/\/www.facebook.com\/cardouro\/\" \/>\n<meta property=\"article:modified_time\" content=\"2021-05-12T22:37:41+00:00\" \/>\n<meta name=\"twitter:card\" content=\"summary_large_image\" \/>\n<meta name=\"twitter:label1\" content=\"Estimated reading time\" \/>\n\t<meta name=\"twitter:data1\" content=\"5 minutes\" \/>\n<script type=\"application\/ld+json\" class=\"yoast-schema-graph\">{\"@context\":\"https:\/\/schema.org\",\"@graph\":[{\"@type\":\"Organization\",\"@id\":\"https:\/\/cardouro.pt\/#organization\",\"name\":\"CARDOURO\",\"url\":\"https:\/\/cardouro.pt\/\",\"sameAs\":[\"https:\/\/www.facebook.com\/cardouro\/\",\"https:\/\/www.instagram.com\/cardouroautomoveis\/\",\"https:\/\/www.youtube.com\/channel\/UC1jwa-BW3QxIDzfSMWfufjA\"],\"logo\":{\"@type\":\"ImageObject\",\"@id\":\"https:\/\/cardouro.pt\/#logo\",\"inLanguage\":\"en-GB\",\"url\":\"\",\"contentUrl\":\"\",\"caption\":\"CARDOURO\"},\"image\":{\"@id\":\"https:\/\/cardouro.pt\/#logo\"}},{\"@type\":\"WebSite\",\"@id\":\"https:\/\/cardouro.pt\/#website\",\"url\":\"https:\/\/cardouro.pt\/\",\"name\":\"Cardouro\",\"description\":\"Autom\\u00f3veis Multimarcas de luxo\",\"publisher\":{\"@id\":\"https:\/\/cardouro.pt\/#organization\"},\"potentialAction\":[{\"@type\":\"SearchAction\",\"target\":{\"@type\":\"EntryPoint\",\"urlTemplate\":\"https:\/\/cardouro.pt\/?s={search_term_string}\"},\"query-input\":\"required name=search_term_string\"}],\"inLanguage\":\"en-GB\"},{\"@type\":\"WebPage\",\"@id\":\"https:\/\/cardouro.pt\/motas\/#webpage\",\"url\":\"https:\/\/cardouro.pt\/motas\/\",\"name\":\"Motas - Cardouro\",\"isPartOf\":{\"@id\":\"https:\/\/cardouro.pt\/#website\"},\"datePublished\":\"2021-04-30T18:37:14+00:00\",\"dateModified\":\"2021-05-12T22:37:41+00:00\",\"description\":\"O nosso ADN passa por uma sele\\u00e7\\u00e3o criteriosa dos nossos motas. Comercializamos viaturas nacionais. Conhe\\u00e7a os nossos ve\\u00edculos de mais alta performance\",\"breadcrumb\":{\"@id\":\"https:\/\/cardouro.pt\/motas\/#breadcrumb\"},\"inLanguage\":\"en-GB\",\"potentialAction\":[{\"@type\":\"ReadAction\",\"target\":[\"https:\/\/cardouro.pt\/motas\/\"]}]},{\"@type\":\"BreadcrumbList\",\"@id\":\"https:\/\/cardouro.pt\/motas\/#breadcrumb\",\"itemListElement\":[{\"@type\":\"ListItem\",\"position\":1,\"name\":\"In\\u00edcio\",\"item\":\"https:\/\/cardouro.pt\/\"},{\"@type\":\"ListItem\",\"position\":2,\"name\":\"Motas\"}]}]}<\/script>\n<!-- \/ Yoast SEO plugin. -->","yoast_head_json":{"title":"Motas - Cardouro","description":"O nosso ADN passa por uma sele\u00e7\u00e3o criteriosa dos nossos motas. Comercializamos viaturas nacionais. Conhe\u00e7a os nossos ve\u00edculos de mais alta performance","robots":{"index":"index","follow":"follow","max-snippet":"max-snippet:-1","max-image-preview":"max-image-preview:large","max-video-preview":"max-video-preview:-1"},"canonical":"https:\/\/cardouro.pt\/en\/motas\/","og_locale":"en_GB","og_type":"article","og_title":"Motas - Cardouro","og_description":"O nosso ADN passa por uma sele\u00e7\u00e3o criteriosa dos nossos motas. Comercializamos viaturas nacionais. Conhe\u00e7a os nossos ve\u00edculos de mais alta performance","og_url":"https:\/\/cardouro.pt\/en\/motas\/","og_site_name":"Cardouro","article_publisher":"https:\/\/www.facebook.com\/cardouro\/","article_modified_time":"2021-05-12T22:37:41+00:00","twitter_card":"summary_large_image","twitter_misc":{"Estimated reading time":"5 minutes"},"schema":{"@context":"https:\/\/schema.org","@graph":[{"@type":"Organization","@id":"https:\/\/cardouro.pt\/#organization","name":"CARDOURO","url":"https:\/\/cardouro.pt\/","sameAs":["https:\/\/www.facebook.com\/cardouro\/","https:\/\/www.instagram.com\/cardouroautomoveis\/","https:\/\/www.youtube.com\/channel\/UC1jwa-BW3QxIDzfSMWfufjA"],"logo":{"@type":"ImageObject","@id":"https:\/\/cardouro.pt\/#logo","inLanguage":"en-GB","url":"","contentUrl":"","caption":"CARDOURO"},"image":{"@id":"https:\/\/cardouro.pt\/#logo"}},{"@type":"WebSite","@id":"https:\/\/cardouro.pt\/#website","url":"https:\/\/cardouro.pt\/","name":"Cardouro","description":"Autom\u00f3veis Multimarcas de luxo","publisher":{"@id":"https:\/\/cardouro.pt\/#organization"},"potentialAction":[{"@type":"SearchAction","target":{"@type":"EntryPoint","urlTemplate":"https:\/\/cardouro.pt\/?s={search_term_string}"},"query-input":"required name=search_term_string"}],"inLanguage":"en-GB"},{"@type":"WebPage","@id":"https:\/\/cardouro.pt\/motas\/#webpage","url":"https:\/\/cardouro.pt\/motas\/","name":"Motas - Cardouro","isPartOf":{"@id":"https:\/\/cardouro.pt\/#website"},"datePublished":"2021-04-30T18:37:14+00:00","dateModified":"2021-05-12T22:37:41+00:00","description":"O nosso ADN passa por uma sele\u00e7\u00e3o criteriosa dos nossos motas. Comercializamos viaturas nacionais. Conhe\u00e7a os nossos ve\u00edculos de mais alta performance","breadcrumb":{"@id":"https:\/\/cardouro.pt\/motas\/#breadcrumb"},"inLanguage":"en-GB","potentialAction":[{"@type":"ReadAction","target":["https:\/\/cardouro.pt\/motas\/"]}]},{"@type":"BreadcrumbList","@id":"https:\/\/cardouro.pt\/motas\/#breadcrumb","itemListElement":[{"@type":"ListItem","position":1,"name":"In\u00edcio","item":"https:\/\/cardouro.pt\/"},{"@type":"ListItem","position":2,"name":"Motas"}]}]}},"_links":{"self":[{"href":"https:\/\/cardouro.pt\/en\/wp-json\/wp\/v2\/pages\/11324"}],"collection":[{"href":"https:\/\/cardouro.pt\/en\/wp-json\/wp\/v2\/pages"}],"about":[{"href":"https:\/\/cardouro.pt\/en\/wp-json\/wp\/v2\/types\/page"}],"author":[{"embeddable":true,"href":"https:\/\/cardouro.pt\/en\/wp-json\/wp\/v2\/users\/1"}],"replies":[{"embeddable":true,"href":"https:\/\/cardouro.pt\/en\/wp-json\/wp\/v2\/comments?post=11324"}],"version-history":[{"count":61,"href":"https:\/\/cardouro.pt\/en\/wp-json\/wp\/v2\/pages\/11324\/revisions"}],"predecessor-version":[{"id":14390,"href":"https:\/\/cardouro.pt\/en\/wp-json\/wp\/v2\/pages\/11324\/revisions\/14390"}],"wp:attachment":[{"href":"https:\/\/cardouro.pt\/en\/wp-json\/wp\/v2\/media?parent=11324"}],"curies":[{"name":"wp","href":"https:\/\/api.w.org\/{rel}","templated":true}]}}