{"id":11693,"date":"2021-05-06T11:23:12","date_gmt":"2021-05-06T11:23:12","guid":{"rendered":"https:\/\/cardouro.pt\/?page_id=11693"},"modified":"2026-04-07T14:47:22","modified_gmt":"2026-04-07T14:47:22","slug":"avalie-o-seu-veiculo","status":"publish","type":"page","link":"https:\/\/cardouro.pt\/en\/avalie-o-seu-veiculo\/","title":{"rendered":"Evaluate your vehicle"},"content":{"rendered":"<div data-elementor-type=\"wp-page\" data-elementor-id=\"11693\" class=\"elementor elementor-11693\" data-elementor-settings=\"[]\">\n\t\t\t\t\t\t\t<div class=\"elementor-section-wrap\">\n\t\t\t\t\t\t\t<section class=\"elementor-section elementor-top-section elementor-element elementor-element-fbf414f elementor-section-full_width elementor-section-height-min-height elementor-section-items-stretch elementor-section-content-middle elementor-section-height-default\" data-id=\"fbf414f\" data-element_type=\"section\" data-settings=\"{&quot;background_background&quot;:&quot;classic&quot;}\">\n\t\t\t\t\t\t\t<div class=\"elementor-background-overlay\"><\/div>\n\t\t\t\t\t\t\t<div class=\"elementor-container elementor-column-gap-default\">\n\t\t\t\t\t<div class=\"elementor-column elementor-col-100 elementor-top-column elementor-element elementor-element-b40b5ea\" data-id=\"b40b5ea\" data-element_type=\"column\" data-settings=\"{&quot;background_background&quot;:&quot;gradient&quot;}\">\n\t\t\t<div class=\"elementor-widget-wrap elementor-element-populated\">\n\t\t\t\t\t\t\t\t<section class=\"elementor-section elementor-inner-section elementor-element elementor-element-09be39d elementor-section-boxed elementor-section-height-default elementor-section-height-default\" data-id=\"09be39d\" data-element_type=\"section\">\n\t\t\t\t\t\t<div class=\"elementor-container elementor-column-gap-default\">\n\t\t\t\t\t<div class=\"elementor-column elementor-col-100 elementor-inner-column elementor-element elementor-element-695ae0e\" data-id=\"695ae0e\" data-element_type=\"column\">\n\t\t\t<div class=\"elementor-widget-wrap elementor-element-populated\">\n\t\t\t\t\t\t\t\t<div class=\"elementor-element elementor-element-4bae060 elementor-widget elementor-widget-heading\" data-id=\"4bae060\" data-element_type=\"widget\" data-widget_type=\"heading.default\">\n\t\t\t\t<div class=\"elementor-widget-container\">\n\t\t\t<h2 class=\"elementor-heading-title elementor-size-default\">Evaluate your vehicle for a fair price.<\/h2>\t\t<\/div>\n\t\t\t\t<\/div>\n\t\t\t\t<div class=\"elementor-element elementor-element-1011cf1 elementor-widget elementor-widget-text-editor\" data-id=\"1011cf1\" data-element_type=\"widget\" data-widget_type=\"text-editor.default\">\n\t\t\t\t<div class=\"elementor-widget-container\">\n\t\t\t\t\t\t\t\t<p>With over 20 years of experience in car valuation, our specialized team ensures that your vehicle is valued at fair value. This entire process is highly secure and transparent.<\/p>\t\t\t\t\t\t<\/div>\n\t\t\t\t<\/div>\n\t\t\t\t\t<\/div>\n\t\t<\/div>\n\t\t\t\t\t\t\t<\/div>\n\t\t<\/section>\n\t\t\t\t\t<\/div>\n\t\t<\/div>\n\t\t\t\t\t\t\t<\/div>\n\t\t<\/section>\n\t\t\t\t<section class=\"elementor-section elementor-top-section elementor-element elementor-element-3a2a7f0f elementor-section-boxed elementor-section-height-default elementor-section-height-default\" data-id=\"3a2a7f0f\" data-element_type=\"section\" data-settings=\"{&quot;background_background&quot;:&quot;classic&quot;}\">\n\t\t\t\t\t\t<div class=\"elementor-container elementor-column-gap-default\">\n\t\t\t\t\t<div class=\"elementor-column elementor-col-100 elementor-top-column elementor-element elementor-element-1487f572\" data-id=\"1487f572\" data-element_type=\"column\">\n\t\t\t<div class=\"elementor-widget-wrap elementor-element-populated\">\n\t\t\t\t\t\t\t\t<div class=\"elementor-element elementor-element-cf2e273 elementor-widget elementor-widget-text-editor\" data-id=\"cf2e273\" data-element_type=\"widget\" data-widget_type=\"text-editor.default\">\n\t\t\t\t<div class=\"elementor-widget-container\">\n\t\t\t\t\t\t\t\t<p>\n\t<!-- Load image on load preventing lags-->\n\n\t\t<div class=\"stm-sell-a-car-form\">\n\t\t<div class=\"form-navigation\">\n\t\t\t<div class=\"row\">\n\t\t\t\t<div class=\"col-md-4 col-sm-4\">\n\t\t\t\t\t<a href=\"#step-one\" class=\"form-navigation-unit active\" data-tab=\"step-one\">\n\t\t\t\t\t\t<div class=\"number heading-font\">1.<\/div>\n\t\t\t\t\t\t<div class=\"title heading-font\">Car Information<\/div>\n\t\t\t\t\t\t<div class=\"sub-title\">Add your vehicle details<\/div>\n\t\t\t\t\t<\/a>\n\t\t\t\t<\/div>\n\t\t\t\t<div class=\"col-md-4 col-sm-4\">\n\t\t\t\t\t<a href=\"#step-two\" class=\"form-navigation-unit\" data-tab=\"step-two\">\n\t\t\t\t\t\t<div class=\"number heading-font\">2.<\/div>\n\t\t\t\t\t\t<div class=\"title heading-font\">Vehicle Condition<\/div>\n\t\t\t\t\t\t<div class=\"sub-title\">Add your vehicle details<\/div>\n\t\t\t\t\t<\/a>\n\t\t\t\t<\/div>\n\t\t\t\t<div class=\"col-md-4 col-sm-4\">\n\t\t\t\t\t<a href=\"#step-three\" class=\"form-navigation-unit\" data-tab=\"step-three\">\n\t\t\t\t\t\t<div class=\"number heading-font\">3.<\/div>\n\t\t\t\t\t\t<div class=\"title heading-font\">Contact details<\/div>\n\t\t\t\t\t\t<div class=\"sub-title\">Your contact details<\/div>\n\t\t\t\t\t<\/a>\n\t\t\t\t<\/div>\n\t\t\t<\/div>\n\t\t<\/div>\n\t\t<div class=\"form-content\">\n\t\t\t<form method=\"POST\" action=\"#error-fields\" id=\"trade-in-default\" enctype=\"multipart\/form-data\" data-trp-original-action=\"#error-fields\">\n\t\t\t\t<!-- STEP ONE -->\n\t\t\t\t<div class=\"form-content-unit active\" id=\"step-one\">\n\t\t\t\t\t<input type=\"hidden\" name=\"sell_a_car\" value=\"filled\"\/>\n\n\t\t\t\t\t<div class=\"row\">\n\t\t\t\t\t\t<div class=\"col-md-4 col-sm-4\">\n\t\t\t\t\t\t\t<div class=\"form-group\">\n\t\t\t\t\t\t\t\t<div class=\"contact-us-label\">Make<\/div>\n\t\t\t\t\t\t\t\t<input type=\"text\" value=\"\" name=\"make\" data-need=\"true\" required>\n\t\t\t\t\t\t\t<\/div>\n\t\t\t\t\t\t<\/div>\n\t\t\t\t\t\t<div class=\"col-md-4 col-sm-4\">\n\t\t\t\t\t\t\t<div class=\"form-group\">\n\t\t\t\t\t\t\t\t<div class=\"contact-us-label\">Model<\/div>\n\t\t\t\t\t\t\t\t<input type=\"text\" value=\"\" name=\"model\"  data-need=\"true\" required>\n\t\t\t\t\t\t\t<\/div>\n\t\t\t\t\t\t<\/div>\n\t\t\t\t\t\t<div class=\"col-md-4 col-sm-4\">\n\t\t\t\t\t\t\t<div class=\"form-group\">\n\t\t\t\t\t\t\t\t<div class=\"contact-us-label\">Year<\/div>\n\t\t\t\t\t\t\t\t<input type=\"text\" value=\"\" name=\"stm_year\"\/>\n\t\t\t\t\t\t\t<\/div>\n\t\t\t\t\t\t<\/div>\n\t\t\t\t\t\t<div class=\"col-md-4 col-sm-4\">\n\t\t\t\t\t\t\t<div class=\"form-group\">\n\t\t\t\t\t\t\t\t<div class=\"contact-us-label\">Transmission<\/div>\n\t\t\t\t\t\t\t\t<input type=\"text\" value=\"\" name=\"transmission\"\/>\n\t\t\t\t\t\t\t<\/div>\n\t\t\t\t\t\t<\/div>\n\t\t\t\t\t\t<div class=\"col-md-4 col-sm-4\">\n\t\t\t\t\t\t\t<div class=\"form-group\">\n\t\t\t\t\t\t\t\t<div class=\"contact-us-label\">Mileage<\/div>\n\t\t\t\t\t\t\t\t<input type=\"text\" value=\"\" name=\"mileage\"\/>\n\t\t\t\t\t\t\t<\/div>\n\t\t\t\t\t\t<\/div>\n\t\t\t\t\t\t<div class=\"col-md-4 col-sm-4\">\n\t\t\t\t\t\t\t<div class=\"form-group\">\n\t\t\t\t\t\t\t\t<div class=\"contact-us-label\">VIN<\/div>\n\t\t\t\t\t\t\t\t<input type=\"text\" value=\"\" name=\"vin\" \/>\n\t\t\t\t\t\t\t<\/div>\n\t\t\t\t\t\t<\/div>\n\t\t\t\t\t<\/div>\n\n\t\t\t\t\t<div class=\"row\">\n\t\t\t\t\t\t<div class=\"col-md-12 col-sm-12\">\n\n\t\t\t\t\t\t\t<div class=\"form-upload-files\">\n\t\t\t\t\t\t\t\t<div class=\"clearfix\">\n\t\t\t\t\t\t\t\t\t<div class=\"stm-unit-photos\">\n\t\t\t\t\t\t\t\t\t\t<h5 class=\"stm-label-type-2\">Upload your car Photos<\/h5>\n\t\t\t\t\t\t\t\t\t\t<div class=\"upload-photos\">\n\t\t\t\t\t\t\t\t\t\t\t<div class=\"stm-pseudo-file-input\">\n\t\t\t\t\t\t\t\t\t\t\t\t<div class=\"stm-filename\">Choose file&#8230;<\/div>\n\t\t\t\t\t\t\t\t\t\t\t\t<div class=\"stm-plus\"><\/div>\n\t\t\t\t\t\t\t\t\t\t\t\t<input class=\"stm-file-realfield\" type=\"file\" name=\"gallery_images_0\"\/>\n\t\t\t\t\t\t\t\t\t\t\t<\/div>\n\t\t\t\t\t\t\t\t\t\t<\/div>\n\t\t\t\t\t\t\t\t\t<\/div>\n\t\t\t\t\t\t\t\t\t<div class=\"stm-unit-url\">\n\t\t\t\t\t\t\t\t\t\t<h5 class=\"stm-label-type-2\">\n\t\t\t\t\t\t\t\t\t\t\tProvide a hosted video url of your car\t\t\t\t\t\t\t\t\t\t<\/h5>\n\t\t\t\t\t\t\t\t\t\t<input type=\"text\" value=\"\" name=\"video_url\" \/>\n\t\t\t\t\t\t\t\t\t<\/div>\n\t\t\t\t\t\t\t\t<\/div>\n\t\t\t\t\t\t\t<\/div>\n\t\t\t\t\t\t\t<img src=\"https:\/\/cardouro.pt\/wp-content\/themes\/motors-child\/assets\/images\/radio.png\" style=\"opacity:0;width:0;height:0;\"\/>\n\n\t\t\t\t\t\t<\/div>\n\t\t\t\t\t<\/div>\n\n\t\t\t\t\t<div class=\"row\">\n\t\t\t\t\t\t<div class=\"col-md-4 col-sm-4\">\n\t\t\t\t\t\t\t<div class=\"form-group\">\n\t\t\t\t\t\t\t\t<div class=\"contact-us-label\">Exterior color<\/div>\n\t\t\t\t\t\t\t\t<input type=\"text\" value=\"\" name=\"exterior_color\"\/>\n\t\t\t\t\t\t\t<\/div>\n\t\t\t\t\t\t<\/div>\n\t\t\t\t\t\t<div class=\"col-md-4 col-sm-4\">\n\t\t\t\t\t\t\t<div class=\"form-group\">\n\t\t\t\t\t\t\t\t<div class=\"contact-us-label\">Interior color<\/div>\n\t\t\t\t\t\t\t\t<input type=\"text\" value=\"\" name=\"interior_color\" \/>\n\t\t\t\t\t\t\t<\/div>\n\t\t\t\t\t\t<\/div>\n\t\t\t\t\t\t<div class=\"col-md-4 col-sm-4\">\n\t\t\t\t\t\t\t<div class=\"form-group\">\n\t\t\t\t\t\t\t\t<div class=\"contact-us-label\">Owner<\/div>\n\t\t\t\t\t\t\t\t<input type=\"text\" value=\"\" name=\"owner\" \/>\n\t\t\t\t\t\t\t<\/div>\n\t\t\t\t\t\t<\/div>\n\t\t\t\t\t<\/div>\n\n\t\t\t\t\t<a href=\"#\" class=\"button sell-a-car-proceed\" data-step=\"2\">\n\t\t\t\t\t\tSave and continue\t\t\t\t\t<\/a>\n\t\t\t\t<\/div>\n\n\t\t\t\t<!-- STEP TWO -->\n\t\t\t\t<div class=\"form-content-unit\" id=\"step-two\">\n\t\t\t\t\t<div class=\"vehicle-condition\">\n\t\t\t\t\t\t<div class=\"vehicle-condition-unit\">\n\t\t\t\t\t\t\t<div class=\"icon\"><i class=\"stm-icon-car-relic\"><\/i><\/div>\n\t\t\t\t\t\t\t<div class=\"title h5\">What is the Exterior Condition?<\/div>\n\t\t\t\t\t\t\t<label>\n\t\t\t\t\t\t\t\t<input type=\"radio\" name=\"exterior_condition\" value=\"Extra clean\" checked>\n\t\t\t\t\t\t\t\tExtra clean\t\t\t\t\t\t\t<\/label>\n\t\t\t\t\t\t\t<label>\n\t\t\t\t\t\t\t\t<input type=\"radio\" name=\"exterior_condition\" value=\"Clean\"\/>\n\t\t\t\t\t\t\t\tClean\t\t\t\t\t\t\t<\/label>\n\t\t\t\t\t\t\t<label>\n\t\t\t\t\t\t\t\t<input type=\"radio\" name=\"exterior_condition\" value=\"Average\"\/>\n\t\t\t\t\t\t\t\tAverage\t\t\t\t\t\t\t<\/label>\n\t\t\t\t\t\t\t<label>\n\t\t\t\t\t\t\t\t<input type=\"radio\" name=\"exterior_condition\" value=\"Below Average\"\/>\n\t\t\t\t\t\t\t\tBelow Average\t\t\t\t\t\t\t<\/label>\n\t\t\t\t\t\t\t<label>\n\t\t\t\t\t\t\t\t<input type=\"radio\" name=\"exterior_condition\" value=\"I don&#039;t know\"\/>\n\t\t\t\t\t\t\t\tI don&#039;t know\t\t\t\t\t\t\t<\/label>\n\t\t\t\t\t\t<\/div>\n\t\t\t\t\t\t<div class=\"vehicle-condition-unit\">\n\t\t\t\t\t\t\t<div class=\"icon buoy\"><i class=\"stm-icon-buoy\"><\/i><\/div>\n\t\t\t\t\t\t\t<div class=\"title h5\">What is the Interior Condition?<\/div>\n\t\t\t\t\t\t\t<label>\n\t\t\t\t\t\t\t\t<input type=\"radio\" name=\"interior_condition\" value=\"Extra clean\" checked>\n\t\t\t\t\t\t\t\tExtra clean\t\t\t\t\t\t\t<\/label>\n\t\t\t\t\t\t\t<label>\n\t\t\t\t\t\t\t\t<input type=\"radio\" name=\"interior_condition\" value=\"Clean\"\/>\n\t\t\t\t\t\t\t\tClean\t\t\t\t\t\t\t<\/label>\n\t\t\t\t\t\t\t<label>\n\t\t\t\t\t\t\t\t<input type=\"radio\" name=\"interior_condition\" value=\"Average\"\/>\n\t\t\t\t\t\t\t\tAverage\t\t\t\t\t\t\t<\/label>\n\t\t\t\t\t\t\t<label>\n\t\t\t\t\t\t\t\t<input type=\"radio\" name=\"interior_condition\" value=\"Below Average\"\/>\n\t\t\t\t\t\t\t\tBelow Average\t\t\t\t\t\t\t<\/label>\n\t\t\t\t\t\t\t<label>\n\t\t\t\t\t\t\t\t<input type=\"radio\" name=\"interior_condition\" value=\"I don&#039;t know\"\/>\n\t\t\t\t\t\t\t\tI don&#039;t know\t\t\t\t\t\t\t<\/label>\n\t\t\t\t\t\t<\/div>\n\t\t\t\t\t\t<div class=\"vehicle-condition-unit\">\n\t\t\t\t\t\t\t<div class=\"icon buoy-2\"><i class=\"stm-icon-buoy-2\"><\/i><\/div>\n\t\t\t\t\t\t\t<div class=\"title h5\">Has vehicle been in accident<\/div>\n\t\t\t\t\t\t\t<label>\n\t\t\t\t\t\t\t\t<input type=\"radio\" name=\"accident\" value=\"Yes\"\/>\n\t\t\t\t\t\t\t\tYes\t\t\t\t\t\t\t<\/label>\n\t\t\t\t\t\t\t<label>\n\t\t\t\t\t\t\t\t<input type=\"radio\" name=\"accident\" value=\"No\" checked>\n\t\t\t\t\t\t\t\tNo\t\t\t\t\t\t\t<\/label>\n\t\t\t\t\t\t\t<label>\n\t\t\t\t\t\t\t\t<input type=\"radio\" name=\"accident\" value=\"I don&#039;t know\"\/>\n\t\t\t\t\t\t\t\tI don&#039;t know\t\t\t\t\t\t\t<\/label>\n\t\t\t\t\t\t<\/div>\n\t\t\t\t\t<\/div>\n\t\t\t\t\t<a href=\"#\" class=\"button sell-a-car-proceed\" data-step=\"3\">\n\t\t\t\t\t\tSave and continue\t\t\t\t\t<\/a>\n\t\t\t\t<\/div>\n\n\t\t\t\t<!-- STEP THREE -->\n\t\t\t\t<div class=\"form-content-unit\" id=\"step-three\">\n\t\t\t\t\t<div class=\"contact-details\">\n\t\t\t\t\t\t<div class=\"row\">\n\t\t\t\t\t\t\t<div class=\"col-md-6 col-sm-6\">\n\t\t\t\t\t\t\t\t<div class=\"form-group\">\n\t\t\t\t\t\t\t\t\t<div class=\"contact-us-label\">First name*<\/div>\n\t\t\t\t\t\t\t\t\t<input type=\"text\" value=\"\" name=\"first_name\"\/>\n\t\t\t\t\t\t\t\t<\/div>\n\t\t\t\t\t\t\t<\/div>\n\t\t\t\t\t\t\t<div class=\"col-md-6 col-sm-6\">\n\t\t\t\t\t\t\t\t<div class=\"form-group\">\n\t\t\t\t\t\t\t\t\t<div class=\"contact-us-label\">Last name*<\/div>\n\t\t\t\t\t\t\t\t\t<input type=\"text\" value=\"\" name=\"last_name\" \/>\n\t\t\t\t\t\t\t\t<\/div>\n\t\t\t\t\t\t\t<\/div>\n\t\t\t\t\t\t\t<div class=\"col-md-6 col-sm-6\">\n\t\t\t\t\t\t\t\t<div class=\"form-group\">\n\t\t\t\t\t\t\t\t\t<div class=\"contact-us-label\">Email Address*<\/div>\n\t\t\t\t\t\t\t\t\t<input type=\"text\" value=\"\" name=\"email\" \/>\n\t\t\t\t\t\t\t\t<\/div>\n\t\t\t\t\t\t\t<\/div>\n\t\t\t\t\t\t\t<div class=\"col-md-6 col-sm-6\">\n\t\t\t\t\t\t\t\t<div class=\"form-group\">\n\t\t\t\t\t\t\t\t\t<div class=\"contact-us-label\">Phone number*<\/div>\n\t\t\t\t\t\t\t\t\t<input type=\"text\" value=\"\" name=\"phone\" \/>\n\t\t\t\t\t\t\t\t<\/div>\n\t\t\t\t\t\t\t<\/div>\n\t\t\t\t\t\t\t<div class=\"col-md-12 col-sm-12\">\n\t\t\t\t\t\t\t\t<div class=\"form-group\">\n\t\t\t\t\t\t\t\t\t<div class=\"contact-us-label\">Comments<\/div>\n\t\t\t\t\t\t\t\t\t<textarea name=\"comments\"><\/textarea>\n\t\t\t\t\t\t\t\t<\/div>\n\t\t\t\t\t\t\t<\/div>\n\t\t\t\t\t\t<\/div>\n\t\t\t\t\t<\/div>\n\t\t\t\t\t<div class=\"clearfix\">\n                        \t\t\t\t\t\t<div class=\"pull-left\">\n\t\t\t\t\t\t\t                            <input type=\"submit\" value=\"Save and finish\" \/>\n\t\t\t\t\t\t\t\t\t\t\t\t\t<\/div>\n\t\t\t\t\t\t<div class=\"disclaimer\">\n\t\t\t\t\t\t\tBy submitting this form, you will be requesting trade-in value at no obligation and\n\twill be contacted within 48 hours by a sales representative.\t\t\t\t\t\t<\/div>\n\t\t\t\t\t<\/div>\n\t\t\t\t<\/div>\n\t\t\t<input type=\"hidden\" name=\"trp-form-language\" value=\"en\"\/><\/form>\n\t\t<\/div>\n\t<\/div>\n\n\t\n\t\n\t\n\n\t<script>\n\t\t(function($) {\n\t\t    \"use strict\";\n\n\t\t    $(document).ready(function() {\n\t\t\t\t$('.form-navigation-unit').on('click', function(e){\n\t\t\t\t\te.preventDefault();\n                    stm_validateFirstStep();\n\t\t\t\t\tif(!$(this).hasClass('active')) {\n\t\t\t\t\t\t$('.form-navigation-unit').removeClass('active');\n\t\t\t\t\t\t$(this).addClass('active');\n\n\t\t\t\t\t\tvar tab = $(this).data('tab');\n\n\t\t\t\t\t\t$('.form-content-unit').slideUp();\n\n\t\t\t\t\t\t$('#'+tab).slideDown();\n\t\t\t\t\t}\n\t\t\t\t})\n\n\t\t\t\tvar i = 1;\n\n\t\t\t\t$('.stm-plus').on('click', function(e){\n\t\t\t\t\te.preventDefault();\n\t\t\t\t\tif(i < 5) {\n\t\t\t\t\t\ti++;\n\t\t\t\t\t\t$('.upload-photos').append('<div class=\"stm-pseudo-file-input generated\"><div class=\"stm-filename\">Choose file...<\/div><div class=\"stm-plus\"><\/div><input class=\"stm-file-realfield\" type=\"file\" name=\"gallery_images_' + i + '\"\/><\/div>');\n\t\t\t\t\t}\n\t\t\t\t})\n\n\t\t\t\t$('body').on('click', '.generated .stm-plus', function(){\n\t\t\t\t\ti--;\n\t\t\t\t\t$(this).closest('.stm-pseudo-file-input').remove();\n\t\t\t\t})\n\t\t    })\n\n\t\t})(jQuery);\n\t<\/script>\n<\/p>\t\t\t\t\t\t<\/div>\n\t\t\t\t<\/div>\n\t\t\t\t\t<\/div>\n\t\t<\/div>\n\t\t\t\t\t\t\t<\/div>\n\t\t<\/section>\n\t\t\t\t\t\t<\/div>\n\t\t\t\t\t<\/div>","protected":false},"excerpt":{"rendered":"Avalie o seu ve\u00edculo pelo pre\u00e7o justo Com mais de 30 anos de experi\u00eancia em avalia\u00e7\u00e3o autom\u00f3vel, a nossa equipa especializada, garante que a sua viatura seja avaliada pelo valor justo. Todo este processo \u00e9 altamente seguro e transparente. 1. Car Information Add your vehicle details 2. Vehicle Condition Add your vehicle details 3. Contact...","protected":false},"author":1,"featured_media":0,"parent":0,"menu_order":0,"comment_status":"closed","ping_status":"closed","template":"elementor_header_footer","meta":{"_links_to":"","_links_to_target":""},"yoast_head":"<!-- This site is optimized with the Yoast SEO plugin v17.1 - https:\/\/yoast.com\/wordpress\/plugins\/seo\/ -->\n<title>Avalie o seu ve\u00edculo - Cardouro<\/title>\n<meta name=\"description\" content=\"N\u00e3o hesite em nos contactar na hora de despedida do seu ve\u00edculo.Garantimos todo o rigor e transpar\u00eancia em todo o processo.\" \/>\n<meta name=\"robots\" content=\"index, follow, max-snippet:-1, max-image-preview:large, max-video-preview:-1\" \/>\n<link rel=\"canonical\" href=\"https:\/\/cardouro.pt\/en\/avalie-o-seu-veiculo\/\" \/>\n<meta property=\"og:locale\" content=\"en_GB\" \/>\n<meta property=\"og:type\" content=\"article\" \/>\n<meta property=\"og:title\" content=\"Avalie o seu ve\u00edculo - Cardouro\" \/>\n<meta property=\"og:description\" content=\"N\u00e3o hesite em nos contactar na hora de despedida do seu ve\u00edculo.Garantimos todo o rigor e transpar\u00eancia em todo o processo.\" \/>\n<meta property=\"og:url\" content=\"https:\/\/cardouro.pt\/en\/avalie-o-seu-veiculo\/\" \/>\n<meta property=\"og:site_name\" content=\"Cardouro\" \/>\n<meta property=\"article:publisher\" content=\"https:\/\/www.facebook.com\/cardouro\/\" \/>\n<meta property=\"article:modified_time\" content=\"2026-04-07T14:47:22+00:00\" \/>\n<meta name=\"twitter:card\" content=\"summary_large_image\" \/>\n<meta name=\"twitter:label1\" content=\"Estimated reading time\" \/>\n\t<meta name=\"twitter:data1\" content=\"1 minute\" \/>\n<script type=\"application\/ld+json\" class=\"yoast-schema-graph\">{\"@context\":\"https:\/\/schema.org\",\"@graph\":[{\"@type\":\"Organization\",\"@id\":\"https:\/\/cardouro.pt\/#organization\",\"name\":\"CARDOURO\",\"url\":\"https:\/\/cardouro.pt\/\",\"sameAs\":[\"https:\/\/www.facebook.com\/cardouro\/\",\"https:\/\/www.instagram.com\/cardouroautomoveis\/\",\"https:\/\/www.youtube.com\/channel\/UC1jwa-BW3QxIDzfSMWfufjA\"],\"logo\":{\"@type\":\"ImageObject\",\"@id\":\"https:\/\/cardouro.pt\/#logo\",\"inLanguage\":\"en-GB\",\"url\":\"\",\"contentUrl\":\"\",\"caption\":\"CARDOURO\"},\"image\":{\"@id\":\"https:\/\/cardouro.pt\/#logo\"}},{\"@type\":\"WebSite\",\"@id\":\"https:\/\/cardouro.pt\/#website\",\"url\":\"https:\/\/cardouro.pt\/\",\"name\":\"Cardouro\",\"description\":\"Autom\\u00f3veis Multimarcas de luxo\",\"publisher\":{\"@id\":\"https:\/\/cardouro.pt\/#organization\"},\"potentialAction\":[{\"@type\":\"SearchAction\",\"target\":{\"@type\":\"EntryPoint\",\"urlTemplate\":\"https:\/\/cardouro.pt\/?s={search_term_string}\"},\"query-input\":\"required name=search_term_string\"}],\"inLanguage\":\"en-GB\"},{\"@type\":\"WebPage\",\"@id\":\"https:\/\/cardouro.pt\/avalie-o-seu-veiculo\/#webpage\",\"url\":\"https:\/\/cardouro.pt\/avalie-o-seu-veiculo\/\",\"name\":\"Avalie o seu ve\\u00edculo - Cardouro\",\"isPartOf\":{\"@id\":\"https:\/\/cardouro.pt\/#website\"},\"datePublished\":\"2021-05-06T11:23:12+00:00\",\"dateModified\":\"2026-04-07T14:47:22+00:00\",\"description\":\"N\\u00e3o hesite em nos contactar na hora de despedida do seu ve\\u00edculo.Garantimos todo o rigor e transpar\\u00eancia em todo o processo.\",\"breadcrumb\":{\"@id\":\"https:\/\/cardouro.pt\/avalie-o-seu-veiculo\/#breadcrumb\"},\"inLanguage\":\"en-GB\",\"potentialAction\":[{\"@type\":\"ReadAction\",\"target\":[\"https:\/\/cardouro.pt\/avalie-o-seu-veiculo\/\"]}]},{\"@type\":\"BreadcrumbList\",\"@id\":\"https:\/\/cardouro.pt\/avalie-o-seu-veiculo\/#breadcrumb\",\"itemListElement\":[{\"@type\":\"ListItem\",\"position\":1,\"name\":\"In\\u00edcio\",\"item\":\"https:\/\/cardouro.pt\/\"},{\"@type\":\"ListItem\",\"position\":2,\"name\":\"Avalie o seu ve\\u00edculo\"}]}]}<\/script>\n<!-- \/ Yoast SEO plugin. -->","yoast_head_json":{"title":"Avalie o seu ve\u00edculo - Cardouro","description":"N\u00e3o hesite em nos contactar na hora de despedida do seu ve\u00edculo.Garantimos todo o rigor e transpar\u00eancia em todo o processo.","robots":{"index":"index","follow":"follow","max-snippet":"max-snippet:-1","max-image-preview":"max-image-preview:large","max-video-preview":"max-video-preview:-1"},"canonical":"https:\/\/cardouro.pt\/en\/avalie-o-seu-veiculo\/","og_locale":"en_GB","og_type":"article","og_title":"Avalie o seu ve\u00edculo - Cardouro","og_description":"N\u00e3o hesite em nos contactar na hora de despedida do seu ve\u00edculo.Garantimos todo o rigor e transpar\u00eancia em todo o processo.","og_url":"https:\/\/cardouro.pt\/en\/avalie-o-seu-veiculo\/","og_site_name":"Cardouro","article_publisher":"https:\/\/www.facebook.com\/cardouro\/","article_modified_time":"2026-04-07T14:47:22+00:00","twitter_card":"summary_large_image","twitter_misc":{"Estimated reading time":"1 minute"},"schema":{"@context":"https:\/\/schema.org","@graph":[{"@type":"Organization","@id":"https:\/\/cardouro.pt\/#organization","name":"CARDOURO","url":"https:\/\/cardouro.pt\/","sameAs":["https:\/\/www.facebook.com\/cardouro\/","https:\/\/www.instagram.com\/cardouroautomoveis\/","https:\/\/www.youtube.com\/channel\/UC1jwa-BW3QxIDzfSMWfufjA"],"logo":{"@type":"ImageObject","@id":"https:\/\/cardouro.pt\/#logo","inLanguage":"en-GB","url":"","contentUrl":"","caption":"CARDOURO"},"image":{"@id":"https:\/\/cardouro.pt\/#logo"}},{"@type":"WebSite","@id":"https:\/\/cardouro.pt\/#website","url":"https:\/\/cardouro.pt\/","name":"Cardouro","description":"Autom\u00f3veis Multimarcas de luxo","publisher":{"@id":"https:\/\/cardouro.pt\/#organization"},"potentialAction":[{"@type":"SearchAction","target":{"@type":"EntryPoint","urlTemplate":"https:\/\/cardouro.pt\/?s={search_term_string}"},"query-input":"required name=search_term_string"}],"inLanguage":"en-GB"},{"@type":"WebPage","@id":"https:\/\/cardouro.pt\/avalie-o-seu-veiculo\/#webpage","url":"https:\/\/cardouro.pt\/avalie-o-seu-veiculo\/","name":"Avalie o seu ve\u00edculo - Cardouro","isPartOf":{"@id":"https:\/\/cardouro.pt\/#website"},"datePublished":"2021-05-06T11:23:12+00:00","dateModified":"2026-04-07T14:47:22+00:00","description":"N\u00e3o hesite em nos contactar na hora de despedida do seu ve\u00edculo.Garantimos todo o rigor e transpar\u00eancia em todo o processo.","breadcrumb":{"@id":"https:\/\/cardouro.pt\/avalie-o-seu-veiculo\/#breadcrumb"},"inLanguage":"en-GB","potentialAction":[{"@type":"ReadAction","target":["https:\/\/cardouro.pt\/avalie-o-seu-veiculo\/"]}]},{"@type":"BreadcrumbList","@id":"https:\/\/cardouro.pt\/avalie-o-seu-veiculo\/#breadcrumb","itemListElement":[{"@type":"ListItem","position":1,"name":"In\u00edcio","item":"https:\/\/cardouro.pt\/"},{"@type":"ListItem","position":2,"name":"Avalie o seu ve\u00edculo"}]}]}},"_links":{"self":[{"href":"https:\/\/cardouro.pt\/en\/wp-json\/wp\/v2\/pages\/11693"}],"collection":[{"href":"https:\/\/cardouro.pt\/en\/wp-json\/wp\/v2\/pages"}],"about":[{"href":"https:\/\/cardouro.pt\/en\/wp-json\/wp\/v2\/types\/page"}],"author":[{"embeddable":true,"href":"https:\/\/cardouro.pt\/en\/wp-json\/wp\/v2\/users\/1"}],"replies":[{"embeddable":true,"href":"https:\/\/cardouro.pt\/en\/wp-json\/wp\/v2\/comments?post=11693"}],"version-history":[{"count":97,"href":"https:\/\/cardouro.pt\/en\/wp-json\/wp\/v2\/pages\/11693\/revisions"}],"predecessor-version":[{"id":29138,"href":"https:\/\/cardouro.pt\/en\/wp-json\/wp\/v2\/pages\/11693\/revisions\/29138"}],"wp:attachment":[{"href":"https:\/\/cardouro.pt\/en\/wp-json\/wp\/v2\/media?parent=11693"}],"curies":[{"name":"wp","href":"https:\/\/api.w.org\/{rel}","templated":true}]}}