{"id":11721,"date":"2021-05-06T14:11:00","date_gmt":"2021-05-06T14:11:00","guid":{"rendered":"https:\/\/cardouro.pt\/?page_id=11721"},"modified":"2021-05-19T12:57:18","modified_gmt":"2021-05-19T12:57:18","slug":"garantia-pos-venda","status":"publish","type":"page","link":"https:\/\/cardouro.pt\/en\/garantia-pos-venda\/","title":{"rendered":"Warranty"},"content":{"rendered":"<div data-elementor-type=\"wp-page\" data-elementor-id=\"11721\" class=\"elementor elementor-11721\" data-elementor-settings=\"[]\">\n\t\t\t\t\t\t\t<div class=\"elementor-section-wrap\">\n\t\t\t\t\t\t\t<section class=\"elementor-section elementor-top-section elementor-element elementor-element-27f57ba elementor-section-full_width elementor-section-height-min-height elementor-section-items-stretch elementor-section-content-middle elementor-section-height-default\" data-id=\"27f57ba\" data-element_type=\"section\" data-settings=\"{&quot;background_background&quot;:&quot;classic&quot;}\">\n\t\t\t\t\t\t\t<div class=\"elementor-background-overlay\"><\/div>\n\t\t\t\t\t\t\t<div class=\"elementor-container elementor-column-gap-default\">\n\t\t\t\t\t<div class=\"elementor-column elementor-col-100 elementor-top-column elementor-element elementor-element-6610965\" data-id=\"6610965\" data-element_type=\"column\" data-settings=\"{&quot;background_background&quot;:&quot;gradient&quot;}\">\n\t\t\t<div class=\"elementor-widget-wrap elementor-element-populated\">\n\t\t\t\t\t\t\t\t<section class=\"elementor-section elementor-inner-section elementor-element elementor-element-f08c056 elementor-section-boxed elementor-section-height-default elementor-section-height-default\" data-id=\"f08c056\" data-element_type=\"section\">\n\t\t\t\t\t\t<div class=\"elementor-container elementor-column-gap-default\">\n\t\t\t\t\t<div class=\"elementor-column elementor-col-100 elementor-inner-column elementor-element elementor-element-b45d684\" data-id=\"b45d684\" data-element_type=\"column\">\n\t\t\t<div class=\"elementor-widget-wrap elementor-element-populated\">\n\t\t\t\t\t\t\t\t<div class=\"elementor-element elementor-element-111902a elementor-widget elementor-widget-heading\" data-id=\"111902a\" data-element_type=\"widget\" data-widget_type=\"heading.default\">\n\t\t\t\t<div class=\"elementor-widget-container\">\n\t\t\t<h2 class=\"elementor-heading-title elementor-size-default\">Up to 5 years after-sales warranty<\/h2>\t\t<\/div>\n\t\t\t\t<\/div>\n\t\t\t\t<div class=\"elementor-element elementor-element-464f37c elementor-widget elementor-widget-text-editor\" data-id=\"464f37c\" data-element_type=\"widget\" data-widget_type=\"text-editor.default\">\n\t\t\t\t<div class=\"elementor-widget-container\">\n\t\t\t\t\t\t\t\t<p>We offer up to 5 years of warranty and 24-hour travel assistance. We safeguard the best professionals always at hand and the promise of a smooth trip, without complications or worries.<\/p>\t\t\t\t\t\t<\/div>\n\t\t\t\t<\/div>\n\t\t\t\t\t<\/div>\n\t\t<\/div>\n\t\t\t\t\t\t\t<\/div>\n\t\t<\/section>\n\t\t\t\t\t<\/div>\n\t\t<\/div>\n\t\t\t\t\t\t\t<\/div>\n\t\t<\/section>\n\t\t\t\t<section class=\"elementor-section elementor-top-section elementor-element elementor-element-fbb82fa elementor-section-boxed elementor-section-height-default elementor-section-height-default\" data-id=\"fbb82fa\" data-element_type=\"section\" data-settings=\"{&quot;background_background&quot;:&quot;classic&quot;}\">\n\t\t\t\t\t\t<div class=\"elementor-container elementor-column-gap-default\">\n\t\t\t\t\t<div class=\"elementor-column elementor-col-100 elementor-top-column elementor-element elementor-element-4a27cd2\" data-id=\"4a27cd2\" data-element_type=\"column\">\n\t\t\t<div class=\"elementor-widget-wrap elementor-element-populated\">\n\t\t\t\t\t\t\t\t<div class=\"elementor-element elementor-element-375d501 elementor-widget elementor-widget-heading\" data-id=\"375d501\" data-element_type=\"widget\" data-widget_type=\"heading.default\">\n\t\t\t\t<div class=\"elementor-widget-container\">\n\t\t\t<h3 class=\"elementor-heading-title elementor-size-default\">Discover the different warranty policies:<\/h3>\t\t<\/div>\n\t\t\t\t<\/div>\n\t\t\t\t<section class=\"elementor-section elementor-inner-section elementor-element elementor-element-67cacbf elementor-section-boxed elementor-section-height-default elementor-section-height-default\" data-id=\"67cacbf\" data-element_type=\"section\">\n\t\t\t\t\t\t<div class=\"elementor-container elementor-column-gap-default\">\n\t\t\t\t\t<div class=\"elementor-column elementor-col-20 elementor-inner-column elementor-element elementor-element-e343baf\" data-id=\"e343baf\" data-element_type=\"column\">\n\t\t\t<div class=\"elementor-widget-wrap elementor-element-populated\">\n\t\t\t\t\t\t\t\t<div class=\"elementor-element elementor-element-b7cb868 elementor-widget elementor-widget-heading\" data-id=\"b7cb868\" data-element_type=\"widget\" data-widget_type=\"heading.default\">\n\t\t\t\t<div class=\"elementor-widget-container\">\n\t\t\t<div class=\"elementor-heading-title elementor-size-default\"><a href=\"https:\/\/www.sng.pt\/index.php\/garantia\/garantia-automovel\" target=\"_blank\">Car Warranty<\/a><\/div>\t\t<\/div>\n\t\t\t\t<\/div>\n\t\t\t\t\t<\/div>\n\t\t<\/div>\n\t\t\t\t<div class=\"elementor-column elementor-col-20 elementor-inner-column elementor-element elementor-element-9762332\" data-id=\"9762332\" data-element_type=\"column\">\n\t\t\t<div class=\"elementor-widget-wrap elementor-element-populated\">\n\t\t\t\t\t\t\t\t<div class=\"elementor-element elementor-element-8f79f15 elementor-widget elementor-widget-heading\" data-id=\"8f79f15\" data-element_type=\"widget\" data-widget_type=\"heading.default\">\n\t\t\t\t<div class=\"elementor-widget-container\">\n\t\t\t<div class=\"elementor-heading-title elementor-size-default\"><a href=\"https:\/\/www.sng.pt\/index.php\/garantia\/garantia-prestige\" target=\"_blank\">Prestige Warranty<\/a><\/div>\t\t<\/div>\n\t\t\t\t<\/div>\n\t\t\t\t\t<\/div>\n\t\t<\/div>\n\t\t\t\t<div class=\"elementor-column elementor-col-20 elementor-inner-column elementor-element elementor-element-54e6aba\" data-id=\"54e6aba\" data-element_type=\"column\">\n\t\t\t<div class=\"elementor-widget-wrap elementor-element-populated\">\n\t\t\t\t\t\t\t\t<div class=\"elementor-element elementor-element-f1482d5 elementor-widget elementor-widget-heading\" data-id=\"f1482d5\" data-element_type=\"widget\" data-widget_type=\"heading.default\">\n\t\t\t\t<div class=\"elementor-widget-container\">\n\t\t\t<div class=\"elementor-heading-title elementor-size-default\"><a href=\"https:\/\/www.sng.pt\/index.php\/garantia\/garantia-moto\" target=\"_blank\">Motorcycle Warranty<\/a><\/div>\t\t<\/div>\n\t\t\t\t<\/div>\n\t\t\t\t\t<\/div>\n\t\t<\/div>\n\t\t\t\t<div class=\"elementor-column elementor-col-20 elementor-inner-column elementor-element elementor-element-0d743d0\" data-id=\"0d743d0\" data-element_type=\"column\">\n\t\t\t<div class=\"elementor-widget-wrap elementor-element-populated\">\n\t\t\t\t\t\t\t\t<div class=\"elementor-element elementor-element-b240dd8 elementor-widget elementor-widget-heading\" data-id=\"b240dd8\" data-element_type=\"widget\" data-widget_type=\"heading.default\">\n\t\t\t\t<div class=\"elementor-widget-container\">\n\t\t\t<div class=\"elementor-heading-title elementor-size-default\"><a href=\"https:\/\/www.sng.pt\/index.php\/garantia\/garantia-hibridos\" target=\"_blank\">Hybrid Warranty<\/a><\/div>\t\t<\/div>\n\t\t\t\t<\/div>\n\t\t\t\t\t<\/div>\n\t\t<\/div>\n\t\t\t\t<div class=\"elementor-column elementor-col-20 elementor-inner-column elementor-element elementor-element-0e82b46\" data-id=\"0e82b46\" data-element_type=\"column\">\n\t\t\t<div class=\"elementor-widget-wrap elementor-element-populated\">\n\t\t\t\t\t\t\t\t<div class=\"elementor-element elementor-element-0b699d1 elementor-widget elementor-widget-heading\" data-id=\"0b699d1\" data-element_type=\"widget\" data-widget_type=\"heading.default\">\n\t\t\t\t<div class=\"elementor-widget-container\">\n\t\t\t<div class=\"elementor-heading-title elementor-size-default\"><a href=\"https:\/\/www.sng.pt\/index.php\/garantia\/garantia-eletricos\" target=\"_blank\">Electrics Warranty<\/a><\/div>\t\t<\/div>\n\t\t\t\t<\/div>\n\t\t\t\t\t<\/div>\n\t\t<\/div>\n\t\t\t\t\t\t\t<\/div>\n\t\t<\/section>\n\t\t\t\t\t<\/div>\n\t\t<\/div>\n\t\t\t\t\t\t\t<\/div>\n\t\t<\/section>\n\t\t\t\t\t\t<\/div>\n\t\t\t\t\t<\/div>","protected":false},"excerpt":{"rendered":"<p>Garantia p\u00f3s venda at\u00e9 5 anos Oferecemos at\u00e9 5 anos de garantia e assist\u00eancia em viagem 24 horas. Salvaguardamos os melhores profissionais sempre \u00e0 m\u00e3o e a promessa de uma viagem tranquila, sem complica\u00e7\u00f5es ou preocupa\u00e7\u00f5es. Conhe\u00e7a as diferentes garantias: Garantia Autom\u00f3vel Garantia Prestige Garantia Moto Garantia H\u00edbridos Garantia El\u00e9tricos<\/p>","protected":false},"author":1,"featured_media":0,"parent":0,"menu_order":0,"comment_status":"closed","ping_status":"closed","template":"elementor_header_footer","meta":{"_links_to":"","_links_to_target":""},"yoast_head":"<!-- This site is optimized with the Yoast SEO plugin v17.1 - https:\/\/yoast.com\/wordpress\/plugins\/seo\/ -->\n<title>Garantia p\u00f3s-venda - Cardouro<\/title>\n<meta name=\"description\" content=\"Tenha um mec\u00e2nico sempre \u00e0 m\u00e3o. A garantia de uma viagem tranquila sem complica\u00e7\u00f5es ou preocupa\u00e7\u00f5es. A sua seguran\u00e7a pelo valor de 1 caf\u00e9 por dia.\" \/>\n<meta name=\"robots\" content=\"index, follow, max-snippet:-1, max-image-preview:large, max-video-preview:-1\" \/>\n<link rel=\"canonical\" href=\"https:\/\/cardouro.pt\/en\/garantia-pos-venda\/\" \/>\n<meta property=\"og:locale\" content=\"en_GB\" \/>\n<meta property=\"og:type\" content=\"article\" \/>\n<meta property=\"og:title\" content=\"Garantia p\u00f3s-venda - Cardouro\" \/>\n<meta property=\"og:description\" content=\"Tenha um mec\u00e2nico sempre \u00e0 m\u00e3o. A garantia de uma viagem tranquila sem complica\u00e7\u00f5es ou preocupa\u00e7\u00f5es. A sua seguran\u00e7a pelo valor de 1 caf\u00e9 por dia.\" \/>\n<meta property=\"og:url\" content=\"https:\/\/cardouro.pt\/en\/garantia-pos-venda\/\" \/>\n<meta property=\"og:site_name\" content=\"Cardouro\" \/>\n<meta property=\"article:publisher\" content=\"https:\/\/www.facebook.com\/cardouro\/\" \/>\n<meta property=\"article:modified_time\" content=\"2021-05-19T12:57:18+00:00\" \/>\n<meta name=\"twitter:card\" content=\"summary_large_image\" \/>\n<meta name=\"twitter:label1\" content=\"Estimated reading time\" \/>\n\t<meta name=\"twitter:data1\" content=\"1 minute\" \/>\n<script type=\"application\/ld+json\" class=\"yoast-schema-graph\">{\"@context\":\"https:\/\/schema.org\",\"@graph\":[{\"@type\":\"Organization\",\"@id\":\"https:\/\/cardouro.pt\/#organization\",\"name\":\"CARDOURO\",\"url\":\"https:\/\/cardouro.pt\/\",\"sameAs\":[\"https:\/\/www.facebook.com\/cardouro\/\",\"https:\/\/www.instagram.com\/cardouroautomoveis\/\",\"https:\/\/www.youtube.com\/channel\/UC1jwa-BW3QxIDzfSMWfufjA\"],\"logo\":{\"@type\":\"ImageObject\",\"@id\":\"https:\/\/cardouro.pt\/#logo\",\"inLanguage\":\"en-GB\",\"url\":\"\",\"contentUrl\":\"\",\"caption\":\"CARDOURO\"},\"image\":{\"@id\":\"https:\/\/cardouro.pt\/#logo\"}},{\"@type\":\"WebSite\",\"@id\":\"https:\/\/cardouro.pt\/#website\",\"url\":\"https:\/\/cardouro.pt\/\",\"name\":\"Cardouro\",\"description\":\"Autom\\u00f3veis Multimarcas de luxo\",\"publisher\":{\"@id\":\"https:\/\/cardouro.pt\/#organization\"},\"potentialAction\":[{\"@type\":\"SearchAction\",\"target\":{\"@type\":\"EntryPoint\",\"urlTemplate\":\"https:\/\/cardouro.pt\/?s={search_term_string}\"},\"query-input\":\"required name=search_term_string\"}],\"inLanguage\":\"en-GB\"},{\"@type\":\"WebPage\",\"@id\":\"https:\/\/cardouro.pt\/garantia-pos-venda\/#webpage\",\"url\":\"https:\/\/cardouro.pt\/garantia-pos-venda\/\",\"name\":\"Garantia p\\u00f3s-venda - Cardouro\",\"isPartOf\":{\"@id\":\"https:\/\/cardouro.pt\/#website\"},\"datePublished\":\"2021-05-06T14:11:00+00:00\",\"dateModified\":\"2021-05-19T12:57:18+00:00\",\"description\":\"Tenha um mec\\u00e2nico sempre \\u00e0 m\\u00e3o. A garantia de uma viagem tranquila sem complica\\u00e7\\u00f5es ou preocupa\\u00e7\\u00f5es. A sua seguran\\u00e7a pelo valor de 1 caf\\u00e9 por dia.\",\"breadcrumb\":{\"@id\":\"https:\/\/cardouro.pt\/garantia-pos-venda\/#breadcrumb\"},\"inLanguage\":\"en-GB\",\"potentialAction\":[{\"@type\":\"ReadAction\",\"target\":[\"https:\/\/cardouro.pt\/garantia-pos-venda\/\"]}]},{\"@type\":\"BreadcrumbList\",\"@id\":\"https:\/\/cardouro.pt\/garantia-pos-venda\/#breadcrumb\",\"itemListElement\":[{\"@type\":\"ListItem\",\"position\":1,\"name\":\"In\\u00edcio\",\"item\":\"https:\/\/cardouro.pt\/\"},{\"@type\":\"ListItem\",\"position\":2,\"name\":\"Garantia p\\u00f3s-venda\"}]}]}<\/script>\n<!-- \/ Yoast SEO plugin. -->","yoast_head_json":{"title":"Garantia p\u00f3s-venda - Cardouro","description":"Tenha um mec\u00e2nico sempre \u00e0 m\u00e3o. A garantia de uma viagem tranquila sem complica\u00e7\u00f5es ou preocupa\u00e7\u00f5es. A sua seguran\u00e7a pelo valor de 1 caf\u00e9 por dia.","robots":{"index":"index","follow":"follow","max-snippet":"max-snippet:-1","max-image-preview":"max-image-preview:large","max-video-preview":"max-video-preview:-1"},"canonical":"https:\/\/cardouro.pt\/en\/garantia-pos-venda\/","og_locale":"en_GB","og_type":"article","og_title":"Garantia p\u00f3s-venda - Cardouro","og_description":"Tenha um mec\u00e2nico sempre \u00e0 m\u00e3o. A garantia de uma viagem tranquila sem complica\u00e7\u00f5es ou preocupa\u00e7\u00f5es. A sua seguran\u00e7a pelo valor de 1 caf\u00e9 por dia.","og_url":"https:\/\/cardouro.pt\/en\/garantia-pos-venda\/","og_site_name":"Cardouro","article_publisher":"https:\/\/www.facebook.com\/cardouro\/","article_modified_time":"2021-05-19T12:57:18+00:00","twitter_card":"summary_large_image","twitter_misc":{"Estimated reading time":"1 minute"},"schema":{"@context":"https:\/\/schema.org","@graph":[{"@type":"Organization","@id":"https:\/\/cardouro.pt\/#organization","name":"CARDOURO","url":"https:\/\/cardouro.pt\/","sameAs":["https:\/\/www.facebook.com\/cardouro\/","https:\/\/www.instagram.com\/cardouroautomoveis\/","https:\/\/www.youtube.com\/channel\/UC1jwa-BW3QxIDzfSMWfufjA"],"logo":{"@type":"ImageObject","@id":"https:\/\/cardouro.pt\/#logo","inLanguage":"en-GB","url":"","contentUrl":"","caption":"CARDOURO"},"image":{"@id":"https:\/\/cardouro.pt\/#logo"}},{"@type":"WebSite","@id":"https:\/\/cardouro.pt\/#website","url":"https:\/\/cardouro.pt\/","name":"Cardouro","description":"Autom\u00f3veis Multimarcas de luxo","publisher":{"@id":"https:\/\/cardouro.pt\/#organization"},"potentialAction":[{"@type":"SearchAction","target":{"@type":"EntryPoint","urlTemplate":"https:\/\/cardouro.pt\/?s={search_term_string}"},"query-input":"required name=search_term_string"}],"inLanguage":"en-GB"},{"@type":"WebPage","@id":"https:\/\/cardouro.pt\/garantia-pos-venda\/#webpage","url":"https:\/\/cardouro.pt\/garantia-pos-venda\/","name":"Garantia p\u00f3s-venda - Cardouro","isPartOf":{"@id":"https:\/\/cardouro.pt\/#website"},"datePublished":"2021-05-06T14:11:00+00:00","dateModified":"2021-05-19T12:57:18+00:00","description":"Tenha um mec\u00e2nico sempre \u00e0 m\u00e3o. A garantia de uma viagem tranquila sem complica\u00e7\u00f5es ou preocupa\u00e7\u00f5es. A sua seguran\u00e7a pelo valor de 1 caf\u00e9 por dia.","breadcrumb":{"@id":"https:\/\/cardouro.pt\/garantia-pos-venda\/#breadcrumb"},"inLanguage":"en-GB","potentialAction":[{"@type":"ReadAction","target":["https:\/\/cardouro.pt\/garantia-pos-venda\/"]}]},{"@type":"BreadcrumbList","@id":"https:\/\/cardouro.pt\/garantia-pos-venda\/#breadcrumb","itemListElement":[{"@type":"ListItem","position":1,"name":"In\u00edcio","item":"https:\/\/cardouro.pt\/"},{"@type":"ListItem","position":2,"name":"Garantia p\u00f3s-venda"}]}]}},"_links":{"self":[{"href":"https:\/\/cardouro.pt\/en\/wp-json\/wp\/v2\/pages\/11721"}],"collection":[{"href":"https:\/\/cardouro.pt\/en\/wp-json\/wp\/v2\/pages"}],"about":[{"href":"https:\/\/cardouro.pt\/en\/wp-json\/wp\/v2\/types\/page"}],"author":[{"embeddable":true,"href":"https:\/\/cardouro.pt\/en\/wp-json\/wp\/v2\/users\/1"}],"replies":[{"embeddable":true,"href":"https:\/\/cardouro.pt\/en\/wp-json\/wp\/v2\/comments?post=11721"}],"version-history":[{"count":36,"href":"https:\/\/cardouro.pt\/en\/wp-json\/wp\/v2\/pages\/11721\/revisions"}],"predecessor-version":[{"id":12838,"href":"https:\/\/cardouro.pt\/en\/wp-json\/wp\/v2\/pages\/11721\/revisions\/12838"}],"wp:attachment":[{"href":"https:\/\/cardouro.pt\/en\/wp-json\/wp\/v2\/media?parent=11721"}],"curies":[{"name":"wp","href":"https:\/\/api.w.org\/{rel}","templated":true}]}}