{"id":11805,"date":"2021-05-06T15:42:00","date_gmt":"2021-05-06T15:42:00","guid":{"rendered":"https:\/\/cardouro.pt\/?page_id=11805"},"modified":"2021-05-13T12:44:37","modified_gmt":"2021-05-13T12:44:37","slug":"solucoes-de-financiamento","status":"publish","type":"page","link":"https:\/\/cardouro.pt\/en\/solucoes-de-financiamento\/","title":{"rendered":"Financing Solutions"},"content":{"rendered":"<div data-elementor-type=\"wp-page\" data-elementor-id=\"11805\" class=\"elementor elementor-11805\" data-elementor-settings=\"[]\">\n\t\t\t\t\t\t\t<div class=\"elementor-section-wrap\">\n\t\t\t\t\t\t\t<section class=\"elementor-section elementor-top-section elementor-element elementor-element-b53a4d0 elementor-section-full_width elementor-section-height-min-height elementor-section-items-stretch elementor-section-content-middle elementor-section-height-default\" data-id=\"b53a4d0\" data-element_type=\"section\" data-settings=\"{&quot;background_background&quot;:&quot;classic&quot;}\">\n\t\t\t\t\t\t\t<div class=\"elementor-background-overlay\"><\/div>\n\t\t\t\t\t\t\t<div class=\"elementor-container elementor-column-gap-default\">\n\t\t\t\t\t<div class=\"elementor-column elementor-col-100 elementor-top-column elementor-element elementor-element-906c3f5\" data-id=\"906c3f5\" data-element_type=\"column\" data-settings=\"{&quot;background_background&quot;:&quot;gradient&quot;}\">\n\t\t\t<div class=\"elementor-widget-wrap elementor-element-populated\">\n\t\t\t\t\t\t\t\t<section class=\"elementor-section elementor-inner-section elementor-element elementor-element-24f2fe0 elementor-section-boxed elementor-section-height-default elementor-section-height-default\" data-id=\"24f2fe0\" data-element_type=\"section\">\n\t\t\t\t\t\t<div class=\"elementor-container elementor-column-gap-default\">\n\t\t\t\t\t<div class=\"elementor-column elementor-col-100 elementor-inner-column elementor-element elementor-element-cfed82f\" data-id=\"cfed82f\" data-element_type=\"column\">\n\t\t\t<div class=\"elementor-widget-wrap elementor-element-populated\">\n\t\t\t\t\t\t\t\t<div class=\"elementor-element elementor-element-c6a52c5 elementor-widget elementor-widget-heading\" data-id=\"c6a52c5\" data-element_type=\"widget\" data-widget_type=\"heading.default\">\n\t\t\t\t<div class=\"elementor-widget-container\">\n\t\t\t<h2 class=\"elementor-heading-title elementor-size-default\">Financing Solutions made for you<\/h2>\t\t<\/div>\n\t\t\t\t<\/div>\n\t\t\t\t\t<\/div>\n\t\t<\/div>\n\t\t\t\t\t\t\t<\/div>\n\t\t<\/section>\n\t\t\t\t\t<\/div>\n\t\t<\/div>\n\t\t\t\t\t\t\t<\/div>\n\t\t<\/section>\n\t\t\t\t<section class=\"elementor-section elementor-top-section elementor-element elementor-element-1ca5208 elementor-section-content-middle elementor-section-boxed elementor-section-height-default elementor-section-height-default\" data-id=\"1ca5208\" data-element_type=\"section\" data-settings=\"{&quot;background_background&quot;:&quot;classic&quot;}\">\n\t\t\t\t\t\t<div class=\"elementor-container elementor-column-gap-default\">\n\t\t\t\t\t<div class=\"elementor-column elementor-col-100 elementor-top-column elementor-element elementor-element-dc98ab7\" data-id=\"dc98ab7\" data-element_type=\"column\">\n\t\t\t<div class=\"elementor-widget-wrap elementor-element-populated\">\n\t\t\t\t\t\t\t\t<section class=\"elementor-section elementor-inner-section elementor-element elementor-element-21264d6 elementor-section-boxed elementor-section-height-default elementor-section-height-default\" data-id=\"21264d6\" data-element_type=\"section\">\n\t\t\t\t\t\t<div class=\"elementor-container elementor-column-gap-default\">\n\t\t\t\t\t<div class=\"elementor-column elementor-col-50 elementor-inner-column elementor-element elementor-element-4c89ec9\" data-id=\"4c89ec9\" data-element_type=\"column\">\n\t\t\t<div class=\"elementor-widget-wrap elementor-element-populated\">\n\t\t\t\t\t\t\t\t<div class=\"elementor-element elementor-element-4e22d39 elementor-widget elementor-widget-text-editor\" data-id=\"4e22d39\" data-element_type=\"widget\" data-widget_type=\"text-editor.default\">\n\t\t\t\t<div class=\"elementor-widget-container\">\n\t\t\t\t\t\t\t\t<p>We work with professionals who will monitor the entire process and choose the financing solution that best suits your needs.<\/p>\t\t\t\t\t\t<\/div>\n\t\t\t\t<\/div>\n\t\t\t\t<div class=\"elementor-element elementor-element-c89d245 elementor-widget elementor-widget-text-editor\" data-id=\"c89d245\" data-element_type=\"widget\" data-widget_type=\"text-editor.default\">\n\t\t\t\t<div class=\"elementor-widget-container\">\n\t\t\t\t\t\t\t\t<p>We are at your disposal in selecting the most appropriate option, including overcoming any obstacle in the purchase of your vehicle, regardless of the term (from 12 to 120 months), whether with or without entry. Subsequently, we deliver your vehicle to your home, without ever letting you lose your comfort and security when finalizing your business.<\/p><p>With the digital signature, it is possible to sign your car credit without leaving your home.<\/p>\t\t\t\t\t\t<\/div>\n\t\t\t\t<\/div>\n\t\t\t\t\t<\/div>\n\t\t<\/div>\n\t\t\t\t<div class=\"elementor-column elementor-col-50 elementor-inner-column elementor-element elementor-element-e5e9a24\" data-id=\"e5e9a24\" data-element_type=\"column\">\n\t\t\t<div class=\"elementor-widget-wrap elementor-element-populated\">\n\t\t\t\t\t\t\t\t<div class=\"elementor-element elementor-element-5dcf71c elementor-button-align-stretch elementor-widget elementor-widget-form\" data-id=\"5dcf71c\" data-element_type=\"widget\" data-settings=\"{&quot;step_next_label&quot;:&quot;Next&quot;,&quot;step_previous_label&quot;:&quot;Previous&quot;,&quot;button_width&quot;:&quot;100&quot;,&quot;step_type&quot;:&quot;number_text&quot;,&quot;step_icon_shape&quot;:&quot;circle&quot;}\" data-widget_type=\"form.default\">\n\t\t\t\t<div class=\"elementor-widget-container\">\n\t\t\t\t\t<form class=\"elementor-form\" method=\"post\" name=\"Solu\u00e7\u00f5es de Financiamento\" action=\"\">\n\t\t\t<input type=\"hidden\" name=\"post_id\" value=\"11805\"\/>\n\t\t\t<input type=\"hidden\" name=\"form_id\" value=\"5dcf71c\"\/>\n\t\t\t<input type=\"hidden\" name=\"referer_title\" value=\"Cardouro\" \/>\n\n\t\t\t\n\t\t\t<div class=\"elementor-form-fields-wrapper elementor-labels-\">\n\t\t\t\t\t\t\t\t<div class=\"elementor-field-type-html elementor-field-group elementor-column elementor-field-group-field_386827d elementor-col-100\">\n\t\t\t\t\t<div style=\"color:#fff; text-align:center; margin-bottom:10px\">Get in touch<\/div>\t\t\t\t<\/div>\n\t\t\t\t\t\t\t\t<div class=\"elementor-field-type-text elementor-field-group elementor-column elementor-field-group-nome elementor-col-50 elementor-field-required\">\n\t\t\t\t\t<label for=\"form-field-nome\" class=\"elementor-field-label elementor-screen-only\">Name<\/label><input size=\"1\" type=\"text\" name=\"form_fields[nome]\" id=\"form-field-nome\" class=\"elementor-field elementor-size-sm  elementor-field-textual\" placeholder=\"Name\" required=\"required\" aria-required=\"true\">\t\t\t\t<\/div>\n\t\t\t\t\t\t\t\t<div class=\"elementor-field-type-tel elementor-field-group elementor-column elementor-field-group-telemovel elementor-col-50 elementor-field-required\">\n\t\t\t\t\t<label for=\"form-field-telemovel\" class=\"elementor-field-label elementor-screen-only\">Phone<\/label><input size=\"1\" type=\"tel\" name=\"form_fields[telemovel]\" id=\"form-field-telemovel\" class=\"elementor-field elementor-size-sm  elementor-field-textual\" placeholder=\"Phone\" required=\"required\" aria-required=\"true\" pattern=\"[0-9()#&amp;+*-=.]+\" title=\"Only numbers and phone characters (#, -, *, etc) are accepted.\">\t\t\t\t<\/div>\n\t\t\t\t\t\t\t\t<div class=\"elementor-field-type-email elementor-field-group elementor-column elementor-field-group-email elementor-col-100 elementor-field-required\">\n\t\t\t\t\t<label for=\"form-field-email\" class=\"elementor-field-label elementor-screen-only\">Email<\/label><input size=\"1\" type=\"email\" name=\"form_fields[email]\" id=\"form-field-email\" class=\"elementor-field elementor-size-sm  elementor-field-textual\" placeholder=\"Email\" required=\"required\" aria-required=\"true\">\t\t\t\t<\/div>\n\t\t\t\t\t\t\t\t<div class=\"elementor-field-type-html elementor-field-group elementor-column elementor-field-group-field_cb0f780 elementor-col-100\">\n\t\t\t\t\t<input type=\"checkbox\" name=\"checkbox\" value=\"check\" id=\"agree\" required>\n\n<span style=\"font-size:12px!important;letter-spacing:0\">\n\nI have read and accept the terms of<a href=\"https:\/\/cardouro.pt\/en\/politica-de-privacidade\/\" style=\"color:#EAB511\" target=\"_blank\"> Privacy Policy<\/a>.\t\t\t\t<\/div>\n\t\t\t\t\t\t\t\t<div class=\"elementor-field-group elementor-column elementor-field-type-submit elementor-col-100 e-form__buttons\">\n\t\t\t\t\t<button type=\"submit\" class=\"elementor-button elementor-size-sm\">\n\t\t\t\t\t\t<span >\n\t\t\t\t\t\t\t\t\t\t\t\t\t\t\t<span class=\"elementor-button-icon\">\n\t\t\t\t\t\t\t\t\t\t\t\t\t\t\t\t\t\t\t\t\t\t\t\t\t\t<\/span>\n\t\t\t\t\t\t\t\t\t\t\t\t\t\t\t\t\t\t\t\t\t\t<span class=\"elementor-button-text\">Submit<\/span>\n\t\t\t\t\t\t\t\t\t\t\t\t\t<\/span>\n\t\t\t\t\t<\/button>\n\t\t\t\t<\/div>\n\t\t\t<\/div>\n\t\t<input type=\"hidden\" name=\"trp-form-language\" value=\"en\"\/><\/form>\n\t\t\t\t<\/div>\n\t\t\t\t<\/div>\n\t\t\t\t<section class=\"elementor-section elementor-inner-section elementor-element elementor-element-852ae9c elementor-section-boxed elementor-section-height-default elementor-section-height-default\" data-id=\"852ae9c\" data-element_type=\"section\" data-settings=\"{&quot;background_background&quot;:&quot;classic&quot;}\">\n\t\t\t\t\t\t<div class=\"elementor-container elementor-column-gap-default\">\n\t\t\t\t\t<div class=\"elementor-column elementor-col-100 elementor-inner-column elementor-element elementor-element-2b0fa50\" data-id=\"2b0fa50\" data-element_type=\"column\">\n\t\t\t<div class=\"elementor-widget-wrap elementor-element-populated\">\n\t\t\t\t\t\t\t\t<div class=\"elementor-element elementor-element-72247d1 elementor-widget__width-auto elementor-widget elementor-widget-image\" data-id=\"72247d1\" data-element_type=\"widget\" data-widget_type=\"image.default\">\n\t\t\t\t<div class=\"elementor-widget-container\">\n\t\t\t\t\t\t\t\t\t\t\t\t\t\t\t\t<a href=\"https:\/\/www.montepiocredito.pt\/\" target=\"_blank\">\n\t\t\t\t\t\t\t<img width=\"300\" height=\"150\" src=\"https:\/\/cardouro.pt\/wp-content\/uploads\/2021\/05\/banco-montepio-logo-cardouro-financiamento-veiculos-viaturas-carros-motas.png\" class=\"attachment-full size-full\" alt=\"\" \/>\t\t\t\t\t\t\t\t<\/a>\n\t\t\t\t\t\t\t\t\t\t\t\t\t\t\t<\/div>\n\t\t\t\t<\/div>\n\t\t\t\t<div class=\"elementor-element elementor-element-4771dfc elementor-widget__width-auto elementor-widget elementor-widget-image\" data-id=\"4771dfc\" data-element_type=\"widget\" data-widget_type=\"image.default\">\n\t\t\t\t<div class=\"elementor-widget-container\">\n\t\t\t\t\t\t\t\t\t\t\t\t\t\t\t\t<a href=\"https:\/\/www.cetelem.pt\/\">\n\t\t\t\t\t\t\t<img width=\"300\" height=\"150\" src=\"https:\/\/cardouro.pt\/wp-content\/uploads\/2021\/05\/cetelem-logo-cardouro-financiamento-veiculos-viaturas-carros-motas.png\" class=\"attachment-full size-full\" alt=\"\" \/>\t\t\t\t\t\t\t\t<\/a>\n\t\t\t\t\t\t\t\t\t\t\t\t\t\t\t<\/div>\n\t\t\t\t<\/div>\n\t\t\t\t<div class=\"elementor-element elementor-element-b9890d1 elementor-widget__width-auto elementor-widget elementor-widget-image\" data-id=\"b9890d1\" data-element_type=\"widget\" data-widget_type=\"image.default\">\n\t\t\t\t<div class=\"elementor-widget-container\">\n\t\t\t\t\t\t\t\t\t\t\t\t\t\t\t\t<a href=\"https:\/\/www.bbva.pt\/particulares\/index.jsp\" target=\"_blank\">\n\t\t\t\t\t\t\t<img width=\"300\" height=\"150\" src=\"https:\/\/cardouro.pt\/wp-content\/uploads\/2021\/05\/bbva-logo-cardouro-financiamento-veiculos-viaturas-carros-motas.png\" class=\"attachment-full size-full\" alt=\"\" \/>\t\t\t\t\t\t\t\t<\/a>\n\t\t\t\t\t\t\t\t\t\t\t\t\t\t\t<\/div>\n\t\t\t\t<\/div>\n\t\t\t\t<div class=\"elementor-element elementor-element-62f0353 elementor-widget__width-auto elementor-widget elementor-widget-image\" data-id=\"62f0353\" data-element_type=\"widget\" data-widget_type=\"image.default\">\n\t\t\t\t<div class=\"elementor-widget-container\">\n\t\t\t\t\t\t\t\t\t\t\t\t\t\t\t\t<a href=\"https:\/\/www.santander.pt\/pt_PT\/Particulares.html\">\n\t\t\t\t\t\t\t<img width=\"300\" height=\"150\" src=\"https:\/\/cardouro.pt\/wp-content\/uploads\/2021\/05\/santander-logo-cardouro-financiamento-veiculos-viaturas-carros-motas.png\" class=\"attachment-full size-full\" alt=\"\" \/>\t\t\t\t\t\t\t\t<\/a>\n\t\t\t\t\t\t\t\t\t\t\t\t\t\t\t<\/div>\n\t\t\t\t<\/div>\n\t\t\t\t<div class=\"elementor-element elementor-element-1f74df8 elementor-widget__width-auto elementor-widget elementor-widget-image\" data-id=\"1f74df8\" data-element_type=\"widget\" data-widget_type=\"image.default\">\n\t\t\t\t<div class=\"elementor-widget-container\">\n\t\t\t\t\t\t\t\t\t\t\t\t\t\t\t\t<a href=\"https:\/\/www.bancoprimus.pt\/\" target=\"_blank\">\n\t\t\t\t\t\t\t<img width=\"300\" height=\"150\" src=\"https:\/\/cardouro.pt\/wp-content\/uploads\/2021\/05\/banco-primus-logo-cardouro-financiamento-veiculos-viaturas-carros-motas.png\" class=\"attachment-full size-full\" alt=\"\" \/>\t\t\t\t\t\t\t\t<\/a>\n\t\t\t\t\t\t\t\t\t\t\t\t\t\t\t<\/div>\n\t\t\t\t<\/div>\n\t\t\t\t\t<\/div>\n\t\t<\/div>\n\t\t\t\t\t\t\t<\/div>\n\t\t<\/section>\n\t\t\t\t\t<\/div>\n\t\t<\/div>\n\t\t\t\t\t\t\t<\/div>\n\t\t<\/section>\n\t\t\t\t\t<\/div>\n\t\t<\/div>\n\t\t\t\t\t\t\t<\/div>\n\t\t<\/section>\n\t\t\t\t\t\t<\/div>\n\t\t\t\t\t<\/div>","protected":false},"excerpt":{"rendered":"<p>Solu\u00e7\u00f5es de financiamento \u00e0 sua medida Trabalhamos com profissionais que acompanhar\u00e3o todo o processo e escolha da solu\u00e7\u00e3o de financiamento mais adequada \u00e0s suas necessidades. Estamos ao seu dispor na sele\u00e7\u00e3o da op\u00e7\u00e3o mais adequada, inclusive, ultrapassar qualquer obst\u00e1culo na aquisi\u00e7\u00e3o da sua viatura, independentemente do prazo (de 12 a 120 meses), seja com ou&#8230;<\/p>","protected":false},"author":1,"featured_media":0,"parent":0,"menu_order":0,"comment_status":"closed","ping_status":"closed","template":"elementor_header_footer","meta":{"_links_to":"","_links_to_target":""},"yoast_head":"<!-- This site is optimized with the Yoast SEO plugin v17.1 - https:\/\/yoast.com\/wordpress\/plugins\/seo\/ -->\n<title>Solu\u00e7\u00f5es de Financiamento - Cardouro<\/title>\n<meta name=\"description\" content=\"Aqui encontrar\u00e1 um profissional que ir\u00e1 acompanhar todo o processo e escolha da solu\u00e7\u00e3o de financiamento mais adequada. Trate do seu cr\u00e9dito autom\u00f3vel sem sair de casa.\" \/>\n<meta name=\"robots\" content=\"index, follow, max-snippet:-1, max-image-preview:large, max-video-preview:-1\" \/>\n<link rel=\"canonical\" href=\"https:\/\/cardouro.pt\/en\/solucoes-de-financiamento\/\" \/>\n<meta property=\"og:locale\" content=\"en_GB\" \/>\n<meta property=\"og:type\" content=\"article\" \/>\n<meta property=\"og:title\" content=\"Solu\u00e7\u00f5es de Financiamento - Cardouro\" \/>\n<meta property=\"og:description\" content=\"Aqui encontrar\u00e1 um profissional que ir\u00e1 acompanhar todo o processo e escolha da solu\u00e7\u00e3o de financiamento mais adequada. Trate do seu cr\u00e9dito autom\u00f3vel sem sair de casa.\" \/>\n<meta property=\"og:url\" content=\"https:\/\/cardouro.pt\/en\/solucoes-de-financiamento\/\" \/>\n<meta property=\"og:site_name\" content=\"Cardouro\" \/>\n<meta property=\"article:publisher\" content=\"https:\/\/www.facebook.com\/cardouro\/\" \/>\n<meta property=\"article:modified_time\" content=\"2021-05-13T12:44:37+00:00\" \/>\n<meta property=\"og:image\" content=\"https:\/\/cardouro.pt\/wp-content\/uploads\/2021\/05\/banco-montepio-logo-cardouro-financiamento-veiculos-viaturas-carros-motas.png\" \/>\n<meta name=\"twitter:card\" content=\"summary_large_image\" \/>\n<meta name=\"twitter:label1\" content=\"Estimated reading time\" \/>\n\t<meta name=\"twitter:data1\" content=\"2 minutes\" \/>\n<script type=\"application\/ld+json\" class=\"yoast-schema-graph\">{\"@context\":\"https:\/\/schema.org\",\"@graph\":[{\"@type\":\"Organization\",\"@id\":\"https:\/\/cardouro.pt\/#organization\",\"name\":\"CARDOURO\",\"url\":\"https:\/\/cardouro.pt\/\",\"sameAs\":[\"https:\/\/www.facebook.com\/cardouro\/\",\"https:\/\/www.instagram.com\/cardouroautomoveis\/\",\"https:\/\/www.youtube.com\/channel\/UC1jwa-BW3QxIDzfSMWfufjA\"],\"logo\":{\"@type\":\"ImageObject\",\"@id\":\"https:\/\/cardouro.pt\/#logo\",\"inLanguage\":\"en-GB\",\"url\":\"\",\"contentUrl\":\"\",\"caption\":\"CARDOURO\"},\"image\":{\"@id\":\"https:\/\/cardouro.pt\/#logo\"}},{\"@type\":\"WebSite\",\"@id\":\"https:\/\/cardouro.pt\/#website\",\"url\":\"https:\/\/cardouro.pt\/\",\"name\":\"Cardouro\",\"description\":\"Autom\\u00f3veis Multimarcas de luxo\",\"publisher\":{\"@id\":\"https:\/\/cardouro.pt\/#organization\"},\"potentialAction\":[{\"@type\":\"SearchAction\",\"target\":{\"@type\":\"EntryPoint\",\"urlTemplate\":\"https:\/\/cardouro.pt\/?s={search_term_string}\"},\"query-input\":\"required name=search_term_string\"}],\"inLanguage\":\"en-GB\"},{\"@type\":\"ImageObject\",\"@id\":\"https:\/\/cardouro.pt\/solucoes-de-financiamento\/#primaryimage\",\"inLanguage\":\"en-GB\",\"url\":\"https:\/\/cardouro.pt\/wp-content\/uploads\/2021\/05\/banco-montepio-logo-cardouro-financiamento-veiculos-viaturas-carros-motas.png\",\"contentUrl\":\"https:\/\/cardouro.pt\/wp-content\/uploads\/2021\/05\/banco-montepio-logo-cardouro-financiamento-veiculos-viaturas-carros-motas.png\",\"width\":300,\"height\":150},{\"@type\":\"WebPage\",\"@id\":\"https:\/\/cardouro.pt\/solucoes-de-financiamento\/#webpage\",\"url\":\"https:\/\/cardouro.pt\/solucoes-de-financiamento\/\",\"name\":\"Solu\\u00e7\\u00f5es de Financiamento - Cardouro\",\"isPartOf\":{\"@id\":\"https:\/\/cardouro.pt\/#website\"},\"primaryImageOfPage\":{\"@id\":\"https:\/\/cardouro.pt\/solucoes-de-financiamento\/#primaryimage\"},\"datePublished\":\"2021-05-06T15:42:00+00:00\",\"dateModified\":\"2021-05-13T12:44:37+00:00\",\"description\":\"Aqui encontrar\\u00e1 um profissional que ir\\u00e1 acompanhar todo o processo e escolha da solu\\u00e7\\u00e3o de financiamento mais adequada. Trate do seu cr\\u00e9dito autom\\u00f3vel sem sair de casa.\",\"breadcrumb\":{\"@id\":\"https:\/\/cardouro.pt\/solucoes-de-financiamento\/#breadcrumb\"},\"inLanguage\":\"en-GB\",\"potentialAction\":[{\"@type\":\"ReadAction\",\"target\":[\"https:\/\/cardouro.pt\/solucoes-de-financiamento\/\"]}]},{\"@type\":\"BreadcrumbList\",\"@id\":\"https:\/\/cardouro.pt\/solucoes-de-financiamento\/#breadcrumb\",\"itemListElement\":[{\"@type\":\"ListItem\",\"position\":1,\"name\":\"In\\u00edcio\",\"item\":\"https:\/\/cardouro.pt\/\"},{\"@type\":\"ListItem\",\"position\":2,\"name\":\"Solu\\u00e7\\u00f5es de Financiamento\"}]}]}<\/script>\n<!-- \/ Yoast SEO plugin. -->","yoast_head_json":{"title":"Solu\u00e7\u00f5es de Financiamento - Cardouro","description":"Aqui encontrar\u00e1 um profissional que ir\u00e1 acompanhar todo o processo e escolha da solu\u00e7\u00e3o de financiamento mais adequada. Trate do seu cr\u00e9dito autom\u00f3vel sem sair de casa.","robots":{"index":"index","follow":"follow","max-snippet":"max-snippet:-1","max-image-preview":"max-image-preview:large","max-video-preview":"max-video-preview:-1"},"canonical":"https:\/\/cardouro.pt\/en\/solucoes-de-financiamento\/","og_locale":"en_GB","og_type":"article","og_title":"Solu\u00e7\u00f5es de Financiamento - Cardouro","og_description":"Aqui encontrar\u00e1 um profissional que ir\u00e1 acompanhar todo o processo e escolha da solu\u00e7\u00e3o de financiamento mais adequada. Trate do seu cr\u00e9dito autom\u00f3vel sem sair de casa.","og_url":"https:\/\/cardouro.pt\/en\/solucoes-de-financiamento\/","og_site_name":"Cardouro","article_publisher":"https:\/\/www.facebook.com\/cardouro\/","article_modified_time":"2021-05-13T12:44:37+00:00","og_image":[{"url":"https:\/\/cardouro.pt\/wp-content\/uploads\/2021\/05\/banco-montepio-logo-cardouro-financiamento-veiculos-viaturas-carros-motas.png"}],"twitter_card":"summary_large_image","twitter_misc":{"Estimated reading time":"2 minutes"},"schema":{"@context":"https:\/\/schema.org","@graph":[{"@type":"Organization","@id":"https:\/\/cardouro.pt\/#organization","name":"CARDOURO","url":"https:\/\/cardouro.pt\/","sameAs":["https:\/\/www.facebook.com\/cardouro\/","https:\/\/www.instagram.com\/cardouroautomoveis\/","https:\/\/www.youtube.com\/channel\/UC1jwa-BW3QxIDzfSMWfufjA"],"logo":{"@type":"ImageObject","@id":"https:\/\/cardouro.pt\/#logo","inLanguage":"en-GB","url":"","contentUrl":"","caption":"CARDOURO"},"image":{"@id":"https:\/\/cardouro.pt\/#logo"}},{"@type":"WebSite","@id":"https:\/\/cardouro.pt\/#website","url":"https:\/\/cardouro.pt\/","name":"Cardouro","description":"Autom\u00f3veis Multimarcas de luxo","publisher":{"@id":"https:\/\/cardouro.pt\/#organization"},"potentialAction":[{"@type":"SearchAction","target":{"@type":"EntryPoint","urlTemplate":"https:\/\/cardouro.pt\/?s={search_term_string}"},"query-input":"required name=search_term_string"}],"inLanguage":"en-GB"},{"@type":"ImageObject","@id":"https:\/\/cardouro.pt\/solucoes-de-financiamento\/#primaryimage","inLanguage":"en-GB","url":"https:\/\/cardouro.pt\/wp-content\/uploads\/2021\/05\/banco-montepio-logo-cardouro-financiamento-veiculos-viaturas-carros-motas.png","contentUrl":"https:\/\/cardouro.pt\/wp-content\/uploads\/2021\/05\/banco-montepio-logo-cardouro-financiamento-veiculos-viaturas-carros-motas.png","width":300,"height":150},{"@type":"WebPage","@id":"https:\/\/cardouro.pt\/solucoes-de-financiamento\/#webpage","url":"https:\/\/cardouro.pt\/solucoes-de-financiamento\/","name":"Solu\u00e7\u00f5es de Financiamento - Cardouro","isPartOf":{"@id":"https:\/\/cardouro.pt\/#website"},"primaryImageOfPage":{"@id":"https:\/\/cardouro.pt\/solucoes-de-financiamento\/#primaryimage"},"datePublished":"2021-05-06T15:42:00+00:00","dateModified":"2021-05-13T12:44:37+00:00","description":"Aqui encontrar\u00e1 um profissional que ir\u00e1 acompanhar todo o processo e escolha da solu\u00e7\u00e3o de financiamento mais adequada. Trate do seu cr\u00e9dito autom\u00f3vel sem sair de casa.","breadcrumb":{"@id":"https:\/\/cardouro.pt\/solucoes-de-financiamento\/#breadcrumb"},"inLanguage":"en-GB","potentialAction":[{"@type":"ReadAction","target":["https:\/\/cardouro.pt\/solucoes-de-financiamento\/"]}]},{"@type":"BreadcrumbList","@id":"https:\/\/cardouro.pt\/solucoes-de-financiamento\/#breadcrumb","itemListElement":[{"@type":"ListItem","position":1,"name":"In\u00edcio","item":"https:\/\/cardouro.pt\/"},{"@type":"ListItem","position":2,"name":"Solu\u00e7\u00f5es de Financiamento"}]}]}},"_links":{"self":[{"href":"https:\/\/cardouro.pt\/en\/wp-json\/wp\/v2\/pages\/11805"}],"collection":[{"href":"https:\/\/cardouro.pt\/en\/wp-json\/wp\/v2\/pages"}],"about":[{"href":"https:\/\/cardouro.pt\/en\/wp-json\/wp\/v2\/types\/page"}],"author":[{"embeddable":true,"href":"https:\/\/cardouro.pt\/en\/wp-json\/wp\/v2\/users\/1"}],"replies":[{"embeddable":true,"href":"https:\/\/cardouro.pt\/en\/wp-json\/wp\/v2\/comments?post=11805"}],"version-history":[{"count":57,"href":"https:\/\/cardouro.pt\/en\/wp-json\/wp\/v2\/pages\/11805\/revisions"}],"predecessor-version":[{"id":12609,"href":"https:\/\/cardouro.pt\/en\/wp-json\/wp\/v2\/pages\/11805\/revisions\/12609"}],"wp:attachment":[{"href":"https:\/\/cardouro.pt\/en\/wp-json\/wp\/v2\/media?parent=11805"}],"curies":[{"name":"wp","href":"https:\/\/api.w.org\/{rel}","templated":true}]}}