{"id":11911,"date":"2021-05-06T16:35:53","date_gmt":"2021-05-06T16:35:53","guid":{"rendered":"https:\/\/cardouro.pt\/?page_id=11911"},"modified":"2021-05-13T12:47:48","modified_gmt":"2021-05-13T12:47:48","slug":"procuramos-o-seu-veiculo","status":"publish","type":"page","link":"https:\/\/cardouro.pt\/en\/procuramos-o-seu-veiculo\/","title":{"rendered":"We search for your vehicle"},"content":{"rendered":"<div data-elementor-type=\"wp-page\" data-elementor-id=\"11911\" class=\"elementor elementor-11911\" data-elementor-settings=\"[]\">\n\t\t\t\t\t\t\t<div class=\"elementor-section-wrap\">\n\t\t\t\t\t\t\t<section class=\"elementor-section elementor-top-section elementor-element elementor-element-d7332af elementor-section-full_width elementor-section-height-min-height elementor-section-items-stretch elementor-section-content-middle elementor-section-height-default\" data-id=\"d7332af\" data-element_type=\"section\" data-settings=\"{&quot;background_background&quot;:&quot;classic&quot;}\">\n\t\t\t\t\t\t\t<div class=\"elementor-background-overlay\"><\/div>\n\t\t\t\t\t\t\t<div class=\"elementor-container elementor-column-gap-default\">\n\t\t\t\t\t<div class=\"elementor-column elementor-col-100 elementor-top-column elementor-element elementor-element-d7ef765\" data-id=\"d7ef765\" data-element_type=\"column\" data-settings=\"{&quot;background_background&quot;:&quot;gradient&quot;}\">\n\t\t\t<div class=\"elementor-widget-wrap elementor-element-populated\">\n\t\t\t\t\t\t\t\t<section class=\"elementor-section elementor-inner-section elementor-element elementor-element-ab5db35 elementor-section-boxed elementor-section-height-default elementor-section-height-default\" data-id=\"ab5db35\" data-element_type=\"section\">\n\t\t\t\t\t\t<div class=\"elementor-container elementor-column-gap-default\">\n\t\t\t\t\t<div class=\"elementor-column elementor-col-100 elementor-inner-column elementor-element elementor-element-0ad95ae\" data-id=\"0ad95ae\" data-element_type=\"column\">\n\t\t\t<div class=\"elementor-widget-wrap elementor-element-populated\">\n\t\t\t\t\t\t\t\t<div class=\"elementor-element elementor-element-cce902d elementor-widget elementor-widget-heading\" data-id=\"cce902d\" data-element_type=\"widget\" data-widget_type=\"heading.default\">\n\t\t\t\t<div class=\"elementor-widget-container\">\n\t\t\t<h2 class=\"elementor-heading-title elementor-size-default\">We have what you are looking for!<\/h2>\t\t<\/div>\n\t\t\t\t<\/div>\n\t\t\t\t<div class=\"elementor-element elementor-element-ddca863 elementor-widget elementor-widget-text-editor\" data-id=\"ddca863\" data-element_type=\"widget\" data-widget_type=\"text-editor.default\">\n\t\t\t\t<div class=\"elementor-widget-container\">\n\t\t\t\t\t\t\t\t<p>We guarantee the same rigour, transparency and quality when looking for your new vehicle. Fill out the form defining the idealized characteristics and we will look for the best options in the market so that you will always drive with the same passion.<\/p>\t\t\t\t\t\t<\/div>\n\t\t\t\t<\/div>\n\t\t\t\t\t<\/div>\n\t\t<\/div>\n\t\t\t\t\t\t\t<\/div>\n\t\t<\/section>\n\t\t\t\t\t<\/div>\n\t\t<\/div>\n\t\t\t\t\t\t\t<\/div>\n\t\t<\/section>\n\t\t\t\t<section class=\"elementor-section elementor-top-section elementor-element elementor-element-adac59d elementor-section-boxed elementor-section-height-default elementor-section-height-default\" data-id=\"adac59d\" data-element_type=\"section\" data-settings=\"{&quot;background_background&quot;:&quot;classic&quot;}\">\n\t\t\t\t\t\t<div class=\"elementor-container elementor-column-gap-default\">\n\t\t\t\t\t<div class=\"elementor-column elementor-col-100 elementor-top-column elementor-element elementor-element-14444d3\" data-id=\"14444d3\" data-element_type=\"column\">\n\t\t\t<div class=\"elementor-widget-wrap elementor-element-populated\">\n\t\t\t\t\t\t\t\t<div class=\"elementor-element elementor-element-d7e24b3 elementor-button-align-stretch elementor-widget elementor-widget-form\" data-id=\"d7e24b3\" data-element_type=\"widget\" data-settings=\"{&quot;step_next_label&quot;:&quot;Pr\\u00f3ximo&quot;,&quot;step_previous_label&quot;:&quot;Anterior&quot;,&quot;step_type&quot;:&quot;text&quot;,&quot;button_width&quot;:&quot;100&quot;}\" data-widget_type=\"form.default\">\n\t\t\t\t<div class=\"elementor-widget-container\">\n\t\t\t\t\t<form class=\"elementor-form\" method=\"post\" name=\"Pesquisa de Ve\u00edculos\" action=\"\">\n\t\t\t<input type=\"hidden\" name=\"post_id\" value=\"11911\"\/>\n\t\t\t<input type=\"hidden\" name=\"form_id\" value=\"d7e24b3\"\/>\n\t\t\t<input type=\"hidden\" name=\"referer_title\" value=\"Cardouro\" \/>\n\n\t\t\t\n\t\t\t<div class=\"elementor-form-fields-wrapper elementor-labels-above\">\n\t\t\t\t\t\t\t\t<div class=\"elementor-field-type-step elementor-field-group elementor-column elementor-field-group-field_7405b14 elementor-col-100\">\n\t\t\t\t\t<div class=\"e-field-step elementor-hidden\" data-label=\"Dados Pessoais\" data-previousbutton=\"Anterior\" data-nextbutton=\"Pr\u00f3ximo\" data-iconurl=\"\" data-iconlibrary=\"fas fa-star\" data-icon=\"\"><\/div>\t\t\t\t<\/div>\n\t\t\t\t\t\t\t\t<div class=\"elementor-field-type-text elementor-field-group elementor-column elementor-field-group-nome elementor-col-50 elementor-field-required\">\n\t\t\t\t\t<label for=\"form-field-nome\" class=\"elementor-field-label\">Name<\/label><input size=\"1\" type=\"text\" name=\"form_fields[nome]\" id=\"form-field-nome\" class=\"elementor-field elementor-size-sm  elementor-field-textual\" placeholder=\"Name\" required=\"required\" aria-required=\"true\">\t\t\t\t<\/div>\n\t\t\t\t\t\t\t\t<div class=\"elementor-field-type-email elementor-field-group elementor-column elementor-field-group-email elementor-col-50 elementor-field-required\">\n\t\t\t\t\t<label for=\"form-field-email\" class=\"elementor-field-label\">Email<\/label><input size=\"1\" type=\"email\" name=\"form_fields[email]\" id=\"form-field-email\" class=\"elementor-field elementor-size-sm  elementor-field-textual\" placeholder=\"Email\" required=\"required\" aria-required=\"true\">\t\t\t\t<\/div>\n\t\t\t\t\t\t\t\t<div class=\"elementor-field-type-text elementor-field-group elementor-column elementor-field-group-telemovel elementor-col-50 elementor-field-required\">\n\t\t\t\t\t<label for=\"form-field-telemovel\" class=\"elementor-field-label\">Phone<\/label><input size=\"1\" type=\"text\" name=\"form_fields[telemovel]\" id=\"form-field-telemovel\" class=\"elementor-field elementor-size-sm  elementor-field-textual\" placeholder=\"Phone\" required=\"required\" aria-required=\"true\">\t\t\t\t<\/div>\n\t\t\t\t\t\t\t\t<div class=\"elementor-field-type-text elementor-field-group elementor-column elementor-field-group-localidade elementor-col-50 elementor-field-required\">\n\t\t\t\t\t<label for=\"form-field-localidade\" class=\"elementor-field-label\">Location<\/label><input size=\"1\" type=\"text\" name=\"form_fields[localidade]\" id=\"form-field-localidade\" class=\"elementor-field elementor-size-sm  elementor-field-textual\" placeholder=\"Location\" required=\"required\" aria-required=\"true\">\t\t\t\t<\/div>\n\t\t\t\t\t\t\t\t<div class=\"elementor-field-type-html elementor-field-group elementor-column elementor-field-group-field_cb9786a elementor-col-100\">\n\t\t\t\t\t<input type=\"checkbox\" name=\"checkbox\" value=\"check\" id=\"agree\" required>\n\n<span style=\"font-size:12px!important;letter-spacing:0\">\n\nI have read and accept the terms of<a href=\"https:\/\/cardouro.pt\/en\/politica-de-privacidade\/\" style=\"color:#EAB511\" target=\"_blank\"> Privacy Policy<\/a>.\t\t\t\t<\/div>\n\t\t\t\t\t\t\t\t<div class=\"elementor-field-type-step elementor-field-group elementor-column elementor-field-group-field_024fb69 elementor-col-100\">\n\t\t\t\t\t<div class=\"e-field-step elementor-hidden\" data-label=\"Dados do Autom\u00f3vel\" data-previousbutton=\"\" data-nextbutton=\"\" data-iconurl=\"\" data-iconlibrary=\"fas fa-star\" data-icon=\"\"><\/div>\t\t\t\t<\/div>\n\t\t\t\t\t\t\t\t<div class=\"elementor-field-type-text elementor-field-group elementor-column elementor-field-group-marca elementor-col-40 elementor-field-required\">\n\t\t\t\t\t<label for=\"form-field-marca\" class=\"elementor-field-label\">Brand<\/label><input size=\"1\" type=\"text\" name=\"form_fields[marca]\" id=\"form-field-marca\" class=\"elementor-field elementor-size-sm  elementor-field-textual\" placeholder=\"Brand\" required=\"required\" aria-required=\"true\">\t\t\t\t<\/div>\n\t\t\t\t\t\t\t\t<div class=\"elementor-field-type-text elementor-field-group elementor-column elementor-field-group-modelo elementor-col-40 elementor-field-required\">\n\t\t\t\t\t<label for=\"form-field-modelo\" class=\"elementor-field-label\">Model<\/label><input size=\"1\" type=\"text\" name=\"form_fields[modelo]\" id=\"form-field-modelo\" class=\"elementor-field elementor-size-sm  elementor-field-textual\" placeholder=\"Model\" required=\"required\" aria-required=\"true\">\t\t\t\t<\/div>\n\t\t\t\t\t\t\t\t<div class=\"elementor-field-type-text elementor-field-group elementor-column elementor-field-group-ano elementor-col-20 elementor-field-required\">\n\t\t\t\t\t<label for=\"form-field-ano\" class=\"elementor-field-label\">Year<\/label><input size=\"1\" type=\"text\" name=\"form_fields[ano]\" id=\"form-field-ano\" class=\"elementor-field elementor-size-sm  elementor-field-textual\" placeholder=\"Year\" required=\"required\" aria-required=\"true\">\t\t\t\t<\/div>\n\t\t\t\t\t\t\t\t<div class=\"elementor-field-type-radio elementor-field-group elementor-column elementor-field-group-combustivel elementor-col-50 elementor-field-required\">\n\t\t\t\t\t<label for=\"form-field-combustivel\" class=\"elementor-field-label\">Fuel<\/label><div class=\"elementor-field-subgroup  elementor-subgroup-inline\"><span class=\"elementor-field-option\"><input type=\"radio\" value=\"Diesel\" id=\"form-field-combustivel-0\" name=\"form_fields[combustivel]\" required=\"required\" aria-required=\"true\"> <label for=\"form-field-combustivel-0\">Diesel<\/label><\/span><span class=\"elementor-field-option\"><input type=\"radio\" value=\"Gasolina\" id=\"form-field-combustivel-1\" name=\"form_fields[combustivel]\" required=\"required\" aria-required=\"true\"> <label for=\"form-field-combustivel-1\">Gasoline<\/label><\/span><span class=\"elementor-field-option\"><input type=\"radio\" value=\"El\u00e9trico\" id=\"form-field-combustivel-2\" name=\"form_fields[combustivel]\" required=\"required\" aria-required=\"true\"> <label for=\"form-field-combustivel-2\">Electric<\/label><\/span><span class=\"elementor-field-option\"><input type=\"radio\" value=\"H\u00edbrido Diesel\" id=\"form-field-combustivel-3\" name=\"form_fields[combustivel]\" required=\"required\" aria-required=\"true\"> <label for=\"form-field-combustivel-3\">Hybrid Diesel<\/label><\/span><span class=\"elementor-field-option\"><input type=\"radio\" value=\"H\u00edbrido Gasolina\" id=\"form-field-combustivel-4\" name=\"form_fields[combustivel]\" required=\"required\" aria-required=\"true\"> <label for=\"form-field-combustivel-4\">Hybrid Gasoline<\/label><\/span><span class=\"elementor-field-option\"><input type=\"radio\" value=\"GPL\" id=\"form-field-combustivel-5\" name=\"form_fields[combustivel]\" required=\"required\" aria-required=\"true\"> <label for=\"form-field-combustivel-5\">GPL<\/label><\/span><\/div>\t\t\t\t<\/div>\n\t\t\t\t\t\t\t\t<div class=\"elementor-field-type-radio elementor-field-group elementor-column elementor-field-group-condicao elementor-col-40\">\n\t\t\t\t\t<label for=\"form-field-condicao\" class=\"elementor-field-label\">Condition<\/label><div class=\"elementor-field-subgroup  elementor-subgroup-inline\"><span class=\"elementor-field-option\"><input type=\"radio\" value=\"Novo\" id=\"form-field-condicao-0\" name=\"form_fields[condicao]\"> <label for=\"form-field-condicao-0\">New<\/label><\/span><span class=\"elementor-field-option\"><input type=\"radio\" value=\"Usado\" id=\"form-field-condicao-1\" name=\"form_fields[condicao]\"> <label for=\"form-field-condicao-1\">Used<\/label><\/span><\/div>\t\t\t\t<\/div>\n\t\t\t\t\t\t\t\t<div class=\"elementor-field-type-step elementor-field-group elementor-column elementor-field-group-field_ec580d6 elementor-col-100\">\n\t\t\t\t\t<div class=\"e-field-step elementor-hidden\" data-label=\"Pre\u00e7o\" data-previousbutton=\"\" data-nextbutton=\"\" data-iconurl=\"\" data-iconlibrary=\"fas fa-star\" data-icon=\"\"><\/div>\t\t\t\t<\/div>\n\t\t\t\t\t\t\t\t<div class=\"elementor-field-type-number elementor-field-group elementor-column elementor-field-group-minimo elementor-col-50 elementor-field-required\">\n\t\t\t\t\t<label for=\"form-field-minimo\" class=\"elementor-field-label\">Minimum price<\/label><input type=\"number\" name=\"form_fields[minimo]\" id=\"form-field-minimo\" class=\"elementor-field elementor-size-sm  elementor-field-textual\" placeholder=\"min\" required=\"required\" aria-required=\"true\" min=\"\" max=\"\">\t\t\t\t<\/div>\n\t\t\t\t\t\t\t\t<div class=\"elementor-field-type-number elementor-field-group elementor-column elementor-field-group-maximo elementor-col-50 elementor-field-required\">\n\t\t\t\t\t<label for=\"form-field-maximo\" class=\"elementor-field-label\">Maximum price<\/label><input type=\"number\" name=\"form_fields[maximo]\" id=\"form-field-maximo\" class=\"elementor-field elementor-size-sm  elementor-field-textual\" placeholder=\"max\" required=\"required\" aria-required=\"true\" min=\"\" max=\"\">\t\t\t\t<\/div>\n\t\t\t\t\t\t\t\t<div class=\"elementor-field-type-step elementor-field-group elementor-column elementor-field-group-field_8e91300 elementor-col-100\">\n\t\t\t\t\t<div class=\"e-field-step elementor-hidden\" data-label=\"Coment\u00e1rio Adicional\" data-previousbutton=\"\" data-nextbutton=\"\" data-iconurl=\"\" data-iconlibrary=\"fas fa-star\" data-icon=\"\"><\/div>\t\t\t\t<\/div>\n\t\t\t\t\t\t\t\t<div class=\"elementor-field-type-textarea elementor-field-group elementor-column elementor-field-group-comentario elementor-col-100\">\n\t\t\t\t\t<label for=\"form-field-comentario\" class=\"elementor-field-label\">Additional Information<\/label><textarea class=\"elementor-field-textual elementor-field  elementor-size-sm\" name=\"form_fields[comentario]\" id=\"form-field-comentario\" rows=\"4\" placeholder=\"Additional Information\"><\/textarea>\t\t\t\t<\/div>\n\t\t\t\t\t\t\t\t<div class=\"elementor-field-group elementor-column elementor-field-type-submit elementor-col-100 e-form__buttons\">\n\t\t\t\t\t<button type=\"submit\" class=\"elementor-button elementor-size-sm\">\n\t\t\t\t\t\t<span >\n\t\t\t\t\t\t\t\t\t\t\t\t\t\t\t<span class=\"elementor-button-icon\">\n\t\t\t\t\t\t\t\t\t\t\t\t\t\t\t\t\t\t\t\t\t\t\t\t\t\t<\/span>\n\t\t\t\t\t\t\t\t\t\t\t\t\t\t\t\t\t\t\t\t\t\t<span class=\"elementor-button-text\">Send<\/span>\n\t\t\t\t\t\t\t\t\t\t\t\t\t<\/span>\n\t\t\t\t\t<\/button>\n\t\t\t\t<\/div>\n\t\t\t<\/div>\n\t\t<input type=\"hidden\" name=\"trp-form-language\" value=\"en\"\/><\/form>\n\t\t\t\t<\/div>\n\t\t\t\t<\/div>\n\t\t\t\t\t<\/div>\n\t\t<\/div>\n\t\t\t\t\t\t\t<\/div>\n\t\t<\/section>\n\t\t\t\t\t\t<\/div>\n\t\t\t\t\t<\/div>","protected":false},"excerpt":{"rendered":"<p>N\u00f3s temos o que procura! Garantimos o mesmo rigor, transpar\u00eancia e qualidade na procura do seu novo ve\u00edculo. Preencha o formul\u00e1rio definindo as caracter\u00edsticas idealizadas e procuraremos as melhores op\u00e7\u00f5es no mercado para que conduza sempre com a mesma paix\u00e3o.<\/p>","protected":false},"author":1,"featured_media":0,"parent":0,"menu_order":0,"comment_status":"closed","ping_status":"closed","template":"elementor_header_footer","meta":{"_links_to":"","_links_to_target":""},"yoast_head":"<!-- This site is optimized with the Yoast SEO plugin v17.1 - https:\/\/yoast.com\/wordpress\/plugins\/seo\/ -->\n<title>Procuramos o seu ve\u00edculo - Cardouro<\/title>\n<meta name=\"description\" content=\"A Cardouro ajuda na procura do seu ve\u00edculo ideal . Indique as caracter\u00edsticas idealizadas e procuramos as melhores op\u00e7\u00f5es no mercado.\" \/>\n<meta name=\"robots\" content=\"index, follow, max-snippet:-1, max-image-preview:large, max-video-preview:-1\" \/>\n<link rel=\"canonical\" href=\"https:\/\/cardouro.pt\/en\/procuramos-o-seu-veiculo\/\" \/>\n<meta property=\"og:locale\" content=\"en_GB\" \/>\n<meta property=\"og:type\" content=\"article\" \/>\n<meta property=\"og:title\" content=\"Procuramos o seu ve\u00edculo - Cardouro\" \/>\n<meta property=\"og:description\" content=\"A Cardouro ajuda na procura do seu ve\u00edculo ideal . Indique as caracter\u00edsticas idealizadas e procuramos as melhores op\u00e7\u00f5es no mercado.\" \/>\n<meta property=\"og:url\" content=\"https:\/\/cardouro.pt\/en\/procuramos-o-seu-veiculo\/\" \/>\n<meta property=\"og:site_name\" content=\"Cardouro\" \/>\n<meta property=\"article:publisher\" content=\"https:\/\/www.facebook.com\/cardouro\/\" \/>\n<meta property=\"article:modified_time\" content=\"2021-05-13T12:47:48+00:00\" \/>\n<meta name=\"twitter:card\" content=\"summary_large_image\" \/>\n<meta name=\"twitter:label1\" content=\"Estimated reading time\" \/>\n\t<meta name=\"twitter:data1\" content=\"1 minute\" \/>\n<script type=\"application\/ld+json\" class=\"yoast-schema-graph\">{\"@context\":\"https:\/\/schema.org\",\"@graph\":[{\"@type\":\"Organization\",\"@id\":\"https:\/\/cardouro.pt\/#organization\",\"name\":\"CARDOURO\",\"url\":\"https:\/\/cardouro.pt\/\",\"sameAs\":[\"https:\/\/www.facebook.com\/cardouro\/\",\"https:\/\/www.instagram.com\/cardouroautomoveis\/\",\"https:\/\/www.youtube.com\/channel\/UC1jwa-BW3QxIDzfSMWfufjA\"],\"logo\":{\"@type\":\"ImageObject\",\"@id\":\"https:\/\/cardouro.pt\/#logo\",\"inLanguage\":\"en-GB\",\"url\":\"\",\"contentUrl\":\"\",\"caption\":\"CARDOURO\"},\"image\":{\"@id\":\"https:\/\/cardouro.pt\/#logo\"}},{\"@type\":\"WebSite\",\"@id\":\"https:\/\/cardouro.pt\/#website\",\"url\":\"https:\/\/cardouro.pt\/\",\"name\":\"Cardouro\",\"description\":\"Autom\\u00f3veis Multimarcas de luxo\",\"publisher\":{\"@id\":\"https:\/\/cardouro.pt\/#organization\"},\"potentialAction\":[{\"@type\":\"SearchAction\",\"target\":{\"@type\":\"EntryPoint\",\"urlTemplate\":\"https:\/\/cardouro.pt\/?s={search_term_string}\"},\"query-input\":\"required name=search_term_string\"}],\"inLanguage\":\"en-GB\"},{\"@type\":\"WebPage\",\"@id\":\"https:\/\/cardouro.pt\/procuramos-o-seu-veiculo\/#webpage\",\"url\":\"https:\/\/cardouro.pt\/procuramos-o-seu-veiculo\/\",\"name\":\"Procuramos o seu ve\\u00edculo - Cardouro\",\"isPartOf\":{\"@id\":\"https:\/\/cardouro.pt\/#website\"},\"datePublished\":\"2021-05-06T16:35:53+00:00\",\"dateModified\":\"2021-05-13T12:47:48+00:00\",\"description\":\"A Cardouro ajuda na procura do seu ve\\u00edculo ideal . Indique as caracter\\u00edsticas idealizadas e procuramos as melhores op\\u00e7\\u00f5es no mercado.\",\"breadcrumb\":{\"@id\":\"https:\/\/cardouro.pt\/procuramos-o-seu-veiculo\/#breadcrumb\"},\"inLanguage\":\"en-GB\",\"potentialAction\":[{\"@type\":\"ReadAction\",\"target\":[\"https:\/\/cardouro.pt\/procuramos-o-seu-veiculo\/\"]}]},{\"@type\":\"BreadcrumbList\",\"@id\":\"https:\/\/cardouro.pt\/procuramos-o-seu-veiculo\/#breadcrumb\",\"itemListElement\":[{\"@type\":\"ListItem\",\"position\":1,\"name\":\"In\\u00edcio\",\"item\":\"https:\/\/cardouro.pt\/\"},{\"@type\":\"ListItem\",\"position\":2,\"name\":\"Procuramos o seu ve\\u00edculo\"}]}]}<\/script>\n<!-- \/ Yoast SEO plugin. -->","yoast_head_json":{"title":"Procuramos o seu ve\u00edculo - Cardouro","description":"A Cardouro ajuda na procura do seu ve\u00edculo ideal . Indique as caracter\u00edsticas idealizadas e procuramos as melhores op\u00e7\u00f5es no mercado.","robots":{"index":"index","follow":"follow","max-snippet":"max-snippet:-1","max-image-preview":"max-image-preview:large","max-video-preview":"max-video-preview:-1"},"canonical":"https:\/\/cardouro.pt\/en\/procuramos-o-seu-veiculo\/","og_locale":"en_GB","og_type":"article","og_title":"Procuramos o seu ve\u00edculo - Cardouro","og_description":"A Cardouro ajuda na procura do seu ve\u00edculo ideal . Indique as caracter\u00edsticas idealizadas e procuramos as melhores op\u00e7\u00f5es no mercado.","og_url":"https:\/\/cardouro.pt\/en\/procuramos-o-seu-veiculo\/","og_site_name":"Cardouro","article_publisher":"https:\/\/www.facebook.com\/cardouro\/","article_modified_time":"2021-05-13T12:47:48+00:00","twitter_card":"summary_large_image","twitter_misc":{"Estimated reading time":"1 minute"},"schema":{"@context":"https:\/\/schema.org","@graph":[{"@type":"Organization","@id":"https:\/\/cardouro.pt\/#organization","name":"CARDOURO","url":"https:\/\/cardouro.pt\/","sameAs":["https:\/\/www.facebook.com\/cardouro\/","https:\/\/www.instagram.com\/cardouroautomoveis\/","https:\/\/www.youtube.com\/channel\/UC1jwa-BW3QxIDzfSMWfufjA"],"logo":{"@type":"ImageObject","@id":"https:\/\/cardouro.pt\/#logo","inLanguage":"en-GB","url":"","contentUrl":"","caption":"CARDOURO"},"image":{"@id":"https:\/\/cardouro.pt\/#logo"}},{"@type":"WebSite","@id":"https:\/\/cardouro.pt\/#website","url":"https:\/\/cardouro.pt\/","name":"Cardouro","description":"Autom\u00f3veis Multimarcas de luxo","publisher":{"@id":"https:\/\/cardouro.pt\/#organization"},"potentialAction":[{"@type":"SearchAction","target":{"@type":"EntryPoint","urlTemplate":"https:\/\/cardouro.pt\/?s={search_term_string}"},"query-input":"required name=search_term_string"}],"inLanguage":"en-GB"},{"@type":"WebPage","@id":"https:\/\/cardouro.pt\/procuramos-o-seu-veiculo\/#webpage","url":"https:\/\/cardouro.pt\/procuramos-o-seu-veiculo\/","name":"Procuramos o seu ve\u00edculo - Cardouro","isPartOf":{"@id":"https:\/\/cardouro.pt\/#website"},"datePublished":"2021-05-06T16:35:53+00:00","dateModified":"2021-05-13T12:47:48+00:00","description":"A Cardouro ajuda na procura do seu ve\u00edculo ideal . Indique as caracter\u00edsticas idealizadas e procuramos as melhores op\u00e7\u00f5es no mercado.","breadcrumb":{"@id":"https:\/\/cardouro.pt\/procuramos-o-seu-veiculo\/#breadcrumb"},"inLanguage":"en-GB","potentialAction":[{"@type":"ReadAction","target":["https:\/\/cardouro.pt\/procuramos-o-seu-veiculo\/"]}]},{"@type":"BreadcrumbList","@id":"https:\/\/cardouro.pt\/procuramos-o-seu-veiculo\/#breadcrumb","itemListElement":[{"@type":"ListItem","position":1,"name":"In\u00edcio","item":"https:\/\/cardouro.pt\/"},{"@type":"ListItem","position":2,"name":"Procuramos o seu ve\u00edculo"}]}]}},"_links":{"self":[{"href":"https:\/\/cardouro.pt\/en\/wp-json\/wp\/v2\/pages\/11911"}],"collection":[{"href":"https:\/\/cardouro.pt\/en\/wp-json\/wp\/v2\/pages"}],"about":[{"href":"https:\/\/cardouro.pt\/en\/wp-json\/wp\/v2\/types\/page"}],"author":[{"embeddable":true,"href":"https:\/\/cardouro.pt\/en\/wp-json\/wp\/v2\/users\/1"}],"replies":[{"embeddable":true,"href":"https:\/\/cardouro.pt\/en\/wp-json\/wp\/v2\/comments?post=11911"}],"version-history":[{"count":90,"href":"https:\/\/cardouro.pt\/en\/wp-json\/wp\/v2\/pages\/11911\/revisions"}],"predecessor-version":[{"id":12613,"href":"https:\/\/cardouro.pt\/en\/wp-json\/wp\/v2\/pages\/11911\/revisions\/12613"}],"wp:attachment":[{"href":"https:\/\/cardouro.pt\/en\/wp-json\/wp\/v2\/media?parent=11911"}],"curies":[{"name":"wp","href":"https:\/\/api.w.org\/{rel}","templated":true}]}}