{"id":11995,"date":"2021-05-07T11:24:08","date_gmt":"2021-05-07T11:24:08","guid":{"rendered":"https:\/\/cardouro.pt\/?page_id=11995"},"modified":"2021-05-13T12:47:52","modified_gmt":"2021-05-13T12:47:52","slug":"iuc-e-ipo","status":"publish","type":"page","link":"https:\/\/cardouro.pt\/en\/iuc-e-ipo\/","title":{"rendered":"IUC \/ IPO"},"content":{"rendered":"<div data-elementor-type=\"wp-page\" data-elementor-id=\"11995\" class=\"elementor elementor-11995\" data-elementor-settings=\"[]\">\n\t\t\t\t\t\t\t<div class=\"elementor-section-wrap\">\n\t\t\t\t\t\t\t<section class=\"elementor-section elementor-top-section elementor-element elementor-element-240e27c elementor-section-full_width elementor-section-height-min-height elementor-section-items-stretch elementor-section-content-middle elementor-section-height-default\" data-id=\"240e27c\" data-element_type=\"section\" data-settings=\"{&quot;background_background&quot;:&quot;classic&quot;}\">\n\t\t\t\t\t\t\t<div class=\"elementor-background-overlay\"><\/div>\n\t\t\t\t\t\t\t<div class=\"elementor-container elementor-column-gap-default\">\n\t\t\t\t\t<div class=\"elementor-column elementor-col-100 elementor-top-column elementor-element elementor-element-8e9e6b5\" data-id=\"8e9e6b5\" data-element_type=\"column\" data-settings=\"{&quot;background_background&quot;:&quot;gradient&quot;}\">\n\t\t\t<div class=\"elementor-widget-wrap elementor-element-populated\">\n\t\t\t\t\t\t\t\t<section class=\"elementor-section elementor-inner-section elementor-element elementor-element-503a0df elementor-section-boxed elementor-section-height-default elementor-section-height-default\" data-id=\"503a0df\" data-element_type=\"section\">\n\t\t\t\t\t\t<div class=\"elementor-container elementor-column-gap-default\">\n\t\t\t\t\t<div class=\"elementor-column elementor-col-100 elementor-inner-column elementor-element elementor-element-df89660\" data-id=\"df89660\" data-element_type=\"column\">\n\t\t\t<div class=\"elementor-widget-wrap elementor-element-populated\">\n\t\t\t\t\t\t\t\t<div class=\"elementor-element elementor-element-3fabfd6 elementor-widget elementor-widget-heading\" data-id=\"3fabfd6\" data-element_type=\"widget\" data-widget_type=\"heading.default\">\n\t\t\t\t<div class=\"elementor-widget-container\">\n\t\t\t<h2 class=\"elementor-heading-title elementor-size-default\">Single Circulation Tax \/ Periodic Inspection<\/h2>\t\t<\/div>\n\t\t\t\t<\/div>\n\t\t\t\t<div class=\"elementor-element elementor-element-59a2b57 elementor-widget elementor-widget-text-editor\" data-id=\"59a2b57\" data-element_type=\"widget\" data-widget_type=\"text-editor.default\">\n\t\t\t\t<div class=\"elementor-widget-container\">\n\t\t\t\t\t\t\t\t<p>Do not pay unnecessary fines.<br \/>We remind you of your IUC and IPO payment.<\/p>\t\t\t\t\t\t<\/div>\n\t\t\t\t<\/div>\n\t\t\t\t\t<\/div>\n\t\t<\/div>\n\t\t\t\t\t\t\t<\/div>\n\t\t<\/section>\n\t\t\t\t\t<\/div>\n\t\t<\/div>\n\t\t\t\t\t\t\t<\/div>\n\t\t<\/section>\n\t\t\t\t<section class=\"elementor-section elementor-top-section elementor-element elementor-element-6112753 elementor-section-boxed elementor-section-height-default elementor-section-height-default\" data-id=\"6112753\" data-element_type=\"section\" data-settings=\"{&quot;background_background&quot;:&quot;classic&quot;}\">\n\t\t\t\t\t\t<div class=\"elementor-container elementor-column-gap-default\">\n\t\t\t\t\t<div class=\"elementor-column elementor-col-100 elementor-top-column elementor-element elementor-element-6b06086\" data-id=\"6b06086\" data-element_type=\"column\">\n\t\t\t<div class=\"elementor-widget-wrap elementor-element-populated\">\n\t\t\t\t\t\t\t\t<div class=\"elementor-element elementor-element-c1eebd9 elementor-button-align-stretch elementor-widget elementor-widget-form\" data-id=\"c1eebd9\" data-element_type=\"widget\" data-settings=\"{&quot;step_next_label&quot;:&quot;Pr\\u00f3ximo&quot;,&quot;step_previous_label&quot;:&quot;Anterior&quot;,&quot;step_type&quot;:&quot;text&quot;,&quot;button_width&quot;:&quot;100&quot;}\" data-widget_type=\"form.default\">\n\t\t\t\t<div class=\"elementor-widget-container\">\n\t\t\t\t\t<form class=\"elementor-form\" method=\"post\" name=\"IUC e Inspe\u00e7\u00e3o peri\u00f3dica\" action=\"\">\n\t\t\t<input type=\"hidden\" name=\"post_id\" value=\"11995\"\/>\n\t\t\t<input type=\"hidden\" name=\"form_id\" value=\"c1eebd9\"\/>\n\t\t\t<input type=\"hidden\" name=\"referer_title\" value=\"Cardouro\" \/>\n\n\t\t\t\n\t\t\t<div class=\"elementor-form-fields-wrapper elementor-labels-above\">\n\t\t\t\t\t\t\t\t<div class=\"elementor-field-type-step elementor-field-group elementor-column elementor-field-group-field_7405b14 elementor-col-100\">\n\t\t\t\t\t<div class=\"e-field-step elementor-hidden\" data-label=\"Dados Pessoais\" data-previousbutton=\"Anterior\" data-nextbutton=\"Pr\u00f3ximo\" data-iconurl=\"\" data-iconlibrary=\"fas fa-star\" data-icon=\"\"><\/div>\t\t\t\t<\/div>\n\t\t\t\t\t\t\t\t<div class=\"elementor-field-type-text elementor-field-group elementor-column elementor-field-group-nome elementor-col-50 elementor-field-required\">\n\t\t\t\t\t<label for=\"form-field-nome\" class=\"elementor-field-label\">Name<\/label><input size=\"1\" type=\"text\" name=\"form_fields[nome]\" id=\"form-field-nome\" class=\"elementor-field elementor-size-sm  elementor-field-textual\" placeholder=\"Name\" required=\"required\" aria-required=\"true\">\t\t\t\t<\/div>\n\t\t\t\t\t\t\t\t<div class=\"elementor-field-type-email elementor-field-group elementor-column elementor-field-group-email elementor-col-50 elementor-field-required\">\n\t\t\t\t\t<label for=\"form-field-email\" class=\"elementor-field-label\">Email<\/label><input size=\"1\" type=\"email\" name=\"form_fields[email]\" id=\"form-field-email\" class=\"elementor-field elementor-size-sm  elementor-field-textual\" placeholder=\"Email\" required=\"required\" aria-required=\"true\">\t\t\t\t<\/div>\n\t\t\t\t\t\t\t\t<div class=\"elementor-field-type-tel elementor-field-group elementor-column elementor-field-group-telemovel elementor-col-50 elementor-field-required\">\n\t\t\t\t\t<label for=\"form-field-telemovel\" class=\"elementor-field-label\">Phone<\/label><input size=\"1\" type=\"tel\" name=\"form_fields[telemovel]\" id=\"form-field-telemovel\" class=\"elementor-field elementor-size-sm  elementor-field-textual\" placeholder=\"Phone\" required=\"required\" aria-required=\"true\" pattern=\"[0-9()#&amp;+*-=.]+\" title=\"Only numbers and phone characters (#, -, *, etc) are accepted.\">\t\t\t\t<\/div>\n\t\t\t\t\t\t\t\t<div class=\"elementor-field-type-text elementor-field-group elementor-column elementor-field-group-localidade elementor-col-50 elementor-field-required\">\n\t\t\t\t\t<label for=\"form-field-localidade\" class=\"elementor-field-label\">Location<\/label><input size=\"1\" type=\"text\" name=\"form_fields[localidade]\" id=\"form-field-localidade\" class=\"elementor-field elementor-size-sm  elementor-field-textual\" placeholder=\"Location\" required=\"required\" aria-required=\"true\">\t\t\t\t<\/div>\n\t\t\t\t\t\t\t\t<div class=\"elementor-field-type-html elementor-field-group elementor-column elementor-field-group-field_90b0e26 elementor-col-50\">\n\t\t\t\t\t<input type=\"checkbox\" name=\"checkbox\" value=\"check\" id=\"agree\" required>\n\n<span style=\"font-size:12px!important;letter-spacing:0\">\n\nI have read and accept the terms of<a href=\"https:\/\/cardouro.pt\/en\/politica-de-privacidade\/\" style=\"color:#EAB511\" target=\"_blank\"> Privacy Policy<\/a>.\t\t\t\t<\/div>\n\t\t\t\t\t\t\t\t<div class=\"elementor-field-type-step elementor-field-group elementor-column elementor-field-group-field_024fb69 elementor-col-100\">\n\t\t\t\t\t<div class=\"e-field-step elementor-hidden\" data-label=\"Dados do Autom\u00f3vel\" data-previousbutton=\"\" data-nextbutton=\"\" data-iconurl=\"\" data-iconlibrary=\"fas fa-star\" data-icon=\"\"><\/div>\t\t\t\t<\/div>\n\t\t\t\t\t\t\t\t<div class=\"elementor-field-type-text elementor-field-group elementor-column elementor-field-group-marca elementor-col-50 elementor-field-required\">\n\t\t\t\t\t<label for=\"form-field-marca\" class=\"elementor-field-label\">Brand<\/label><input size=\"1\" type=\"text\" name=\"form_fields[marca]\" id=\"form-field-marca\" class=\"elementor-field elementor-size-sm  elementor-field-textual\" placeholder=\"Brand\" required=\"required\" aria-required=\"true\">\t\t\t\t<\/div>\n\t\t\t\t\t\t\t\t<div class=\"elementor-field-type-text elementor-field-group elementor-column elementor-field-group-modelo elementor-col-50 elementor-field-required\">\n\t\t\t\t\t<label for=\"form-field-modelo\" class=\"elementor-field-label\">Model<\/label><input size=\"1\" type=\"text\" name=\"form_fields[modelo]\" id=\"form-field-modelo\" class=\"elementor-field elementor-size-sm  elementor-field-textual\" placeholder=\"Model\" required=\"required\" aria-required=\"true\">\t\t\t\t<\/div>\n\t\t\t\t\t\t\t\t<div class=\"elementor-field-type-text elementor-field-group elementor-column elementor-field-group-anoinspecao elementor-col-50 elementor-field-required\">\n\t\t\t\t\t<label for=\"form-field-anoinspecao\" class=\"elementor-field-label\">Inspection Year<\/label><input size=\"1\" type=\"text\" name=\"form_fields[anoinspecao]\" id=\"form-field-anoinspecao\" class=\"elementor-field elementor-size-sm  elementor-field-textual\" placeholder=\"Inspection Year\" required=\"required\" aria-required=\"true\">\t\t\t\t<\/div>\n\t\t\t\t\t\t\t\t<div class=\"elementor-field-type-date elementor-field-group elementor-column elementor-field-group-datainspecao elementor-col-50 elementor-field-required\">\n\t\t\t\t\t<label for=\"form-field-datainspecao\" class=\"elementor-field-label\">Inspection Year<\/label><input type=\"date\" name=\"form_fields[datainspecao]\" id=\"form-field-datainspecao\" class=\"elementor-field elementor-size-sm  elementor-field-textual elementor-date-field elementor-use-native\" placeholder=\"Inspection Year\" required=\"required\" aria-required=\"true\" pattern=\"[0-9]{4}-[0-9]{2}-[0-9]{2}\">\t\t\t\t<\/div>\n\t\t\t\t\t\t\t\t<div class=\"elementor-field-type-step elementor-field-group elementor-column elementor-field-group-field_8e91300 elementor-col-100\">\n\t\t\t\t\t<div class=\"e-field-step elementor-hidden\" data-label=\"Coment\u00e1rio Adicional\" data-previousbutton=\"\" data-nextbutton=\"\" data-iconurl=\"\" data-iconlibrary=\"fas fa-star\" data-icon=\"\"><\/div>\t\t\t\t<\/div>\n\t\t\t\t\t\t\t\t<div class=\"elementor-field-type-textarea elementor-field-group elementor-column elementor-field-group-comentario elementor-col-100\">\n\t\t\t\t\t<label for=\"form-field-comentario\" class=\"elementor-field-label\">Additional Information<\/label><textarea class=\"elementor-field-textual elementor-field  elementor-size-sm\" name=\"form_fields[comentario]\" id=\"form-field-comentario\" rows=\"4\" placeholder=\"Additional Information\"><\/textarea>\t\t\t\t<\/div>\n\t\t\t\t\t\t\t\t<div class=\"elementor-field-group elementor-column elementor-field-type-submit elementor-col-100 e-form__buttons\">\n\t\t\t\t\t<button type=\"submit\" class=\"elementor-button elementor-size-sm\">\n\t\t\t\t\t\t<span >\n\t\t\t\t\t\t\t\t\t\t\t\t\t\t\t<span class=\"elementor-button-icon\">\n\t\t\t\t\t\t\t\t\t\t\t\t\t\t\t\t\t\t\t\t\t\t\t\t\t\t<\/span>\n\t\t\t\t\t\t\t\t\t\t\t\t\t\t\t\t\t\t\t\t\t\t<span class=\"elementor-button-text\">Send<\/span>\n\t\t\t\t\t\t\t\t\t\t\t\t\t<\/span>\n\t\t\t\t\t<\/button>\n\t\t\t\t<\/div>\n\t\t\t<\/div>\n\t\t<input type=\"hidden\" name=\"trp-form-language\" value=\"en\"\/><\/form>\n\t\t\t\t<\/div>\n\t\t\t\t<\/div>\n\t\t\t\t\t<\/div>\n\t\t<\/div>\n\t\t\t\t\t\t\t<\/div>\n\t\t<\/section>\n\t\t\t\t\t\t<\/div>\n\t\t\t\t\t<\/div>","protected":false},"excerpt":{"rendered":"<p>IMPOSTO \u00daNICO DE CIRCULA\u00c7\u00c3O \/ INSPE\u00c7\u00c3O PERI\u00d3DICA N\u00e3o pague multas desnecess\u00e1rias.N\u00f3s lembramos-lhe do pagamento do seu IUC e IPO.<\/p>","protected":false},"author":1,"featured_media":0,"parent":0,"menu_order":0,"comment_status":"closed","ping_status":"closed","template":"elementor_header_footer","meta":{"_links_to":"","_links_to_target":""},"yoast_head":"<!-- This site is optimized with the Yoast SEO plugin v17.1 - https:\/\/yoast.com\/wordpress\/plugins\/seo\/ -->\n<title>IUC \/ IPO - Cardouro<\/title>\n<meta name=\"description\" content=\"Evite as multas desnecess\u00e1rias. Na Cardouro. n\u00f3s lembramos lhe do seu iuc e inspe\u00e7\u00e3o peri\u00f3dica atempadamente. Entre em contacto com a nossa equpa.\" \/>\n<meta name=\"robots\" content=\"index, follow, max-snippet:-1, max-image-preview:large, max-video-preview:-1\" \/>\n<link rel=\"canonical\" href=\"https:\/\/cardouro.pt\/en\/iuc-e-ipo\/\" \/>\n<meta property=\"og:locale\" content=\"en_GB\" \/>\n<meta property=\"og:type\" content=\"article\" \/>\n<meta property=\"og:title\" content=\"IUC \/ IPO - Cardouro\" \/>\n<meta property=\"og:description\" content=\"Evite as multas desnecess\u00e1rias. Na Cardouro. n\u00f3s lembramos lhe do seu iuc e inspe\u00e7\u00e3o peri\u00f3dica atempadamente. Entre em contacto com a nossa equpa.\" \/>\n<meta property=\"og:url\" content=\"https:\/\/cardouro.pt\/en\/iuc-e-ipo\/\" \/>\n<meta property=\"og:site_name\" content=\"Cardouro\" \/>\n<meta property=\"article:publisher\" content=\"https:\/\/www.facebook.com\/cardouro\/\" \/>\n<meta property=\"article:modified_time\" content=\"2021-05-13T12:47:52+00:00\" \/>\n<meta name=\"twitter:card\" content=\"summary_large_image\" \/>\n<meta name=\"twitter:label1\" content=\"Estimated reading time\" \/>\n\t<meta name=\"twitter:data1\" content=\"1 minute\" \/>\n<script type=\"application\/ld+json\" class=\"yoast-schema-graph\">{\"@context\":\"https:\/\/schema.org\",\"@graph\":[{\"@type\":\"Organization\",\"@id\":\"https:\/\/cardouro.pt\/#organization\",\"name\":\"CARDOURO\",\"url\":\"https:\/\/cardouro.pt\/\",\"sameAs\":[\"https:\/\/www.facebook.com\/cardouro\/\",\"https:\/\/www.instagram.com\/cardouroautomoveis\/\",\"https:\/\/www.youtube.com\/channel\/UC1jwa-BW3QxIDzfSMWfufjA\"],\"logo\":{\"@type\":\"ImageObject\",\"@id\":\"https:\/\/cardouro.pt\/#logo\",\"inLanguage\":\"en-GB\",\"url\":\"\",\"contentUrl\":\"\",\"caption\":\"CARDOURO\"},\"image\":{\"@id\":\"https:\/\/cardouro.pt\/#logo\"}},{\"@type\":\"WebSite\",\"@id\":\"https:\/\/cardouro.pt\/#website\",\"url\":\"https:\/\/cardouro.pt\/\",\"name\":\"Cardouro\",\"description\":\"Autom\\u00f3veis Multimarcas de luxo\",\"publisher\":{\"@id\":\"https:\/\/cardouro.pt\/#organization\"},\"potentialAction\":[{\"@type\":\"SearchAction\",\"target\":{\"@type\":\"EntryPoint\",\"urlTemplate\":\"https:\/\/cardouro.pt\/?s={search_term_string}\"},\"query-input\":\"required name=search_term_string\"}],\"inLanguage\":\"en-GB\"},{\"@type\":\"WebPage\",\"@id\":\"https:\/\/cardouro.pt\/iuc-e-ipo\/#webpage\",\"url\":\"https:\/\/cardouro.pt\/iuc-e-ipo\/\",\"name\":\"IUC \/ IPO - Cardouro\",\"isPartOf\":{\"@id\":\"https:\/\/cardouro.pt\/#website\"},\"datePublished\":\"2021-05-07T11:24:08+00:00\",\"dateModified\":\"2021-05-13T12:47:52+00:00\",\"description\":\"Evite as multas desnecess\\u00e1rias. Na Cardouro. n\\u00f3s lembramos lhe do seu iuc e inspe\\u00e7\\u00e3o peri\\u00f3dica atempadamente. Entre em contacto com a nossa equpa.\",\"breadcrumb\":{\"@id\":\"https:\/\/cardouro.pt\/iuc-e-ipo\/#breadcrumb\"},\"inLanguage\":\"en-GB\",\"potentialAction\":[{\"@type\":\"ReadAction\",\"target\":[\"https:\/\/cardouro.pt\/iuc-e-ipo\/\"]}]},{\"@type\":\"BreadcrumbList\",\"@id\":\"https:\/\/cardouro.pt\/iuc-e-ipo\/#breadcrumb\",\"itemListElement\":[{\"@type\":\"ListItem\",\"position\":1,\"name\":\"In\\u00edcio\",\"item\":\"https:\/\/cardouro.pt\/\"},{\"@type\":\"ListItem\",\"position\":2,\"name\":\"IUC \/ IPO\"}]}]}<\/script>\n<!-- \/ Yoast SEO plugin. -->","yoast_head_json":{"title":"IUC \/ IPO - Cardouro","description":"Evite as multas desnecess\u00e1rias. Na Cardouro. n\u00f3s lembramos lhe do seu iuc e inspe\u00e7\u00e3o peri\u00f3dica atempadamente. Entre em contacto com a nossa equpa.","robots":{"index":"index","follow":"follow","max-snippet":"max-snippet:-1","max-image-preview":"max-image-preview:large","max-video-preview":"max-video-preview:-1"},"canonical":"https:\/\/cardouro.pt\/en\/iuc-e-ipo\/","og_locale":"en_GB","og_type":"article","og_title":"IUC \/ IPO - Cardouro","og_description":"Evite as multas desnecess\u00e1rias. Na Cardouro. n\u00f3s lembramos lhe do seu iuc e inspe\u00e7\u00e3o peri\u00f3dica atempadamente. Entre em contacto com a nossa equpa.","og_url":"https:\/\/cardouro.pt\/en\/iuc-e-ipo\/","og_site_name":"Cardouro","article_publisher":"https:\/\/www.facebook.com\/cardouro\/","article_modified_time":"2021-05-13T12:47:52+00:00","twitter_card":"summary_large_image","twitter_misc":{"Estimated reading time":"1 minute"},"schema":{"@context":"https:\/\/schema.org","@graph":[{"@type":"Organization","@id":"https:\/\/cardouro.pt\/#organization","name":"CARDOURO","url":"https:\/\/cardouro.pt\/","sameAs":["https:\/\/www.facebook.com\/cardouro\/","https:\/\/www.instagram.com\/cardouroautomoveis\/","https:\/\/www.youtube.com\/channel\/UC1jwa-BW3QxIDzfSMWfufjA"],"logo":{"@type":"ImageObject","@id":"https:\/\/cardouro.pt\/#logo","inLanguage":"en-GB","url":"","contentUrl":"","caption":"CARDOURO"},"image":{"@id":"https:\/\/cardouro.pt\/#logo"}},{"@type":"WebSite","@id":"https:\/\/cardouro.pt\/#website","url":"https:\/\/cardouro.pt\/","name":"Cardouro","description":"Autom\u00f3veis Multimarcas de luxo","publisher":{"@id":"https:\/\/cardouro.pt\/#organization"},"potentialAction":[{"@type":"SearchAction","target":{"@type":"EntryPoint","urlTemplate":"https:\/\/cardouro.pt\/?s={search_term_string}"},"query-input":"required name=search_term_string"}],"inLanguage":"en-GB"},{"@type":"WebPage","@id":"https:\/\/cardouro.pt\/iuc-e-ipo\/#webpage","url":"https:\/\/cardouro.pt\/iuc-e-ipo\/","name":"IUC \/ IPO - Cardouro","isPartOf":{"@id":"https:\/\/cardouro.pt\/#website"},"datePublished":"2021-05-07T11:24:08+00:00","dateModified":"2021-05-13T12:47:52+00:00","description":"Evite as multas desnecess\u00e1rias. Na Cardouro. n\u00f3s lembramos lhe do seu iuc e inspe\u00e7\u00e3o peri\u00f3dica atempadamente. Entre em contacto com a nossa equpa.","breadcrumb":{"@id":"https:\/\/cardouro.pt\/iuc-e-ipo\/#breadcrumb"},"inLanguage":"en-GB","potentialAction":[{"@type":"ReadAction","target":["https:\/\/cardouro.pt\/iuc-e-ipo\/"]}]},{"@type":"BreadcrumbList","@id":"https:\/\/cardouro.pt\/iuc-e-ipo\/#breadcrumb","itemListElement":[{"@type":"ListItem","position":1,"name":"In\u00edcio","item":"https:\/\/cardouro.pt\/"},{"@type":"ListItem","position":2,"name":"IUC \/ IPO"}]}]}},"_links":{"self":[{"href":"https:\/\/cardouro.pt\/en\/wp-json\/wp\/v2\/pages\/11995"}],"collection":[{"href":"https:\/\/cardouro.pt\/en\/wp-json\/wp\/v2\/pages"}],"about":[{"href":"https:\/\/cardouro.pt\/en\/wp-json\/wp\/v2\/types\/page"}],"author":[{"embeddable":true,"href":"https:\/\/cardouro.pt\/en\/wp-json\/wp\/v2\/users\/1"}],"replies":[{"embeddable":true,"href":"https:\/\/cardouro.pt\/en\/wp-json\/wp\/v2\/comments?post=11995"}],"version-history":[{"count":18,"href":"https:\/\/cardouro.pt\/en\/wp-json\/wp\/v2\/pages\/11995\/revisions"}],"predecessor-version":[{"id":12616,"href":"https:\/\/cardouro.pt\/en\/wp-json\/wp\/v2\/pages\/11995\/revisions\/12616"}],"wp:attachment":[{"href":"https:\/\/cardouro.pt\/en\/wp-json\/wp\/v2\/media?parent=11995"}],"curies":[{"name":"wp","href":"https:\/\/api.w.org\/{rel}","templated":true}]}}