{"id":12019,"date":"2021-05-07T11:43:17","date_gmt":"2021-05-07T11:43:17","guid":{"rendered":"https:\/\/cardouro.pt\/?page_id=12019"},"modified":"2021-05-12T22:57:42","modified_gmt":"2021-05-12T22:57:42","slug":"politica-de-privacidade","status":"publish","type":"page","link":"https:\/\/cardouro.pt\/en\/politica-de-privacidade\/","title":{"rendered":"Politica de Privacidade"},"content":{"rendered":"<div data-elementor-type=\"wp-page\" data-elementor-id=\"12019\" class=\"elementor elementor-12019\" data-elementor-settings=\"[]\">\n\t\t\t\t\t\t\t<div class=\"elementor-section-wrap\">\n\t\t\t\t\t\t\t<section class=\"elementor-section elementor-top-section elementor-element elementor-element-f86a569 elementor-section-full_width elementor-section-height-min-height elementor-section-items-stretch elementor-section-content-middle elementor-section-height-default\" data-id=\"f86a569\" data-element_type=\"section\" data-settings=\"{&quot;background_background&quot;:&quot;classic&quot;}\">\n\t\t\t\t\t\t\t<div class=\"elementor-background-overlay\"><\/div>\n\t\t\t\t\t\t\t<div class=\"elementor-container elementor-column-gap-default\">\n\t\t\t\t\t<div class=\"elementor-column elementor-col-100 elementor-top-column elementor-element elementor-element-67d0f23\" data-id=\"67d0f23\" data-element_type=\"column\" data-settings=\"{&quot;background_background&quot;:&quot;gradient&quot;}\">\n\t\t\t<div class=\"elementor-widget-wrap elementor-element-populated\">\n\t\t\t\t\t\t\t\t<section class=\"elementor-section elementor-inner-section elementor-element elementor-element-83ee5e3 elementor-section-boxed elementor-section-height-default elementor-section-height-default\" data-id=\"83ee5e3\" data-element_type=\"section\">\n\t\t\t\t\t\t<div class=\"elementor-container elementor-column-gap-default\">\n\t\t\t\t\t<div class=\"elementor-column elementor-col-100 elementor-inner-column elementor-element elementor-element-77a12b2\" data-id=\"77a12b2\" data-element_type=\"column\">\n\t\t\t<div class=\"elementor-widget-wrap elementor-element-populated\">\n\t\t\t\t\t\t\t\t<div class=\"elementor-element elementor-element-4d0ca37 elementor-widget elementor-widget-heading\" data-id=\"4d0ca37\" data-element_type=\"widget\" data-widget_type=\"heading.default\">\n\t\t\t\t<div class=\"elementor-widget-container\">\n\t\t\t<h2 class=\"elementor-heading-title elementor-size-default\">Privacy Policy<\/h2>\t\t<\/div>\n\t\t\t\t<\/div>\n\t\t\t\t\t<\/div>\n\t\t<\/div>\n\t\t\t\t\t\t\t<\/div>\n\t\t<\/section>\n\t\t\t\t\t<\/div>\n\t\t<\/div>\n\t\t\t\t\t\t\t<\/div>\n\t\t<\/section>\n\t\t\t\t<section class=\"elementor-section elementor-top-section elementor-element elementor-element-17f9666 elementor-section-boxed elementor-section-height-default elementor-section-height-default\" data-id=\"17f9666\" data-element_type=\"section\" data-settings=\"{&quot;background_background&quot;:&quot;classic&quot;}\">\n\t\t\t\t\t\t<div class=\"elementor-container elementor-column-gap-default\">\n\t\t\t\t\t<div class=\"elementor-column elementor-col-100 elementor-top-column elementor-element elementor-element-1e16aee\" data-id=\"1e16aee\" data-element_type=\"column\" data-settings=\"{&quot;background_background&quot;:&quot;classic&quot;}\">\n\t\t\t<div class=\"elementor-widget-wrap elementor-element-populated\">\n\t\t\t\t\t\t\t\t<div class=\"elementor-element elementor-element-2f4083fd elementor-widget elementor-widget-text-editor\" data-id=\"2f4083fd\" data-element_type=\"widget\" data-widget_type=\"text-editor.default\">\n\t\t\t\t<div class=\"elementor-widget-container\">\n\t\t\t\t\t\t\t\t<p><strong>Privacy policy for this website or applications<\/strong><\/p><p>As of May 25, 2018, the General Regulation on the Protection of Personal Data - European and Council Regulation, of 27 April 2016, establishes the rules on the protection, processing and free movement of data personal data of natural persons and which applies directly to all entities that process such data, in any member state of the European Union, namely Portugal.<\/p><p><strong>What data do we collect?<\/strong><\/p><p><strong>\u00a0<\/strong>\u201cPersonal Data\u201d refer to information related to an identified or identifiable natural person (Data Subject). An identifiable person is a person who can be identified, directly or indirectly, in particular by reference to an identifier, such as a name, an identification number, location data, identifiers electronically or to one or more specific elements the physical, physiological, genetic, mental, economic, cultural or social identity of that individual.<\/p><p><strong>What use do we give to data?<\/strong><\/p><p>All of your personal information collected will be used to help make your visit to our website as productive and enjoyable as possible. We collect information from you when you place an order for the purchase of products or services on our website and\/or when you subscribe to our newsletter since, in order to use some services, users are asked to provide certain personal data in advance, such as name, location, and -mail and telephone contact. These personal data will be used internally for commercial purposes, namely to respond to requests for information via telephone\/email, sending postal\/electronic mail (newsletters), sending SMS, among other communication tools.<\/p><p><strong>Personal Data Protection Policy<\/strong><\/p><p><strong>\u00a0<\/strong>The guarantee of the confidentiality of the personal data of the users of our website is important for us, so through the conclusion of protocols with our subcontractors, we intend to guarantee the execution of appropriate technical and organizational measures and to ensure the maximum confidentiality, not to share your data. data with third parties for commercial purposes and famous and effective defence of the rights of the data subject.<\/p><p><strong>Your rights and how to exercise them <\/strong><\/p><p>The user has the right to withdraw his consent at any time, without compromising the lawfulness of the treatment carried out on the basis of the previously given consent and the right to request access to the Personal Data concerning him, as well as its rectification or his deletion, and the limitation of treatment with respect to the User, or the right to object to the treatment, as well as the right to data portability.<\/p><p>The Personal Data are necessary for the performance of the contract to which the User is a party, for the fulfilment of the legal obligations to which the Data Controller is subject and those which are necessary for the purposes of the interested parties, are not included in the previous point.<\/p><p>Without prejudice to legal or regulatory provisions to the contrary, Personal Data will only be kept for the minimum period necessary for the purposes that motivate its collection or its further treatment after which it will be eliminated or, if it is in our interest, processed for statistical purposes, anonymized, and it is not possible to identify its Holder.<\/p><p><strong>Acceptance of Terms of Use and Data Protection <\/strong><\/p><p>The use of this website or applications implies acceptance of this Privacy Agreement. The company that owns this website or applications reserves the right to change this agreement without prior notice. Therefore, we recommend that you check our privacy policy regularly so that you are always up to date.<\/p>\t\t\t\t\t\t<\/div>\n\t\t\t\t<\/div>\n\t\t\t\t\t<\/div>\n\t\t<\/div>\n\t\t\t\t\t\t\t<\/div>\n\t\t<\/section>\n\t\t\t\t<section class=\"elementor-section elementor-top-section elementor-element elementor-element-7e26465d elementor-section-boxed elementor-section-height-default elementor-section-height-default\" data-id=\"7e26465d\" data-element_type=\"section\">\n\t\t\t\t\t\t<div class=\"elementor-container elementor-column-gap-default\">\n\t\t\t\t\t<div class=\"elementor-column elementor-col-100 elementor-top-column elementor-element elementor-element-4127108\" data-id=\"4127108\" data-element_type=\"column\">\n\t\t\t<div class=\"elementor-widget-wrap\">\n\t\t\t\t\t\t\t\t\t<\/div>\n\t\t<\/div>\n\t\t\t\t\t\t\t<\/div>\n\t\t<\/section>\n\t\t\t\t\t\t<\/div>\n\t\t\t\t\t<\/div>","protected":false},"excerpt":{"rendered":"<p>Pol\u00edtica de privacidade Pol\u00edtica de privacidade para este website ou aplica\u00e7\u00f5es A partir de 25 de maio de 2018, passa a ser aplic\u00e1vel o Regulamento Geral sobre a Prote\u00e7\u00e3o de Dados Pessoais \u2013 Regulamento Europeu e do Conselho, de 27 de Abril de 2016, que estabelece as regras relativas \u00e0 prote\u00e7\u00e3o , tratamento e livre&#8230;<\/p>","protected":false},"author":1,"featured_media":0,"parent":0,"menu_order":0,"comment_status":"closed","ping_status":"closed","template":"elementor_header_footer","meta":{"_links_to":"","_links_to_target":""},"yoast_head":"<!-- This site is optimized with the Yoast SEO plugin v17.1 - https:\/\/yoast.com\/wordpress\/plugins\/seo\/ -->\n<title>Politica de Privacidade - Cardouro<\/title>\n<meta name=\"robots\" content=\"index, follow, max-snippet:-1, max-image-preview:large, max-video-preview:-1\" \/>\n<link rel=\"canonical\" href=\"https:\/\/cardouro.pt\/en\/politica-de-privacidade\/\" \/>\n<meta property=\"og:locale\" content=\"en_GB\" \/>\n<meta property=\"og:type\" content=\"article\" \/>\n<meta property=\"og:title\" content=\"Politica de Privacidade - Cardouro\" \/>\n<meta property=\"og:description\" content=\"Pol\u00edtica de privacidade Pol\u00edtica de privacidade para este website ou aplica\u00e7\u00f5es A partir de 25 de maio de 2018, passa a ser aplic\u00e1vel o Regulamento Geral sobre a Prote\u00e7\u00e3o de Dados Pessoais \u2013 Regulamento Europeu e do Conselho, de 27 de Abril de 2016, que estabelece as regras relativas \u00e0 prote\u00e7\u00e3o , tratamento e livre...\" \/>\n<meta property=\"og:url\" content=\"https:\/\/cardouro.pt\/en\/politica-de-privacidade\/\" \/>\n<meta property=\"og:site_name\" content=\"Cardouro\" \/>\n<meta property=\"article:publisher\" content=\"https:\/\/www.facebook.com\/cardouro\/\" \/>\n<meta property=\"article:modified_time\" content=\"2021-05-12T22:57:42+00:00\" \/>\n<meta name=\"twitter:card\" content=\"summary_large_image\" \/>\n<meta name=\"twitter:label1\" content=\"Estimated reading time\" \/>\n\t<meta name=\"twitter:data1\" content=\"3 minutes\" \/>\n<script type=\"application\/ld+json\" class=\"yoast-schema-graph\">{\"@context\":\"https:\/\/schema.org\",\"@graph\":[{\"@type\":\"Organization\",\"@id\":\"https:\/\/cardouro.pt\/#organization\",\"name\":\"CARDOURO\",\"url\":\"https:\/\/cardouro.pt\/\",\"sameAs\":[\"https:\/\/www.facebook.com\/cardouro\/\",\"https:\/\/www.instagram.com\/cardouroautomoveis\/\",\"https:\/\/www.youtube.com\/channel\/UC1jwa-BW3QxIDzfSMWfufjA\"],\"logo\":{\"@type\":\"ImageObject\",\"@id\":\"https:\/\/cardouro.pt\/#logo\",\"inLanguage\":\"en-GB\",\"url\":\"\",\"contentUrl\":\"\",\"caption\":\"CARDOURO\"},\"image\":{\"@id\":\"https:\/\/cardouro.pt\/#logo\"}},{\"@type\":\"WebSite\",\"@id\":\"https:\/\/cardouro.pt\/#website\",\"url\":\"https:\/\/cardouro.pt\/\",\"name\":\"Cardouro\",\"description\":\"Autom\\u00f3veis Multimarcas de luxo\",\"publisher\":{\"@id\":\"https:\/\/cardouro.pt\/#organization\"},\"potentialAction\":[{\"@type\":\"SearchAction\",\"target\":{\"@type\":\"EntryPoint\",\"urlTemplate\":\"https:\/\/cardouro.pt\/?s={search_term_string}\"},\"query-input\":\"required name=search_term_string\"}],\"inLanguage\":\"en-GB\"},{\"@type\":\"WebPage\",\"@id\":\"https:\/\/cardouro.pt\/politica-de-privacidade\/#webpage\",\"url\":\"https:\/\/cardouro.pt\/politica-de-privacidade\/\",\"name\":\"Politica de Privacidade - Cardouro\",\"isPartOf\":{\"@id\":\"https:\/\/cardouro.pt\/#website\"},\"datePublished\":\"2021-05-07T11:43:17+00:00\",\"dateModified\":\"2021-05-12T22:57:42+00:00\",\"breadcrumb\":{\"@id\":\"https:\/\/cardouro.pt\/politica-de-privacidade\/#breadcrumb\"},\"inLanguage\":\"en-GB\",\"potentialAction\":[{\"@type\":\"ReadAction\",\"target\":[\"https:\/\/cardouro.pt\/politica-de-privacidade\/\"]}]},{\"@type\":\"BreadcrumbList\",\"@id\":\"https:\/\/cardouro.pt\/politica-de-privacidade\/#breadcrumb\",\"itemListElement\":[{\"@type\":\"ListItem\",\"position\":1,\"name\":\"In\\u00edcio\",\"item\":\"https:\/\/cardouro.pt\/\"},{\"@type\":\"ListItem\",\"position\":2,\"name\":\"Politica de Privacidade\"}]}]}<\/script>\n<!-- \/ Yoast SEO plugin. -->","yoast_head_json":{"title":"Politica de Privacidade - Cardouro","robots":{"index":"index","follow":"follow","max-snippet":"max-snippet:-1","max-image-preview":"max-image-preview:large","max-video-preview":"max-video-preview:-1"},"canonical":"https:\/\/cardouro.pt\/en\/politica-de-privacidade\/","og_locale":"en_GB","og_type":"article","og_title":"Politica de Privacidade - Cardouro","og_description":"Pol\u00edtica de privacidade Pol\u00edtica de privacidade para este website ou aplica\u00e7\u00f5es A partir de 25 de maio de 2018, passa a ser aplic\u00e1vel o Regulamento Geral sobre a Prote\u00e7\u00e3o de Dados Pessoais \u2013 Regulamento Europeu e do Conselho, de 27 de Abril de 2016, que estabelece as regras relativas \u00e0 prote\u00e7\u00e3o , tratamento e livre...","og_url":"https:\/\/cardouro.pt\/en\/politica-de-privacidade\/","og_site_name":"Cardouro","article_publisher":"https:\/\/www.facebook.com\/cardouro\/","article_modified_time":"2021-05-12T22:57:42+00:00","twitter_card":"summary_large_image","twitter_misc":{"Estimated reading time":"3 minutes"},"schema":{"@context":"https:\/\/schema.org","@graph":[{"@type":"Organization","@id":"https:\/\/cardouro.pt\/#organization","name":"CARDOURO","url":"https:\/\/cardouro.pt\/","sameAs":["https:\/\/www.facebook.com\/cardouro\/","https:\/\/www.instagram.com\/cardouroautomoveis\/","https:\/\/www.youtube.com\/channel\/UC1jwa-BW3QxIDzfSMWfufjA"],"logo":{"@type":"ImageObject","@id":"https:\/\/cardouro.pt\/#logo","inLanguage":"en-GB","url":"","contentUrl":"","caption":"CARDOURO"},"image":{"@id":"https:\/\/cardouro.pt\/#logo"}},{"@type":"WebSite","@id":"https:\/\/cardouro.pt\/#website","url":"https:\/\/cardouro.pt\/","name":"Cardouro","description":"Autom\u00f3veis Multimarcas de luxo","publisher":{"@id":"https:\/\/cardouro.pt\/#organization"},"potentialAction":[{"@type":"SearchAction","target":{"@type":"EntryPoint","urlTemplate":"https:\/\/cardouro.pt\/?s={search_term_string}"},"query-input":"required name=search_term_string"}],"inLanguage":"en-GB"},{"@type":"WebPage","@id":"https:\/\/cardouro.pt\/politica-de-privacidade\/#webpage","url":"https:\/\/cardouro.pt\/politica-de-privacidade\/","name":"Politica de Privacidade - Cardouro","isPartOf":{"@id":"https:\/\/cardouro.pt\/#website"},"datePublished":"2021-05-07T11:43:17+00:00","dateModified":"2021-05-12T22:57:42+00:00","breadcrumb":{"@id":"https:\/\/cardouro.pt\/politica-de-privacidade\/#breadcrumb"},"inLanguage":"en-GB","potentialAction":[{"@type":"ReadAction","target":["https:\/\/cardouro.pt\/politica-de-privacidade\/"]}]},{"@type":"BreadcrumbList","@id":"https:\/\/cardouro.pt\/politica-de-privacidade\/#breadcrumb","itemListElement":[{"@type":"ListItem","position":1,"name":"In\u00edcio","item":"https:\/\/cardouro.pt\/"},{"@type":"ListItem","position":2,"name":"Politica de Privacidade"}]}]}},"_links":{"self":[{"href":"https:\/\/cardouro.pt\/en\/wp-json\/wp\/v2\/pages\/12019"}],"collection":[{"href":"https:\/\/cardouro.pt\/en\/wp-json\/wp\/v2\/pages"}],"about":[{"href":"https:\/\/cardouro.pt\/en\/wp-json\/wp\/v2\/types\/page"}],"author":[{"embeddable":true,"href":"https:\/\/cardouro.pt\/en\/wp-json\/wp\/v2\/users\/1"}],"replies":[{"embeddable":true,"href":"https:\/\/cardouro.pt\/en\/wp-json\/wp\/v2\/comments?post=12019"}],"version-history":[{"count":9,"href":"https:\/\/cardouro.pt\/en\/wp-json\/wp\/v2\/pages\/12019\/revisions"}],"predecessor-version":[{"id":12214,"href":"https:\/\/cardouro.pt\/en\/wp-json\/wp\/v2\/pages\/12019\/revisions\/12214"}],"wp:attachment":[{"href":"https:\/\/cardouro.pt\/en\/wp-json\/wp\/v2\/media?parent=12019"}],"curies":[{"name":"wp","href":"https:\/\/api.w.org\/{rel}","templated":true}]}}