{"id":12020,"date":"2021-05-07T11:44:12","date_gmt":"2021-05-07T11:44:12","guid":{"rendered":"https:\/\/cardouro.pt\/?page_id=12020"},"modified":"2021-05-19T14:42:28","modified_gmt":"2021-05-19T14:42:28","slug":"politica-de-cookies","status":"publish","type":"page","link":"https:\/\/cardouro.pt\/en\/politica-de-cookies\/","title":{"rendered":"Cookies Policy"},"content":{"rendered":"<div data-elementor-type=\"wp-page\" data-elementor-id=\"12020\" class=\"elementor elementor-12020\" data-elementor-settings=\"[]\">\n\t\t\t\t\t\t\t<div class=\"elementor-section-wrap\">\n\t\t\t\t\t\t\t<section class=\"elementor-section elementor-top-section elementor-element elementor-element-ebf4e45 elementor-section-full_width elementor-section-height-min-height elementor-section-items-stretch elementor-section-content-middle elementor-section-height-default\" data-id=\"ebf4e45\" data-element_type=\"section\" data-settings=\"{&quot;background_background&quot;:&quot;classic&quot;}\">\n\t\t\t\t\t\t\t<div class=\"elementor-background-overlay\"><\/div>\n\t\t\t\t\t\t\t<div class=\"elementor-container elementor-column-gap-default\">\n\t\t\t\t\t<div class=\"elementor-column elementor-col-100 elementor-top-column elementor-element elementor-element-57ddcdc\" data-id=\"57ddcdc\" data-element_type=\"column\" data-settings=\"{&quot;background_background&quot;:&quot;gradient&quot;}\">\n\t\t\t<div class=\"elementor-widget-wrap elementor-element-populated\">\n\t\t\t\t\t\t\t\t<section class=\"elementor-section elementor-inner-section elementor-element elementor-element-7de4978 elementor-section-boxed elementor-section-height-default elementor-section-height-default\" data-id=\"7de4978\" data-element_type=\"section\">\n\t\t\t\t\t\t<div class=\"elementor-container elementor-column-gap-default\">\n\t\t\t\t\t<div class=\"elementor-column elementor-col-100 elementor-inner-column elementor-element elementor-element-c0c399d\" data-id=\"c0c399d\" data-element_type=\"column\">\n\t\t\t<div class=\"elementor-widget-wrap elementor-element-populated\">\n\t\t\t\t\t\t\t\t<div class=\"elementor-element elementor-element-ca64b2d elementor-widget elementor-widget-heading\" data-id=\"ca64b2d\" data-element_type=\"widget\" data-widget_type=\"heading.default\">\n\t\t\t\t<div class=\"elementor-widget-container\">\n\t\t\t<h2 class=\"elementor-heading-title elementor-size-default\">Cookies Policy<\/h2>\t\t<\/div>\n\t\t\t\t<\/div>\n\t\t\t\t\t<\/div>\n\t\t<\/div>\n\t\t\t\t\t\t\t<\/div>\n\t\t<\/section>\n\t\t\t\t\t<\/div>\n\t\t<\/div>\n\t\t\t\t\t\t\t<\/div>\n\t\t<\/section>\n\t\t\t\t<section class=\"elementor-section elementor-top-section elementor-element elementor-element-4f16561 elementor-section-boxed elementor-section-height-default elementor-section-height-default\" data-id=\"4f16561\" data-element_type=\"section\" data-settings=\"{&quot;background_background&quot;:&quot;classic&quot;}\">\n\t\t\t\t\t\t<div class=\"elementor-container elementor-column-gap-default\">\n\t\t\t\t\t<div class=\"elementor-column elementor-col-100 elementor-top-column elementor-element elementor-element-d75d590\" data-id=\"d75d590\" data-element_type=\"column\" data-settings=\"{&quot;background_background&quot;:&quot;classic&quot;}\">\n\t\t\t<div class=\"elementor-widget-wrap elementor-element-populated\">\n\t\t\t\t\t\t\t\t<div class=\"elementor-element elementor-element-9a5bca0 elementor-widget elementor-widget-text-editor\" data-id=\"9a5bca0\" data-element_type=\"widget\" data-widget_type=\"text-editor.default\">\n\t\t\t\t<div class=\"elementor-widget-container\">\n\t\t\t\t\t\t\t\t<p><strong>What are cookies?<\/strong><\/p><p>Cookies are files that have small pieces of information that are downloaded from your device when you visit a website.<\/p><p><strong>What are cookies for?<\/strong><\/p><p>They help the website to memorize information about your visits, such as your preferred language and other settings. This can make your next visit easier and make the website more useful for you. Cookies play an important role. Without them, using the Web would be a much more frustrating experience. Cookies increase the efficiency of browsing websites. Surely you have already added an item to a shopping cart in an online store and, after a few days, on returning to the website, did you find that the item was still in the cart? This is one of the examples of the use of cookies.<\/p><p><strong>Why do we use cookies?<\/strong><\/p><p>The use of Cookies on the internet is usual and does not harm computer users. Cookies perform several functions, namely helping website managers to understand how it is used, facilitating their navigation, saving their preferences and, in general, improving their user experience, also serving to ensure that the website shows you relevant content.<\/p><p><strong>What kind of cookies do we use?<\/strong><\/p><p>This website uses the following types of cookies: Permanent cookies - these are cookies that are stored at the browser level on your access devices (pc, mobile and tablet) and that are used whenever you make a new visit to one of our websites. Session cookies - are temporary cookies that remain in your browser's cookie file until you leave the website. The information obtained by these cookies is used to analyze traffic patterns on the web, allowing us to identify problems and provide a better browsing experience.<\/p><p><strong>The ads<\/strong><\/p><p>Like other websites, we collect and use the information contained in the advertisements. The information contained in the advertisements includes your IP (Internet Protocol) address, your ISP (Internet Service Provider, such as Sapo, Clix, or other), the browser you used when visiting our website (such as Internet Explorer or Firefox), the time of your visit and what pages you visited within our website.<\/p><p><strong>DoubleClick Dart Cookie<\/strong><\/p><p>Google, as a third-party vendor, uses cookies to display ads on our website;<\/p><p>With the DART cookie, Google can display ads based on visits the reader has made to other websites on the Internet;<\/p><p>Users can disable the DART cookie by visiting the Privacy Policy for Google's content network and ads.<\/p><p><strong>Cookies and Web Beacons<\/strong><\/p><p>We use cookies to store information, such as your personal preferences when you visit our website. This may include a simple popup, or a link to various services we provide, such as forums.<\/p><p>In addition, we also use third-party advertising on our website to support maintenance costs. Some of these advertisers may use technologies such as cookies and\/or web beacons when advertising on our website, which will cause these advertisers (such as Google through Google AdSense) to also receive your personal information, such as the IP address, your ISP, browser, etc. This function is generally used for geotargeting (showing Lisbon advertising only to readers coming from Lisbon, for example) or display targeted advertising to a type of user (such as showing restaurant advertising to a user who visits cooking sites regularly, e.g. ).<\/p><p>You have the power to turn off your cookies, in your browser options, or by making changes to Anti-Virus program tools, such as Norton Internet Security. However, this may change the way you interact on our website or other websites. This may affect or not allow you to log in to programs, websites or forums of our and other networks.<\/p><p><strong>Links to Third Party Sites <\/strong><\/p><p>This website has links to other sites, which, in our view, may contain useful information\/tools for our visitors. Our privacy policy is not applied to third-party sites, so if you visit another site from ours you should read its privacy policy.<\/p><p>We are not responsible for the privacy policy or content present on those same sites.<\/p><p><strong>Google reCAPTCHA<\/strong><\/p><p>CAPTCHA (Completely Automated Public Turing test to tell Computers and Humans Apart - Fully automated public Turing test to distinguish between computers and people) is a type of security measure known as challenge and response authentication. CAPTCHA helps protect contact forms from spam and password decryption by asking you to complete a simple test that proves that you are a human being, not a computer trying to break into a password-protected account.<\/p><p>The forms on this website are protected with this technology.<\/p><p>Use of this service implies acceptance of Google\u2019s Terms of Service and Privacy Policy.<\/p>\t\t\t\t\t\t<\/div>\n\t\t\t\t<\/div>\n\t\t\t\t\t<\/div>\n\t\t<\/div>\n\t\t\t\t\t\t\t<\/div>\n\t\t<\/section>\n\t\t\t\t\t\t<\/div>\n\t\t\t\t\t<\/div>","protected":false},"excerpt":{"rendered":"<p>Pol\u00edtica de Cookies O que s\u00e3o cookies? Os cookies s\u00e3o ficheiros que t\u00eam pequenos fragmentos de informa\u00e7\u00e3o que \u00e9 descarregada do seu dispositivo quando visita um website. Para que servem os cookies? Ajudam o Website a memorizar informa\u00e7\u00f5es sobre a sua visita, como o seu idioma preferido e outras defini\u00e7\u00f5es. Isto pode facilitar a sua&#8230;<\/p>","protected":false},"author":1,"featured_media":0,"parent":0,"menu_order":0,"comment_status":"closed","ping_status":"closed","template":"elementor_header_footer","meta":{"_links_to":"","_links_to_target":""},"yoast_head":"<!-- This site is optimized with the Yoast SEO plugin v17.1 - https:\/\/yoast.com\/wordpress\/plugins\/seo\/ -->\n<title>Pol\u00edtica de Cookies - Cardouro<\/title>\n<meta name=\"robots\" content=\"index, follow, max-snippet:-1, max-image-preview:large, max-video-preview:-1\" \/>\n<link rel=\"canonical\" href=\"https:\/\/cardouro.pt\/en\/politica-de-cookies\/\" \/>\n<meta property=\"og:locale\" content=\"en_GB\" \/>\n<meta property=\"og:type\" content=\"article\" \/>\n<meta property=\"og:title\" content=\"Pol\u00edtica de Cookies - Cardouro\" \/>\n<meta property=\"og:description\" content=\"Pol\u00edtica de Cookies O que s\u00e3o cookies? Os cookies s\u00e3o ficheiros que t\u00eam pequenos fragmentos de informa\u00e7\u00e3o que \u00e9 descarregada do seu dispositivo quando visita um website. Para que servem os cookies? Ajudam o Website a memorizar informa\u00e7\u00f5es sobre a sua visita, como o seu idioma preferido e outras defini\u00e7\u00f5es. Isto pode facilitar a sua...\" \/>\n<meta property=\"og:url\" content=\"https:\/\/cardouro.pt\/en\/politica-de-cookies\/\" \/>\n<meta property=\"og:site_name\" content=\"Cardouro\" \/>\n<meta property=\"article:publisher\" content=\"https:\/\/www.facebook.com\/cardouro\/\" \/>\n<meta property=\"article:modified_time\" content=\"2021-05-19T14:42:28+00:00\" \/>\n<meta name=\"twitter:card\" content=\"summary_large_image\" \/>\n<meta name=\"twitter:label1\" content=\"Estimated reading time\" \/>\n\t<meta name=\"twitter:data1\" content=\"4 minutes\" \/>\n<script type=\"application\/ld+json\" class=\"yoast-schema-graph\">{\"@context\":\"https:\/\/schema.org\",\"@graph\":[{\"@type\":\"Organization\",\"@id\":\"https:\/\/cardouro.pt\/#organization\",\"name\":\"CARDOURO\",\"url\":\"https:\/\/cardouro.pt\/\",\"sameAs\":[\"https:\/\/www.facebook.com\/cardouro\/\",\"https:\/\/www.instagram.com\/cardouroautomoveis\/\",\"https:\/\/www.youtube.com\/channel\/UC1jwa-BW3QxIDzfSMWfufjA\"],\"logo\":{\"@type\":\"ImageObject\",\"@id\":\"https:\/\/cardouro.pt\/#logo\",\"inLanguage\":\"en-GB\",\"url\":\"\",\"contentUrl\":\"\",\"caption\":\"CARDOURO\"},\"image\":{\"@id\":\"https:\/\/cardouro.pt\/#logo\"}},{\"@type\":\"WebSite\",\"@id\":\"https:\/\/cardouro.pt\/#website\",\"url\":\"https:\/\/cardouro.pt\/\",\"name\":\"Cardouro\",\"description\":\"Autom\\u00f3veis Multimarcas de luxo\",\"publisher\":{\"@id\":\"https:\/\/cardouro.pt\/#organization\"},\"potentialAction\":[{\"@type\":\"SearchAction\",\"target\":{\"@type\":\"EntryPoint\",\"urlTemplate\":\"https:\/\/cardouro.pt\/?s={search_term_string}\"},\"query-input\":\"required name=search_term_string\"}],\"inLanguage\":\"en-GB\"},{\"@type\":\"WebPage\",\"@id\":\"https:\/\/cardouro.pt\/politica-de-cookies\/#webpage\",\"url\":\"https:\/\/cardouro.pt\/politica-de-cookies\/\",\"name\":\"Pol\\u00edtica de Cookies - Cardouro\",\"isPartOf\":{\"@id\":\"https:\/\/cardouro.pt\/#website\"},\"datePublished\":\"2021-05-07T11:44:12+00:00\",\"dateModified\":\"2021-05-19T14:42:28+00:00\",\"breadcrumb\":{\"@id\":\"https:\/\/cardouro.pt\/politica-de-cookies\/#breadcrumb\"},\"inLanguage\":\"en-GB\",\"potentialAction\":[{\"@type\":\"ReadAction\",\"target\":[\"https:\/\/cardouro.pt\/politica-de-cookies\/\"]}]},{\"@type\":\"BreadcrumbList\",\"@id\":\"https:\/\/cardouro.pt\/politica-de-cookies\/#breadcrumb\",\"itemListElement\":[{\"@type\":\"ListItem\",\"position\":1,\"name\":\"In\\u00edcio\",\"item\":\"https:\/\/cardouro.pt\/\"},{\"@type\":\"ListItem\",\"position\":2,\"name\":\"Pol\\u00edtica de Cookies\"}]}]}<\/script>\n<!-- \/ Yoast SEO plugin. -->","yoast_head_json":{"title":"Pol\u00edtica de Cookies - Cardouro","robots":{"index":"index","follow":"follow","max-snippet":"max-snippet:-1","max-image-preview":"max-image-preview:large","max-video-preview":"max-video-preview:-1"},"canonical":"https:\/\/cardouro.pt\/en\/politica-de-cookies\/","og_locale":"en_GB","og_type":"article","og_title":"Pol\u00edtica de Cookies - Cardouro","og_description":"Pol\u00edtica de Cookies O que s\u00e3o cookies? Os cookies s\u00e3o ficheiros que t\u00eam pequenos fragmentos de informa\u00e7\u00e3o que \u00e9 descarregada do seu dispositivo quando visita um website. Para que servem os cookies? Ajudam o Website a memorizar informa\u00e7\u00f5es sobre a sua visita, como o seu idioma preferido e outras defini\u00e7\u00f5es. Isto pode facilitar a sua...","og_url":"https:\/\/cardouro.pt\/en\/politica-de-cookies\/","og_site_name":"Cardouro","article_publisher":"https:\/\/www.facebook.com\/cardouro\/","article_modified_time":"2021-05-19T14:42:28+00:00","twitter_card":"summary_large_image","twitter_misc":{"Estimated reading time":"4 minutes"},"schema":{"@context":"https:\/\/schema.org","@graph":[{"@type":"Organization","@id":"https:\/\/cardouro.pt\/#organization","name":"CARDOURO","url":"https:\/\/cardouro.pt\/","sameAs":["https:\/\/www.facebook.com\/cardouro\/","https:\/\/www.instagram.com\/cardouroautomoveis\/","https:\/\/www.youtube.com\/channel\/UC1jwa-BW3QxIDzfSMWfufjA"],"logo":{"@type":"ImageObject","@id":"https:\/\/cardouro.pt\/#logo","inLanguage":"en-GB","url":"","contentUrl":"","caption":"CARDOURO"},"image":{"@id":"https:\/\/cardouro.pt\/#logo"}},{"@type":"WebSite","@id":"https:\/\/cardouro.pt\/#website","url":"https:\/\/cardouro.pt\/","name":"Cardouro","description":"Autom\u00f3veis Multimarcas de luxo","publisher":{"@id":"https:\/\/cardouro.pt\/#organization"},"potentialAction":[{"@type":"SearchAction","target":{"@type":"EntryPoint","urlTemplate":"https:\/\/cardouro.pt\/?s={search_term_string}"},"query-input":"required name=search_term_string"}],"inLanguage":"en-GB"},{"@type":"WebPage","@id":"https:\/\/cardouro.pt\/politica-de-cookies\/#webpage","url":"https:\/\/cardouro.pt\/politica-de-cookies\/","name":"Pol\u00edtica de Cookies - Cardouro","isPartOf":{"@id":"https:\/\/cardouro.pt\/#website"},"datePublished":"2021-05-07T11:44:12+00:00","dateModified":"2021-05-19T14:42:28+00:00","breadcrumb":{"@id":"https:\/\/cardouro.pt\/politica-de-cookies\/#breadcrumb"},"inLanguage":"en-GB","potentialAction":[{"@type":"ReadAction","target":["https:\/\/cardouro.pt\/politica-de-cookies\/"]}]},{"@type":"BreadcrumbList","@id":"https:\/\/cardouro.pt\/politica-de-cookies\/#breadcrumb","itemListElement":[{"@type":"ListItem","position":1,"name":"In\u00edcio","item":"https:\/\/cardouro.pt\/"},{"@type":"ListItem","position":2,"name":"Pol\u00edtica de Cookies"}]}]}},"_links":{"self":[{"href":"https:\/\/cardouro.pt\/en\/wp-json\/wp\/v2\/pages\/12020"}],"collection":[{"href":"https:\/\/cardouro.pt\/en\/wp-json\/wp\/v2\/pages"}],"about":[{"href":"https:\/\/cardouro.pt\/en\/wp-json\/wp\/v2\/types\/page"}],"author":[{"embeddable":true,"href":"https:\/\/cardouro.pt\/en\/wp-json\/wp\/v2\/users\/1"}],"replies":[{"embeddable":true,"href":"https:\/\/cardouro.pt\/en\/wp-json\/wp\/v2\/comments?post=12020"}],"version-history":[{"count":15,"href":"https:\/\/cardouro.pt\/en\/wp-json\/wp\/v2\/pages\/12020\/revisions"}],"predecessor-version":[{"id":12870,"href":"https:\/\/cardouro.pt\/en\/wp-json\/wp\/v2\/pages\/12020\/revisions\/12870"}],"wp:attachment":[{"href":"https:\/\/cardouro.pt\/en\/wp-json\/wp\/v2\/media?parent=12020"}],"curies":[{"name":"wp","href":"https:\/\/api.w.org\/{rel}","templated":true}]}}