{"id":12038,"date":"2021-05-07T12:00:15","date_gmt":"2021-05-07T12:00:15","guid":{"rendered":"https:\/\/cardouro.pt\/?page_id=12038"},"modified":"2021-05-12T22:44:05","modified_gmt":"2021-05-12T22:44:05","slug":"conflitos-de-consumo","status":"publish","type":"page","link":"https:\/\/cardouro.pt\/en\/conflitos-de-consumo\/","title":{"rendered":"Consumer Conflicts"},"content":{"rendered":"<div data-elementor-type=\"wp-page\" data-elementor-id=\"12038\" class=\"elementor elementor-12038\" data-elementor-settings=\"[]\">\n\t\t\t\t\t\t\t<div class=\"elementor-section-wrap\">\n\t\t\t\t\t\t\t<section class=\"elementor-section elementor-top-section elementor-element elementor-element-f44cfc0 elementor-section-full_width elementor-section-height-min-height elementor-section-items-stretch elementor-section-content-middle elementor-section-height-default\" data-id=\"f44cfc0\" data-element_type=\"section\" data-settings=\"{&quot;background_background&quot;:&quot;classic&quot;}\">\n\t\t\t\t\t\t\t<div class=\"elementor-background-overlay\"><\/div>\n\t\t\t\t\t\t\t<div class=\"elementor-container elementor-column-gap-default\">\n\t\t\t\t\t<div class=\"elementor-column elementor-col-100 elementor-top-column elementor-element elementor-element-774f145\" data-id=\"774f145\" data-element_type=\"column\" data-settings=\"{&quot;background_background&quot;:&quot;gradient&quot;}\">\n\t\t\t<div class=\"elementor-widget-wrap elementor-element-populated\">\n\t\t\t\t\t\t\t\t<section class=\"elementor-section elementor-inner-section elementor-element elementor-element-9c53003 elementor-section-boxed elementor-section-height-default elementor-section-height-default\" data-id=\"9c53003\" data-element_type=\"section\">\n\t\t\t\t\t\t<div class=\"elementor-container elementor-column-gap-default\">\n\t\t\t\t\t<div class=\"elementor-column elementor-col-100 elementor-inner-column elementor-element elementor-element-beefaaa\" data-id=\"beefaaa\" data-element_type=\"column\">\n\t\t\t<div class=\"elementor-widget-wrap elementor-element-populated\">\n\t\t\t\t\t\t\t\t<div class=\"elementor-element elementor-element-a682150 elementor-widget elementor-widget-heading\" data-id=\"a682150\" data-element_type=\"widget\" data-widget_type=\"heading.default\">\n\t\t\t\t<div class=\"elementor-widget-container\">\n\t\t\t<h2 class=\"elementor-heading-title elementor-size-default\">Consumer Conflicts<\/h2>\t\t<\/div>\n\t\t\t\t<\/div>\n\t\t\t\t\t<\/div>\n\t\t<\/div>\n\t\t\t\t\t\t\t<\/div>\n\t\t<\/section>\n\t\t\t\t\t<\/div>\n\t\t<\/div>\n\t\t\t\t\t\t\t<\/div>\n\t\t<\/section>\n\t\t\t\t<section class=\"elementor-section elementor-top-section elementor-element elementor-element-72157f7 elementor-section-boxed elementor-section-height-default elementor-section-height-default\" data-id=\"72157f7\" data-element_type=\"section\" data-settings=\"{&quot;background_background&quot;:&quot;classic&quot;}\">\n\t\t\t\t\t\t<div class=\"elementor-container elementor-column-gap-default\">\n\t\t\t\t\t<div class=\"elementor-column elementor-col-100 elementor-top-column elementor-element elementor-element-00793f6\" data-id=\"00793f6\" data-element_type=\"column\" data-settings=\"{&quot;background_background&quot;:&quot;classic&quot;}\">\n\t\t\t<div class=\"elementor-widget-wrap elementor-element-populated\">\n\t\t\t\t\t\t\t\t<div class=\"elementor-element elementor-element-141d12c elementor-widget elementor-widget-text-editor\" data-id=\"141d12c\" data-element_type=\"widget\" data-widget_type=\"text-editor.default\">\n\t\t\t\t<div class=\"elementor-widget-container\">\n\t\t\t\t\t\t\t\t<p>For the purposes of complying with the legal requirement resulting from the application of Law No. 144\/2015 of 8 September by associated companies, we inform that in the Automotive Sector, the extra-judicial resolution of consumer disputes is ensured by CASA - CENTRO DE ARBITRAGEM DO SETOR AUTOM\u00d3VEL which is the competent RAL entity.<\/p><p>The website where information on the available RAL mechanisms can be consulted, as well as making complaints and requesting information is <a href=\"https:\/\/www.arbitragemauto.pt\" target=\"_blank\" rel=\"noopener noreferrer\">https:\/\/www.arbitragemauto.pt<\/a>.<\/p>\t\t\t\t\t\t<\/div>\n\t\t\t\t<\/div>\n\t\t\t\t\t<\/div>\n\t\t<\/div>\n\t\t\t\t\t\t\t<\/div>\n\t\t<\/section>\n\t\t\t\t\t\t<\/div>\n\t\t\t\t\t<\/div>","protected":false},"excerpt":{"rendered":"<p>Conflitos de Consumo Para efeitos de cumprimento da exig\u00eancia legal resultante da aplica\u00e7\u00e3o da Lei n\u00ba 144\/2015 de 8 de setembro pelas empresas associadas, informamos que no Setor Autom\u00f3vel, a resolu\u00e7\u00e3o extra-judicial de conflitos de consumo, se encontra assegurada pelo CASA \u2013 CENTRO DE ARBITRAGEM DO SETOR AUTOM\u00d3VEL que \u00e9 a entidade de RAL competente&#8230;.<\/p>","protected":false},"author":1,"featured_media":0,"parent":0,"menu_order":0,"comment_status":"closed","ping_status":"closed","template":"elementor_header_footer","meta":{"_links_to":"","_links_to_target":""},"yoast_head":"<!-- This site is optimized with the Yoast SEO plugin v17.1 - https:\/\/yoast.com\/wordpress\/plugins\/seo\/ -->\n<title>Conflitos de Consumo - Cardouro<\/title>\n<meta name=\"robots\" content=\"index, follow, max-snippet:-1, max-image-preview:large, max-video-preview:-1\" \/>\n<link rel=\"canonical\" href=\"https:\/\/cardouro.pt\/en\/conflitos-de-consumo\/\" \/>\n<meta property=\"og:locale\" content=\"en_GB\" \/>\n<meta property=\"og:type\" content=\"article\" \/>\n<meta property=\"og:title\" content=\"Conflitos de Consumo - Cardouro\" \/>\n<meta property=\"og:description\" content=\"Conflitos de Consumo Para efeitos de cumprimento da exig\u00eancia legal resultante da aplica\u00e7\u00e3o da Lei n\u00ba 144\/2015 de 8 de setembro pelas empresas associadas, informamos que no Setor Autom\u00f3vel, a resolu\u00e7\u00e3o extra-judicial de conflitos de consumo, se encontra assegurada pelo CASA \u2013 CENTRO DE ARBITRAGEM DO SETOR AUTOM\u00d3VEL que \u00e9 a entidade de RAL competente....\" \/>\n<meta property=\"og:url\" content=\"https:\/\/cardouro.pt\/en\/conflitos-de-consumo\/\" \/>\n<meta property=\"og:site_name\" content=\"Cardouro\" \/>\n<meta property=\"article:publisher\" content=\"https:\/\/www.facebook.com\/cardouro\/\" \/>\n<meta property=\"article:modified_time\" content=\"2021-05-12T22:44:05+00:00\" \/>\n<meta name=\"twitter:card\" content=\"summary_large_image\" \/>\n<meta name=\"twitter:label1\" content=\"Estimated reading time\" \/>\n\t<meta name=\"twitter:data1\" content=\"1 minute\" \/>\n<script type=\"application\/ld+json\" class=\"yoast-schema-graph\">{\"@context\":\"https:\/\/schema.org\",\"@graph\":[{\"@type\":\"Organization\",\"@id\":\"https:\/\/cardouro.pt\/#organization\",\"name\":\"CARDOURO\",\"url\":\"https:\/\/cardouro.pt\/\",\"sameAs\":[\"https:\/\/www.facebook.com\/cardouro\/\",\"https:\/\/www.instagram.com\/cardouroautomoveis\/\",\"https:\/\/www.youtube.com\/channel\/UC1jwa-BW3QxIDzfSMWfufjA\"],\"logo\":{\"@type\":\"ImageObject\",\"@id\":\"https:\/\/cardouro.pt\/#logo\",\"inLanguage\":\"en-GB\",\"url\":\"\",\"contentUrl\":\"\",\"caption\":\"CARDOURO\"},\"image\":{\"@id\":\"https:\/\/cardouro.pt\/#logo\"}},{\"@type\":\"WebSite\",\"@id\":\"https:\/\/cardouro.pt\/#website\",\"url\":\"https:\/\/cardouro.pt\/\",\"name\":\"Cardouro\",\"description\":\"Autom\\u00f3veis Multimarcas de luxo\",\"publisher\":{\"@id\":\"https:\/\/cardouro.pt\/#organization\"},\"potentialAction\":[{\"@type\":\"SearchAction\",\"target\":{\"@type\":\"EntryPoint\",\"urlTemplate\":\"https:\/\/cardouro.pt\/?s={search_term_string}\"},\"query-input\":\"required name=search_term_string\"}],\"inLanguage\":\"en-GB\"},{\"@type\":\"WebPage\",\"@id\":\"https:\/\/cardouro.pt\/conflitos-de-consumo\/#webpage\",\"url\":\"https:\/\/cardouro.pt\/conflitos-de-consumo\/\",\"name\":\"Conflitos de Consumo - Cardouro\",\"isPartOf\":{\"@id\":\"https:\/\/cardouro.pt\/#website\"},\"datePublished\":\"2021-05-07T12:00:15+00:00\",\"dateModified\":\"2021-05-12T22:44:05+00:00\",\"breadcrumb\":{\"@id\":\"https:\/\/cardouro.pt\/conflitos-de-consumo\/#breadcrumb\"},\"inLanguage\":\"en-GB\",\"potentialAction\":[{\"@type\":\"ReadAction\",\"target\":[\"https:\/\/cardouro.pt\/conflitos-de-consumo\/\"]}]},{\"@type\":\"BreadcrumbList\",\"@id\":\"https:\/\/cardouro.pt\/conflitos-de-consumo\/#breadcrumb\",\"itemListElement\":[{\"@type\":\"ListItem\",\"position\":1,\"name\":\"In\\u00edcio\",\"item\":\"https:\/\/cardouro.pt\/\"},{\"@type\":\"ListItem\",\"position\":2,\"name\":\"Conflitos de Consumo\"}]}]}<\/script>\n<!-- \/ Yoast SEO plugin. -->","yoast_head_json":{"title":"Conflitos de Consumo - Cardouro","robots":{"index":"index","follow":"follow","max-snippet":"max-snippet:-1","max-image-preview":"max-image-preview:large","max-video-preview":"max-video-preview:-1"},"canonical":"https:\/\/cardouro.pt\/en\/conflitos-de-consumo\/","og_locale":"en_GB","og_type":"article","og_title":"Conflitos de Consumo - Cardouro","og_description":"Conflitos de Consumo Para efeitos de cumprimento da exig\u00eancia legal resultante da aplica\u00e7\u00e3o da Lei n\u00ba 144\/2015 de 8 de setembro pelas empresas associadas, informamos que no Setor Autom\u00f3vel, a resolu\u00e7\u00e3o extra-judicial de conflitos de consumo, se encontra assegurada pelo CASA \u2013 CENTRO DE ARBITRAGEM DO SETOR AUTOM\u00d3VEL que \u00e9 a entidade de RAL competente....","og_url":"https:\/\/cardouro.pt\/en\/conflitos-de-consumo\/","og_site_name":"Cardouro","article_publisher":"https:\/\/www.facebook.com\/cardouro\/","article_modified_time":"2021-05-12T22:44:05+00:00","twitter_card":"summary_large_image","twitter_misc":{"Estimated reading time":"1 minute"},"schema":{"@context":"https:\/\/schema.org","@graph":[{"@type":"Organization","@id":"https:\/\/cardouro.pt\/#organization","name":"CARDOURO","url":"https:\/\/cardouro.pt\/","sameAs":["https:\/\/www.facebook.com\/cardouro\/","https:\/\/www.instagram.com\/cardouroautomoveis\/","https:\/\/www.youtube.com\/channel\/UC1jwa-BW3QxIDzfSMWfufjA"],"logo":{"@type":"ImageObject","@id":"https:\/\/cardouro.pt\/#logo","inLanguage":"en-GB","url":"","contentUrl":"","caption":"CARDOURO"},"image":{"@id":"https:\/\/cardouro.pt\/#logo"}},{"@type":"WebSite","@id":"https:\/\/cardouro.pt\/#website","url":"https:\/\/cardouro.pt\/","name":"Cardouro","description":"Autom\u00f3veis Multimarcas de luxo","publisher":{"@id":"https:\/\/cardouro.pt\/#organization"},"potentialAction":[{"@type":"SearchAction","target":{"@type":"EntryPoint","urlTemplate":"https:\/\/cardouro.pt\/?s={search_term_string}"},"query-input":"required name=search_term_string"}],"inLanguage":"en-GB"},{"@type":"WebPage","@id":"https:\/\/cardouro.pt\/conflitos-de-consumo\/#webpage","url":"https:\/\/cardouro.pt\/conflitos-de-consumo\/","name":"Conflitos de Consumo - Cardouro","isPartOf":{"@id":"https:\/\/cardouro.pt\/#website"},"datePublished":"2021-05-07T12:00:15+00:00","dateModified":"2021-05-12T22:44:05+00:00","breadcrumb":{"@id":"https:\/\/cardouro.pt\/conflitos-de-consumo\/#breadcrumb"},"inLanguage":"en-GB","potentialAction":[{"@type":"ReadAction","target":["https:\/\/cardouro.pt\/conflitos-de-consumo\/"]}]},{"@type":"BreadcrumbList","@id":"https:\/\/cardouro.pt\/conflitos-de-consumo\/#breadcrumb","itemListElement":[{"@type":"ListItem","position":1,"name":"In\u00edcio","item":"https:\/\/cardouro.pt\/"},{"@type":"ListItem","position":2,"name":"Conflitos de Consumo"}]}]}},"_links":{"self":[{"href":"https:\/\/cardouro.pt\/en\/wp-json\/wp\/v2\/pages\/12038"}],"collection":[{"href":"https:\/\/cardouro.pt\/en\/wp-json\/wp\/v2\/pages"}],"about":[{"href":"https:\/\/cardouro.pt\/en\/wp-json\/wp\/v2\/types\/page"}],"author":[{"embeddable":true,"href":"https:\/\/cardouro.pt\/en\/wp-json\/wp\/v2\/users\/1"}],"replies":[{"embeddable":true,"href":"https:\/\/cardouro.pt\/en\/wp-json\/wp\/v2\/comments?post=12038"}],"version-history":[{"count":15,"href":"https:\/\/cardouro.pt\/en\/wp-json\/wp\/v2\/pages\/12038\/revisions"}],"predecessor-version":[{"id":12211,"href":"https:\/\/cardouro.pt\/en\/wp-json\/wp\/v2\/pages\/12038\/revisions\/12211"}],"wp:attachment":[{"href":"https:\/\/cardouro.pt\/en\/wp-json\/wp\/v2\/media?parent=12038"}],"curies":[{"name":"wp","href":"https:\/\/api.w.org\/{rel}","templated":true}]}}